{"id":46094,"date":"2023-09-15T15:56:12","date_gmt":"2023-09-15T13:56:12","guid":{"rendered":"http:\/\/www.libraria-occitana.org\/?post_type=product&#038;p=46094"},"modified":"2026-04-29T10:51:44","modified_gmt":"2026-04-29T08:51:44","slug":"les-troubadours-les-chansons-et-leur-musique-xiie-xiiie-siecle","status":"publish","type":"product","link":"https:\/\/www.libraria-occitana.org\/oc\/produch\/les-troubadours-les-chansons-et-leur-musique-xiie-xiiie-siecle\/","title":{"rendered":"Les troubadours, les chansons et leur musique (XIIe-XIIIe si\u00e8cle)"},"content":{"rendered":"<p><em>Seconde \u00e9dition revue et corrig\u00e9e<\/em><\/p>\n<p>Ce livre est une somme sur ce que l\u2019on peut savoir aujourd\u2019hui de la pratique des premiers chanteurs : les troubadours occitans, qui s\u2019illustr\u00e8rent dans les cours du midi de la France aux XIIe et XIIIe si\u00e8cles.<\/p>\n<p>C\u2019est aussi un livre majeur parce que les ouvrages fondamentaux sur le sujet sont anciens et que les monographies, en petit nombre, actuellement disponibles se bornent \u00e0 envisager les chants de troubadours sur un plan litt\u00e9raire et non comme des \u0153uvres indissociables de la musique qui les accompagne.<\/p>\n<p>L\u2019auteur retrace tout d\u2019abord la vie de ces po\u00e8tes musiciens, dont les plus r\u00e9put\u00e9s furent Bernart de Ventadorn, Guiraut de Bornelh, Arnaut Daniel, Peire Vidal ou Guiraut Riquier. Il examine la th\u00e9matique des po\u00e8mes, la <em>fin\u2019amor<\/em>, c\u00e9l\u00e9bration de l\u2019amour pour la dame id\u00e9alis\u00e9e. Puis il analyse plus en d\u00e9tail leurs chansons, qui t\u00e9moignent de la virtuosit\u00e9 dont ils firent preuve dans l\u2019invention d\u2019une parole profane et d\u2019une musique au charme \u00e9trange, adapt\u00e9e du chant religieux.<\/p>\n<p>Il donne enfin des indices sur la mani\u00e8re dont les troubadours chantaient leurs compositions. De fait, leur activit\u00e9, tout comme celle des jongleurs, les interpr\u00e8tes, ne se comprend qu\u2019\u00e0 partir de la libert\u00e9 du geste vocal in\u00e9vitablement fig\u00e9e par la plume des copistes dans les manuscrits. Une passionnante exploration des origines de notre chanson et de notre po\u00e9sie.<\/p>\n","protected":false},"excerpt":{"rendered":"<p>Seconde \u00e9dition revue et corrig\u00e9e Ce livre est une somme sur ce que l\u2019on peut savoir aujourd\u2019hui de la pratique des premiers chanteurs : les troubadours occitans, qui s\u2019illustr\u00e8rent dans les cours du midi de la France aux XIIe et XIIIe si\u00e8cles. C\u2019est aussi un livre majeur parce que les ouvrages fondamentaux sur le sujet [&hellip;]<\/p>\n","protected":false},"featured_media":60546,"template":"","meta":{"_acf_changed":false,"_genesis_hide_title":false,"_genesis_hide_breadcrumbs":false,"_genesis_hide_singular_image":false,"_genesis_hide_footer_widgets":false,"_genesis_custom_body_class":"","_genesis_custom_post_class":"","_genesis_layout":""},"product_brand":[],"product_cat":[7189,7133,7175],"product_tag":[],"class_list":{"0":"post-46094","1":"product","2":"type-product","3":"status-publish","4":"has-post-thumbnail","6":"product_cat-estudis-literaris-oc","7":"product_cat-libres-oc","8":"product_cat-literatura-oc","9":"pa_auteur-le-vot-gerard-oc","10":"pa_editeur-minerve-oc","11":"pa_langue-francais-oc","12":"entry","14":"first","15":"instock","16":"shipping-taxable","17":"purchasable","18":"product-type-simple"},"acf":[],"_links":{"self":[{"href":"https:\/\/www.libraria-occitana.org\/oc\/wp-json\/wp\/v2\/product\/46094","targetHints":{"allow":["GET"]}}],"collection":[{"href":"https:\/\/www.libraria-occitana.org\/oc\/wp-json\/wp\/v2\/product"}],"about":[{"href":"https:\/\/www.libraria-occitana.org\/oc\/wp-json\/wp\/v2\/types\/product"}],"wp:featuredmedia":[{"embeddable":true,"href":"https:\/\/www.libraria-occitana.org\/oc\/wp-json\/wp\/v2\/media\/60546"}],"wp:attachment":[{"href":"https:\/\/www.libraria-occitana.org\/oc\/wp-json\/wp\/v2\/media?parent=46094"}],"wp:term":[{"taxonomy":"product_brand","embeddable":true,"href":"https:\/\/www.libraria-occitana.org\/oc\/wp-json\/wp\/v2\/product_brand?post=46094"},{"taxonomy":"product_cat","embeddable":true,"href":"https:\/\/www.libraria-occitana.org\/oc\/wp-json\/wp\/v2\/product_cat?post=46094"},{"taxonomy":"product_tag","embeddable":true,"href":"https:\/\/www.libraria-occitana.org\/oc\/wp-json\/wp\/v2\/product_tag?post=46094"}],"curies":[{"name":"wp","href":"https:\/\/api.w.org\/{rel}","templated":true}]}}