{"id":46107,"date":"2017-04-15T17:38:00","date_gmt":"2017-04-15T15:38:00","guid":{"rendered":"http:\/\/www.libraria-occitana.org\/?post_type=product&#038;p=46107"},"modified":"2026-04-16T21:36:30","modified_gmt":"2026-04-16T19:36:30","slug":"le-rococo-doc-une-anthologie-poetique-1690-1789","status":"publish","type":"product","link":"https:\/\/www.libraria-occitana.org\/oc\/produch\/le-rococo-doc-une-anthologie-poetique-1690-1789\/","title":{"rendered":"Le Rococo d&#8217;Oc : Une anthologie po\u00e9tique (1690-1789)"},"content":{"rendered":"<p>Au XVIIIe si\u00e8cle, la po\u00e9sie en langue occitane fait partie de la vie quotidienne. Elle est pratiqu\u00e9e dans les milieux populaires, \u00e0 l\u2019occasion de festivit\u00e9s, mais aussi au sein de l\u2019\u00e9lite cultiv\u00e9e, dans des milieux pourtant acquis \u00e0 la ma\u00eetrise du fran\u00e7ais. Cette anthologie, la premi\u00e8re du genre pour cette \u00e9poque encore mal connue de l\u2019histoire litt\u00e9raire occitane, regroupe 80 textes, po\u00e8mes ou extraits de po\u00e8mes, traduits, pr\u00e9sent\u00e9s et annot\u00e9s. Elle permet de mesurer la vitalit\u00e9 et la diversit\u00e9 d\u2019une cr\u00e9ation po\u00e9tique qui s\u2019inscrit dans le vaste courant du rococo europ\u00e9en. Un esprit l\u00e9ger, un humour subtil, le m\u00e9lange des genres, une gr\u00e2ce ind\u00e9finissable caract\u00e9risent une \u00e9criture qui en m\u00eame temps, en posant un regard nouveau sur la r\u00e9alit\u00e9 des travaux et des jours et en accueillant des formes emprunt\u00e9es \u00e0 l\u2019oralit\u00e9 ambiante, fait preuve d\u2019une profonde originalit\u00e9.<\/p>\n<p><a href=\"http:\/\/www.libraria-occitana.org\/wp-content\/uploads\/2017\/04\/table_des_matieres-lang72.pdf\"><strong>Taula<\/strong><\/a><\/p>\n","protected":false},"excerpt":{"rendered":"<p>Au XVIIIe si\u00e8cle, la po\u00e9sie en langue occitane fait partie de la vie quotidienne. Elle est pratiqu\u00e9e dans les milieux populaires, \u00e0 l\u2019occasion de festivit\u00e9s, mais aussi au sein de l\u2019\u00e9lite cultiv\u00e9e, dans des milieux pourtant acquis \u00e0 la ma\u00eetrise du fran\u00e7ais. Cette anthologie, la premi\u00e8re du genre pour cette \u00e9poque encore mal connue de [&hellip;]<\/p>\n","protected":false},"featured_media":46110,"template":"","meta":{"_acf_changed":false,"_genesis_hide_title":false,"_genesis_hide_breadcrumbs":false,"_genesis_hide_singular_image":false,"_genesis_hide_footer_widgets":false,"_genesis_custom_body_class":"","_genesis_custom_post_class":"","_genesis_layout":""},"product_brand":[],"product_cat":[7189,7133,7175,7181],"product_tag":[],"class_list":{"0":"post-46107","1":"product","2":"type-product","3":"status-publish","4":"has-post-thumbnail","6":"product_cat-estudis-literaris-oc","7":"product_cat-libres-oc","8":"product_cat-literatura-oc","9":"product_cat-poesia-oc","10":"pa_auteur-courouau-jean-francois-oc","11":"pa_editeur-pu-du-midi-oc","12":"pa_langue-occitan-gascon-oc","13":"pa_langue-occitan-lengadocian-oc","14":"pa_langue-occitan-provencau-oc","15":"pa_langue-occitan-francais-oc","16":"entry","18":"first","19":"instock","20":"shipping-taxable","21":"purchasable","22":"product-type-simple"},"acf":[],"_links":{"self":[{"href":"https:\/\/www.libraria-occitana.org\/oc\/wp-json\/wp\/v2\/product\/46107","targetHints":{"allow":["GET"]}}],"collection":[{"href":"https:\/\/www.libraria-occitana.org\/oc\/wp-json\/wp\/v2\/product"}],"about":[{"href":"https:\/\/www.libraria-occitana.org\/oc\/wp-json\/wp\/v2\/types\/product"}],"wp:featuredmedia":[{"embeddable":true,"href":"https:\/\/www.libraria-occitana.org\/oc\/wp-json\/wp\/v2\/media\/46110"}],"wp:attachment":[{"href":"https:\/\/www.libraria-occitana.org\/oc\/wp-json\/wp\/v2\/media?parent=46107"}],"wp:term":[{"taxonomy":"product_brand","embeddable":true,"href":"https:\/\/www.libraria-occitana.org\/oc\/wp-json\/wp\/v2\/product_brand?post=46107"},{"taxonomy":"product_cat","embeddable":true,"href":"https:\/\/www.libraria-occitana.org\/oc\/wp-json\/wp\/v2\/product_cat?post=46107"},{"taxonomy":"product_tag","embeddable":true,"href":"https:\/\/www.libraria-occitana.org\/oc\/wp-json\/wp\/v2\/product_tag?post=46107"}],"curies":[{"name":"wp","href":"https:\/\/api.w.org\/{rel}","templated":true}]}}