{"id":46123,"date":"2015-09-15T18:19:40","date_gmt":"2015-09-15T16:19:40","guid":{"rendered":"http:\/\/www.libraria-occitana.org\/?post_type=product&#038;p=46123"},"modified":"2026-04-16T21:36:39","modified_gmt":"2026-04-16T19:36:39","slug":"les-troubadours-dans-le-texte-occitan-du-xxe-siecle","status":"publish","type":"product","link":"https:\/\/www.libraria-occitana.org\/oc\/produch\/les-troubadours-dans-le-texte-occitan-du-xxe-siecle\/","title":{"rendered":"Les Troubadours dans le texte occitan du XXe si\u00e8cle"},"content":{"rendered":"<p>Cet ouvrage analyse la r\u00e9ception des troubadours dans la litt\u00e9rature occitane contemporaine, entre fascination pour un \u00e2ge d&#8217;or o\u00f9 cette litt\u00e9rature \u2013 ainsi que la langue qui la portait \u2013 se constitua en mod\u00e8le europ\u00e9en, imitation des formes et des motifs et distance critique.<\/p>\n<p><strong>Somari :<\/strong><\/p>\n<ul>\n<li>Martel Philippe : <em>Tornada<\/em><\/li>\n<li>Ginestet Jo\u00eblle : <em>\u00ab Canson \u00bb<\/em>, <em>\u00ab planh \u00bb<\/em>, <em>\u00ab sirvent\u00e8s venjador \u00bb<\/em> dans <em>La Canson Occitana<\/em> (1908) de Prosper Estieu<\/li>\n<li>Capelli Roberta : La voix des troubadours dans l\u2019\u0153uvre de Paul-Louis Grenier<\/li>\n<li>Courouau Jean-Fran\u00e7ois : La ballade \u00ab A l\u2019entrada del temps clar \u00bb. Denis Saurat et les troubadours<\/li>\n<li>Gardy Philippe : Sully-Andr\u00e9 Peyre et la \u00ab querelle des troubadours \u00bb (1930-1960)<\/li>\n<li>Balaguer Claudi : Clardeluna e lo mond trobadoresc<\/li>\n<li>Dazas Gilles : Les influences du trobar dans l\u2019\u0153uvre po\u00e9tique de Jean Mouzat<\/li>\n<li>Bonnet Marie Rose : La lumi\u00e8re, au c\u0153ur du trobar et de la po\u00e9sie de Ren\u00e9 Nelli<\/li>\n<li>Ravier Xavier : Les sonnets \u00ab pseudo-archa\u00efsants \u00bb de Ren\u00e9 Nelli<\/li>\n<li>Bard\u00f2u Franc : Los trobadors dins l\u2019\u00f2bra liter\u00e0ria occitana de Renat Nelli (1906-1982)<\/li>\n<li>Verny Marie-Jeanne : Max Rouquette et le <em>trobar<\/em><\/li>\n<li>Gardy Philippe : L\u00e9on Cordes, ou le \u00ab mythe de Minerve \u00bb<\/li>\n<li>Oliveira \u00c9lodie de : <em>\u00ab De l\u2019amor cort\u00e9s a l\u2019amor per t\u00e8rra \u00bb<\/em>. Les troubadours et leur r\u00e9ception \u00e0 l\u2019\u00e9poque contemporaine dans l\u2019\u00e9criture amoureuse de Jean Boudou<\/li>\n<li>Bernard Katy : Les grands troubadours du <em>Libre dels grands jorns<\/em> de Joan Bodon. Pour mourir en chantant<\/li>\n<li>For\u00eat Jean-Claude : Pierre Bec. Un Moyen \u00c2ge de formes<\/li>\n<li>For\u00eat Jean-Claude : Robert Lafont, le m\u00e9dieviste et son d\u00e9sir<\/li>\n<li>Ca\u00efti-Russo Gilda : Le <em>trobar<\/em> dans l\u2019<em>amirador<\/em> de la <em>gacha<\/em><\/li>\n<li>For\u00eat Jean-Claude : Serge Bec. Un jeu existentiel<\/li>\n<li>Bach Xavier : Senhal. Pres\u00e9ncia e abs\u00e9ncia dels trobadors dins l\u2019\u00f2bra de Michel Miniussi<\/li>\n<li>Fa\u00efsse Evelyne : Pr\u00e9sence des troubadours dans la nouvelle occitane contemporaine<\/li>\n<li>Chabaud Sylvan : <em>Lo trobar reven<\/em> (le <em>trobar<\/em> revient). Massilia Sound System et les Troubadours<\/li>\n<li>Chronologie<\/li>\n<li>Bibliographie<\/li>\n<li>Index<\/li>\n<li>R\u00e9sum\u00e9s\/Abstracts<\/li>\n<\/ul>\n","protected":false},"excerpt":{"rendered":"<p>Cet ouvrage analyse la r\u00e9ception des troubadours dans la litt\u00e9rature occitane contemporaine, entre fascination pour un \u00e2ge d&#8217;or o\u00f9 cette litt\u00e9rature \u2013 ainsi que la langue qui la portait \u2013 se constitua en mod\u00e8le europ\u00e9en, imitation des formes et des motifs et distance critique. Somari : Martel Philippe : Tornada Ginestet Jo\u00eblle : \u00ab Canson [&hellip;]<\/p>\n","protected":false},"featured_media":46113,"template":"","meta":{"_acf_changed":false,"_genesis_hide_title":false,"_genesis_hide_breadcrumbs":false,"_genesis_hide_singular_image":false,"_genesis_hide_footer_widgets":false,"_genesis_custom_body_class":"","_genesis_custom_post_class":"","_genesis_layout":""},"product_brand":[],"product_cat":[7189,7133,7175],"product_tag":[],"class_list":{"0":"post-46123","1":"product","2":"type-product","3":"status-publish","4":"has-post-thumbnail","6":"product_cat-estudis-literaris-oc","7":"product_cat-libres-oc","8":"product_cat-literatura-oc","9":"pa_auteur-collectiu-oc-2","10":"pa_editeur-classiques-garnier-en-oc","11":"pa_illustrateur-verny-marie-jeanne-oc","12":"pa_langue-francais-oc","13":"entry","15":"first","16":"instock","17":"shipping-taxable","18":"purchasable","19":"product-type-simple"},"acf":[],"_links":{"self":[{"href":"https:\/\/www.libraria-occitana.org\/oc\/wp-json\/wp\/v2\/product\/46123","targetHints":{"allow":["GET"]}}],"collection":[{"href":"https:\/\/www.libraria-occitana.org\/oc\/wp-json\/wp\/v2\/product"}],"about":[{"href":"https:\/\/www.libraria-occitana.org\/oc\/wp-json\/wp\/v2\/types\/product"}],"wp:featuredmedia":[{"embeddable":true,"href":"https:\/\/www.libraria-occitana.org\/oc\/wp-json\/wp\/v2\/media\/46113"}],"wp:attachment":[{"href":"https:\/\/www.libraria-occitana.org\/oc\/wp-json\/wp\/v2\/media?parent=46123"}],"wp:term":[{"taxonomy":"product_brand","embeddable":true,"href":"https:\/\/www.libraria-occitana.org\/oc\/wp-json\/wp\/v2\/product_brand?post=46123"},{"taxonomy":"product_cat","embeddable":true,"href":"https:\/\/www.libraria-occitana.org\/oc\/wp-json\/wp\/v2\/product_cat?post=46123"},{"taxonomy":"product_tag","embeddable":true,"href":"https:\/\/www.libraria-occitana.org\/oc\/wp-json\/wp\/v2\/product_tag?post=46123"}],"curies":[{"name":"wp","href":"https:\/\/api.w.org\/{rel}","templated":true}]}}