{"id":46130,"date":"2006-02-15T19:02:07","date_gmt":"2006-02-15T18:02:07","guid":{"rendered":"http:\/\/www.libraria-occitana.org\/?post_type=product&#038;p=46130"},"modified":"2026-04-29T10:07:03","modified_gmt":"2026-04-29T08:07:03","slug":"lepopee-cathare-1-linvasion-1198-1212","status":"publish","type":"product","link":"https:\/\/www.libraria-occitana.org\/oc\/produch\/lepopee-cathare-1-linvasion-1198-1212\/","title":{"rendered":"L&#8217;\u00e9pop\u00e9e cathare : 1. L&#8217;invasion 1198-1212"},"content":{"rendered":"<p>Le premier des cinq volumes en poche de <em>L&#8217;\u00e9pop\u00e9e cathare<\/em>, l&#8217;ouvrage de r\u00e9f\u00e9rence sur le sujet par le sp\u00e9cialiste incontest\u00e9.<\/p>\n<p>Il y a pr\u00e8s de huit si\u00e8cles, \u00e0 l&#8217;instigation du pape Innocent III, le fer et le feu s&#8217;abattaient sur les terres qui allaient constituer plus tard la province du Languedoc. Ce premier volume raconte le pr\u00e9texte de cette guerre sans merci connue sous le nom de croisade albigeoise et men\u00e9e par une chevalerie recrut\u00e9e dans le nord de la France : l&#8217;\u00e9radication du catharisme, une h\u00e9r\u00e9sie solidement implant\u00e9e en pays occitan, qui enseignait que le monde visible n&#8217;est pas l&#8217;\u0153uvre du Dieu de bont\u00e9, mais celle d&#8217;un cr\u00e9ateur mauvais.<\/p>\n<p><em>L&#8217;invasion<\/em> a obtenu le Grand Prix d&#8217;Histoire (prix Gobert) de l&#8217;Acad\u00e9mie fran\u00e7aise, 1970.<\/p>\n<p><a href=\"http:\/\/www.libraria-occitana.org\/produit\/lepopee-cathare-2-muret-ou-la-depossession-1213-1216\/\"><em>L\u2019\u00e9pop\u00e9e cathare : 2. Muret ou la d\u00e9possession 1213-1216<\/em><\/a><br \/>\n<a href=\"http:\/\/www.libraria-occitana.org\/produit\/lepopee-cathare-3-le-lys-et-la-croix-1216-1229\/\"><em>L\u2019\u00e9pop\u00e9e cathare : 3. Le lys et la croix 1216-1229<\/em><\/a><br \/>\n<a href=\"http:\/\/www.libraria-occitana.org\/produit\/lepopee-cathare-4-mourir-a-montsegur-1230-1244\/\"><em>L\u2019\u00e9pop\u00e9e cathare : 4. Mourir \u00e0 Monts\u00e9gur 1230-1244<\/em><\/a><br \/>\n<a href=\"http:\/\/www.libraria-occitana.org\/produit\/lepopee-cathare-5-la-fin-des-amis-de-dieu-1244-1321\/\"><em>L\u2019\u00e9pop\u00e9e cathare : 5. La fin des Amis de Dieu 1244-1321 <\/em><\/a><\/p>\n","protected":false},"excerpt":{"rendered":"<p>Le premier des cinq volumes en poche de L&#8217;\u00e9pop\u00e9e cathare, l&#8217;ouvrage de r\u00e9f\u00e9rence sur le sujet par le sp\u00e9cialiste incontest\u00e9. Il y a pr\u00e8s de huit si\u00e8cles, \u00e0 l&#8217;instigation du pape Innocent III, le fer et le feu s&#8217;abattaient sur les terres qui allaient constituer plus tard la province du Languedoc. Ce premier volume raconte [&hellip;]<\/p>\n","protected":false},"featured_media":46133,"template":"","meta":{"_acf_changed":false,"_genesis_hide_title":false,"_genesis_hide_breadcrumbs":false,"_genesis_hide_singular_image":false,"_genesis_hide_footer_widgets":false,"_genesis_custom_body_class":"","_genesis_custom_post_class":"","_genesis_layout":""},"product_brand":[],"product_cat":[7161,7149,7133],"product_tag":[],"class_list":{"0":"post-46130","1":"product","2":"type-product","3":"status-publish","4":"has-post-thumbnail","6":"product_cat-istoria-medievala-oc","7":"product_cat-istoria-geografia-oc","8":"product_cat-libres-oc","9":"pa_auteur-roquebert-michel-oc","10":"pa_editeur-perrin-oc","11":"pa_langue-francais-oc","12":"entry","14":"first","15":"outofstock","16":"shipping-taxable","17":"purchasable","18":"product-type-simple"},"acf":[],"_links":{"self":[{"href":"https:\/\/www.libraria-occitana.org\/oc\/wp-json\/wp\/v2\/product\/46130","targetHints":{"allow":["GET"]}}],"collection":[{"href":"https:\/\/www.libraria-occitana.org\/oc\/wp-json\/wp\/v2\/product"}],"about":[{"href":"https:\/\/www.libraria-occitana.org\/oc\/wp-json\/wp\/v2\/types\/product"}],"wp:featuredmedia":[{"embeddable":true,"href":"https:\/\/www.libraria-occitana.org\/oc\/wp-json\/wp\/v2\/media\/46133"}],"wp:attachment":[{"href":"https:\/\/www.libraria-occitana.org\/oc\/wp-json\/wp\/v2\/media?parent=46130"}],"wp:term":[{"taxonomy":"product_brand","embeddable":true,"href":"https:\/\/www.libraria-occitana.org\/oc\/wp-json\/wp\/v2\/product_brand?post=46130"},{"taxonomy":"product_cat","embeddable":true,"href":"https:\/\/www.libraria-occitana.org\/oc\/wp-json\/wp\/v2\/product_cat?post=46130"},{"taxonomy":"product_tag","embeddable":true,"href":"https:\/\/www.libraria-occitana.org\/oc\/wp-json\/wp\/v2\/product_tag?post=46130"}],"curies":[{"name":"wp","href":"https:\/\/api.w.org\/{rel}","templated":true}]}}