{"id":46466,"date":"2019-10-31T18:54:51","date_gmt":"2019-10-31T17:54:51","guid":{"rendered":"http:\/\/www.libraria-occitana.org\/?post_type=product&#038;p=46466"},"modified":"2026-04-25T07:46:11","modified_gmt":"2026-04-25T05:46:11","slug":"hier-au-pays-des-feuillardiers-granit-et-porcelaines","status":"publish","type":"product","link":"https:\/\/www.libraria-occitana.org\/oc\/produch\/hier-au-pays-des-feuillardiers-granit-et-porcelaines\/","title":{"rendered":"Hier, au Pays des Feuillardiers&#8230; Granit et porcelaines&#8230;"},"content":{"rendered":"<p>Ce dernier ouvrage nous entra\u00eene dans les cimeti\u00e8res du pays, lieux d&#8217;art o\u00f9 tailleurs de pierre, ferronniers, porcelainiers, ma\u00eetres de forges&#8230; ont laiss\u00e9 de nombreux t\u00e9moignages de leur savoir-faire&#8230;<br \/>\nLieux d&#8217;histoire avec la remarquable m\u00e9moire de porcelaine dont ils sont gardiens, on y retrouvera celle des hommes \u00e0 qui nous devons cette identit\u00e9 de pays, qui l&#8217;ont fa\u00e7onn\u00e9, marqu\u00e9 de leur empreinte et m\u00eame d\u00e9fendu&#8230;<br \/>\nDes tombes m\u00e9di\u00e9vales, rappel de l&#8217;existence de lointains anc\u00eatres, t\u00e9moignent quant \u00e0 elles de coutumes et privil\u00e8ges depuis longtemps r\u00e9volus&#8230;<br \/>\nTout un patrimoine \u00e9mouvant mais fragile, \u00e0 l&#8217;int\u00e9r\u00eat certain, que Jacqueline Lapouge vous invite \u00e0 d\u00e9couvrir dans ces pages&#8230;<\/p>\n","protected":false},"excerpt":{"rendered":"<p>Ce dernier ouvrage nous entra\u00eene dans les cimeti\u00e8res du pays, lieux d&#8217;art o\u00f9 tailleurs de pierre, ferronniers, porcelainiers, ma\u00eetres de forges&#8230; ont laiss\u00e9 de nombreux t\u00e9moignages de leur savoir-faire&#8230; Lieux d&#8217;histoire avec la remarquable m\u00e9moire de porcelaine dont ils sont gardiens, on y retrouvera celle des hommes \u00e0 qui nous devons cette identit\u00e9 de pays, [&hellip;]<\/p>\n","protected":false},"featured_media":46469,"template":"","meta":{"_acf_changed":false,"_genesis_hide_title":false,"_genesis_hide_breadcrumbs":false,"_genesis_hide_singular_image":false,"_genesis_hide_footer_widgets":false,"_genesis_custom_body_class":"","_genesis_custom_post_class":"","_genesis_layout":""},"product_brand":[],"product_cat":[7133,7215,7207],"product_tag":[],"class_list":{"0":"post-46466","1":"product","2":"type-product","3":"status-publish","4":"has-post-thumbnail","6":"product_cat-libres-oc","7":"product_cat-patrimoni-bastit-oc","8":"product_cat-tradicions-patrimoni-oc","9":"pa_auteur-lapouge-jacqueline-oc","10":"pa_editeur-jacqueline-lapouge-oc","11":"pa_langue-francais-oc","12":"entry","14":"first","15":"instock","16":"shipping-taxable","17":"purchasable","18":"product-type-simple"},"acf":[],"_links":{"self":[{"href":"https:\/\/www.libraria-occitana.org\/oc\/wp-json\/wp\/v2\/product\/46466","targetHints":{"allow":["GET"]}}],"collection":[{"href":"https:\/\/www.libraria-occitana.org\/oc\/wp-json\/wp\/v2\/product"}],"about":[{"href":"https:\/\/www.libraria-occitana.org\/oc\/wp-json\/wp\/v2\/types\/product"}],"wp:featuredmedia":[{"embeddable":true,"href":"https:\/\/www.libraria-occitana.org\/oc\/wp-json\/wp\/v2\/media\/46469"}],"wp:attachment":[{"href":"https:\/\/www.libraria-occitana.org\/oc\/wp-json\/wp\/v2\/media?parent=46466"}],"wp:term":[{"taxonomy":"product_brand","embeddable":true,"href":"https:\/\/www.libraria-occitana.org\/oc\/wp-json\/wp\/v2\/product_brand?post=46466"},{"taxonomy":"product_cat","embeddable":true,"href":"https:\/\/www.libraria-occitana.org\/oc\/wp-json\/wp\/v2\/product_cat?post=46466"},{"taxonomy":"product_tag","embeddable":true,"href":"https:\/\/www.libraria-occitana.org\/oc\/wp-json\/wp\/v2\/product_tag?post=46466"}],"curies":[{"name":"wp","href":"https:\/\/api.w.org\/{rel}","templated":true}]}}