{"id":46758,"date":"2019-10-12T16:25:49","date_gmt":"2019-10-12T14:25:49","guid":{"rendered":"http:\/\/www.libraria-occitana.org\/?post_type=product&#038;p=46758"},"modified":"2026-04-29T06:06:56","modified_gmt":"2026-04-29T04:06:56","slug":"capi-insoumis-correze-californie-et-retour","status":"publish","type":"product","link":"https:\/\/www.libraria-occitana.org\/oc\/produch\/capi-insoumis-correze-californie-et-retour\/","title":{"rendered":"Capi, insoumis : Corr\u00e8ze, Californie, et retour"},"content":{"rendered":"<p>Quand on na\u00eet enfant de paysans tr\u00e8s pauvres \u00e0 Chamberet, dans la Corr\u00e8ze de la fin du XIXe si\u00e8cle et qu\u2019on se trouve orphelin de p\u00e8re \u00e0 l\u2019\u00e2ge de huit ans, rien ne laisse augurer d\u2019une vie bien tr\u00e9pidante. Sauf si on a affaire \u00e0 quelqu\u2019un surnomm\u00e9 tr\u00e8s t\u00f4t Capi par ses proches, soit \u00ab\u2009un gars \u00e0 qui on ne la fait pas\u2009\u00bb. S\u2019ensuit une vie ardente entre Chamberet o\u00f9 il acclimate en 1903 la \u00ab\u2009propagande par le fait\u2009\u00bb, Limoges, Paris et ailleurs. Arrive 1914 et la mobilisation g\u00e9n\u00e9rale, le petit libertaire (1,53 m\u00e8tre sous la toise, selon l\u2019Arm\u00e9e) tire sa r\u00e9v\u00e9rence et il est officiellement d\u00e9clar\u00e9 insoumis. Commence alors pour lui une aventure au long cours scand\u00e9e par des noms tels que Barcelone, New York, la Nouvelle-Orl\u00e9ans, la Sierra Nevada, San Francisco, Cuba. \u00c0 53 ans, atteint par la prescription, il est relev\u00e9 de l\u2019insoumission et fait alors retour l\u00e0 o\u00f9 il est n\u00e9. Jusqu\u2019\u00e0 sa mort l\u2019indomptable r\u00e9volt\u00e9 animera tout \u00e0 fait gracieusement la vie de la commune, et participera \u00e0 la R\u00e9sistance, ne se s\u00e9parant jamais de son \u00ab\u2009rigolo\u2009\u00bb. La vie courageuse de Jean Chazelas, jardinier de son \u00e9tat, m\u00e9ritait d\u2019\u00eatre sauv\u00e9e de l\u2019oubli.<\/p>\n","protected":false},"excerpt":{"rendered":"<p>Quand on na\u00eet enfant de paysans tr\u00e8s pauvres \u00e0 Chamberet, dans la Corr\u00e8ze de la fin du XIXe si\u00e8cle et qu\u2019on se trouve orphelin de p\u00e8re \u00e0 l\u2019\u00e2ge de huit ans, rien ne laisse augurer d\u2019une vie bien tr\u00e9pidante. Sauf si on a affaire \u00e0 quelqu\u2019un surnomm\u00e9 tr\u00e8s t\u00f4t Capi par ses proches, soit \u00ab\u2009un [&hellip;]<\/p>\n","protected":false},"featured_media":46740,"template":"","meta":{"_acf_changed":false,"_genesis_hide_title":false,"_genesis_hide_breadcrumbs":false,"_genesis_hide_singular_image":false,"_genesis_hide_footer_widgets":false,"_genesis_custom_body_class":"","_genesis_custom_post_class":"","_genesis_layout":""},"product_brand":[],"product_cat":[7159,7149,7133],"product_tag":[],"class_list":{"0":"post-46758","1":"product","2":"type-product","3":"status-publish","4":"has-post-thumbnail","6":"product_cat-istoria-moderna-e-contemporala-oc","7":"product_cat-istoria-geografia-oc","8":"product_cat-libres-oc","9":"pa_auteur-monediaire-gerard-oc","10":"pa_editeur-plein-chant-oc","11":"pa_langue-francais-oc","12":"entry","14":"first","15":"instock","16":"shipping-taxable","17":"purchasable","18":"product-type-simple"},"acf":[],"_links":{"self":[{"href":"https:\/\/www.libraria-occitana.org\/oc\/wp-json\/wp\/v2\/product\/46758","targetHints":{"allow":["GET"]}}],"collection":[{"href":"https:\/\/www.libraria-occitana.org\/oc\/wp-json\/wp\/v2\/product"}],"about":[{"href":"https:\/\/www.libraria-occitana.org\/oc\/wp-json\/wp\/v2\/types\/product"}],"wp:featuredmedia":[{"embeddable":true,"href":"https:\/\/www.libraria-occitana.org\/oc\/wp-json\/wp\/v2\/media\/46740"}],"wp:attachment":[{"href":"https:\/\/www.libraria-occitana.org\/oc\/wp-json\/wp\/v2\/media?parent=46758"}],"wp:term":[{"taxonomy":"product_brand","embeddable":true,"href":"https:\/\/www.libraria-occitana.org\/oc\/wp-json\/wp\/v2\/product_brand?post=46758"},{"taxonomy":"product_cat","embeddable":true,"href":"https:\/\/www.libraria-occitana.org\/oc\/wp-json\/wp\/v2\/product_cat?post=46758"},{"taxonomy":"product_tag","embeddable":true,"href":"https:\/\/www.libraria-occitana.org\/oc\/wp-json\/wp\/v2\/product_tag?post=46758"}],"curies":[{"name":"wp","href":"https:\/\/api.w.org\/{rel}","templated":true}]}}