{"id":46762,"date":"2019-10-13T13:44:48","date_gmt":"2019-10-13T11:44:48","guid":{"rendered":"http:\/\/www.libraria-occitana.org\/product\/union-ouvriere\/"},"modified":"2026-04-18T06:11:15","modified_gmt":"2026-04-18T04:11:15","slug":"union-ouvriere","status":"publish","type":"product","link":"https:\/\/www.libraria-occitana.org\/oc\/produch\/union-ouvriere\/","title":{"rendered":"Union ouvri\u00e8re"},"content":{"rendered":"<p>Flora Tristan (1803-1844) a men\u00e9 dans sa courte vie bien des combats pour les droits sociaux les plus \u00e9l\u00e9mentaires\u2009: l\u2019\u00e9mancipation de la femme et son \u00e9galit\u00e9 de droits avec l\u2019homme, le r\u00e9tablissement du divorce, l\u2019abolition de la peine de mort, le droit au travail, et surtout, aboutissement de son cheminement intellectuel, la solidarit\u00e9 ouvri\u00e8re par l\u2019\u00e9tablissement d\u2019une union universelle des travailleurs dont ce livre est le manifeste et le point de d\u00e9part. C\u2019est en voulant l\u2019enrichir par une enqu\u00eate de terrain et rassembler dans le m\u00eame temps des propagandistes et des soutiens qu\u2019elle entreprit un tour de France qui devait rester inachev\u00e9 et qui l\u2019a conduite au tombeau. Les th\u00e9ories politiques ou sociales n\u2019encombrent pas son \u0153uvre ; elle ne s\u2019appuie que sur des faits et sur des observations et si elle a lu et fr\u00e9quent\u00e9 bon nombre de socialistes et d\u2019utopistes de son temps, ce fut le plus souvent pour leur emprunter ce qui lui semblait le meilleur pour son projet. Elle imaginait alors globalement ce que seront longtemps apr\u00e8s elle les bourses du travail, les maisons du peuple, les cr\u00e8ches, les maisons de retraite, la s\u00e9curit\u00e9 sociale. Une femme pleinement lucide s\u2019exprime ici dans un imaginaire visionnaire riche de tous les possibles.<\/p>\n","protected":false},"excerpt":{"rendered":"<p>Flora Tristan (1803-1844) a men\u00e9 dans sa courte vie bien des combats pour les droits sociaux les plus \u00e9l\u00e9mentaires\u2009: l\u2019\u00e9mancipation de la femme et son \u00e9galit\u00e9 de droits avec l\u2019homme, le r\u00e9tablissement du divorce, l\u2019abolition de la peine de mort, le droit au travail, et surtout, aboutissement de son cheminement intellectuel, la solidarit\u00e9 ouvri\u00e8re par [&hellip;]<\/p>\n","protected":false},"featured_media":46746,"template":"","meta":{"_acf_changed":false,"_genesis_hide_title":false,"_genesis_hide_breadcrumbs":false,"_genesis_hide_singular_image":false,"_genesis_hide_footer_widgets":false,"_genesis_custom_body_class":"","_genesis_custom_post_class":"","_genesis_layout":""},"product_brand":[],"product_cat":[7159,7149,7133],"product_tag":[],"class_list":{"0":"post-46762","1":"product","2":"type-product","3":"status-publish","4":"has-post-thumbnail","6":"product_cat-istoria-moderna-e-contemporala-oc","7":"product_cat-istoria-geografia-oc","8":"product_cat-libres-oc","9":"pa_auteur-tristan-flora-oc","10":"pa_editeur-plein-chant-oc","11":"pa_langue-francais-oc","12":"entry","14":"first","15":"instock","16":"shipping-taxable","17":"purchasable","18":"product-type-simple"},"acf":[],"_links":{"self":[{"href":"https:\/\/www.libraria-occitana.org\/oc\/wp-json\/wp\/v2\/product\/46762","targetHints":{"allow":["GET"]}}],"collection":[{"href":"https:\/\/www.libraria-occitana.org\/oc\/wp-json\/wp\/v2\/product"}],"about":[{"href":"https:\/\/www.libraria-occitana.org\/oc\/wp-json\/wp\/v2\/types\/product"}],"wp:featuredmedia":[{"embeddable":true,"href":"https:\/\/www.libraria-occitana.org\/oc\/wp-json\/wp\/v2\/media\/46746"}],"wp:attachment":[{"href":"https:\/\/www.libraria-occitana.org\/oc\/wp-json\/wp\/v2\/media?parent=46762"}],"wp:term":[{"taxonomy":"product_brand","embeddable":true,"href":"https:\/\/www.libraria-occitana.org\/oc\/wp-json\/wp\/v2\/product_brand?post=46762"},{"taxonomy":"product_cat","embeddable":true,"href":"https:\/\/www.libraria-occitana.org\/oc\/wp-json\/wp\/v2\/product_cat?post=46762"},{"taxonomy":"product_tag","embeddable":true,"href":"https:\/\/www.libraria-occitana.org\/oc\/wp-json\/wp\/v2\/product_tag?post=46762"}],"curies":[{"name":"wp","href":"https:\/\/api.w.org\/{rel}","templated":true}]}}