{"id":46941,"date":"2013-03-20T13:51:21","date_gmt":"2013-03-20T12:51:21","guid":{"rendered":"http:\/\/www.libraria-occitana.org\/product\/contes-dels-quatre-vents-libre-cd\/"},"modified":"2026-04-29T10:18:52","modified_gmt":"2026-04-29T08:18:52","slug":"contes-dels-quatre-vents-libre-cd","status":"publish","type":"product","link":"https:\/\/www.libraria-occitana.org\/oc\/produch\/contes-dels-quatre-vents-libre-cd\/","title":{"rendered":"Contes dels Quatre Vents (libre + CD)"},"content":{"rendered":"<p>Una garba de contes causits e adaptats en occitan per Andrieu Lagarda, lo m\u00e8stre dels contes d\u2019\u00f2c.<br \/>\nPer descobrir e vos congostar de \u00e7\u00f2 pus meravilh\u00f3s dins las \u00f2bras dels m\u00e0gers contaires classics d\u2019Eur\u00f2pa : Ch. Perrault, los fraires Grimm, Hans Andersen o Robert Browning.<br \/>\nUn plaser totjorn nov\u00e8l pels pichons coma pels grands.<br \/>\nEnregistrament integral per Camilha Bilhac.<\/p>\n","protected":false},"excerpt":{"rendered":"<p>Una garba de contes causits e adaptats en occitan per Andrieu Lagarda, lo m\u00e8stre dels contes d\u2019\u00f2c. Per descobrir e vos congostar de \u00e7\u00f2 pus meravilh\u00f3s dins las \u00f2bras dels m\u00e0gers contaires classics d\u2019Eur\u00f2pa : Ch. Perrault, los fraires Grimm, Hans Andersen o Robert Browning. Un plaser totjorn nov\u00e8l pels pichons coma pels grands. Enregistrament [&hellip;]<\/p>\n","protected":false},"featured_media":46939,"template":"","meta":{"_acf_changed":false,"_genesis_hide_title":false,"_genesis_hide_breadcrumbs":false,"_genesis_hide_singular_image":false,"_genesis_hide_footer_widgets":false,"_genesis_custom_body_class":"","_genesis_custom_post_class":"","_genesis_layout":""},"product_brand":[],"product_cat":[7177,7133,7175],"product_tag":[],"class_list":{"0":"post-46941","1":"product","2":"type-product","3":"status-publish","4":"has-post-thumbnail","6":"product_cat-contes-fablas-oc","7":"product_cat-libres-oc","8":"product_cat-literatura-oc","9":"pa_auteur-lagarda-andrieu-oc","10":"pa_editeur-letras-doc-oc","11":"pa_illustrateur-fauche-jacques-oc","12":"pa_langue-occitan-oc","13":"pa_langue-occitan-lengadocian-oc","14":"entry","16":"first","17":"instock","18":"shipping-taxable","19":"purchasable","20":"product-type-simple"},"acf":[],"_links":{"self":[{"href":"https:\/\/www.libraria-occitana.org\/oc\/wp-json\/wp\/v2\/product\/46941","targetHints":{"allow":["GET"]}}],"collection":[{"href":"https:\/\/www.libraria-occitana.org\/oc\/wp-json\/wp\/v2\/product"}],"about":[{"href":"https:\/\/www.libraria-occitana.org\/oc\/wp-json\/wp\/v2\/types\/product"}],"wp:featuredmedia":[{"embeddable":true,"href":"https:\/\/www.libraria-occitana.org\/oc\/wp-json\/wp\/v2\/media\/46939"}],"wp:attachment":[{"href":"https:\/\/www.libraria-occitana.org\/oc\/wp-json\/wp\/v2\/media?parent=46941"}],"wp:term":[{"taxonomy":"product_brand","embeddable":true,"href":"https:\/\/www.libraria-occitana.org\/oc\/wp-json\/wp\/v2\/product_brand?post=46941"},{"taxonomy":"product_cat","embeddable":true,"href":"https:\/\/www.libraria-occitana.org\/oc\/wp-json\/wp\/v2\/product_cat?post=46941"},{"taxonomy":"product_tag","embeddable":true,"href":"https:\/\/www.libraria-occitana.org\/oc\/wp-json\/wp\/v2\/product_tag?post=46941"}],"curies":[{"name":"wp","href":"https:\/\/api.w.org\/{rel}","templated":true}]}}