{"id":46994,"date":"2019-05-22T11:58:28","date_gmt":"2019-05-22T09:58:28","guid":{"rendered":"http:\/\/www.libraria-occitana.org\/?post_type=product&#038;p=46994"},"modified":"2026-04-29T10:49:33","modified_gmt":"2026-04-29T08:49:33","slug":"beroja-vita-de-can","status":"publish","type":"product","link":"https:\/\/www.libraria-occitana.org\/oc\/produch\/beroja-vita-de-can\/","title":{"rendered":"Ber\u00f2ja vita de can !"},"content":{"rendered":"<p>Di\u00e0 ! Que h\u00e8 un hred a pelar aqueste matin, un temps de can ! La jornada que comen\u00e7a mau e lo noste omi\u00f2t que la va traversar com un gran zoo poplat de tot l\u2019ahoalh de las expressions animal\u00e8ras. Tots los noms d'aus\u00e8ths qu\u2019i van passar, mes un encontre h\u00e8ra imprevist que\u2019n har\u00e0 un moment h\u00e8ra uman a la fin finau !<\/p>\n","protected":false},"excerpt":{"rendered":"<p>Di\u00e0 ! Que h\u00e8 un hred a pelar aqueste matin, un temps de can ! La jornada que comen\u00e7a mau e lo noste omi\u00f2t que la va traversar com un gran zoo poplat de tot l\u2019ahoalh de las expressions animal\u00e8ras. Tots los noms d&#8217;aus\u00e8ths qu\u2019i van passar, mes un encontre h\u00e8ra imprevist que\u2019n har\u00e0 un [&hellip;]<\/p>\n","protected":false},"featured_media":47000,"template":"","meta":{"_acf_changed":false,"_genesis_hide_title":false,"_genesis_hide_breadcrumbs":false,"_genesis_hide_singular_image":false,"_genesis_hide_footer_widgets":false,"_genesis_custom_body_class":"","_genesis_custom_post_class":"","_genesis_layout":""},"product_brand":[],"product_cat":[7171,7165,7133],"product_tag":[],"class_list":{"0":"post-46994","1":"product","2":"type-product","3":"status-publish","4":"has-post-thumbnail","6":"product_cat-drolles-oc","7":"product_cat-jounessa-bd-umor","8":"product_cat-libres-oc","9":"pa_auteur-voltz-christian-oc","10":"pa_editeur-per-noste-oc","11":"pa_illustrateur-guilhemjoan-patric-1-oc","12":"pa_illustrateur-labandes-claudia-oc","13":"pa_langue-occitan-oc","14":"pa_langue-occitan-gascon-oc","15":"entry","17":"first","18":"outofstock","19":"shipping-taxable","20":"purchasable","21":"product-type-simple"},"acf":[],"_links":{"self":[{"href":"https:\/\/www.libraria-occitana.org\/oc\/wp-json\/wp\/v2\/product\/46994","targetHints":{"allow":["GET"]}}],"collection":[{"href":"https:\/\/www.libraria-occitana.org\/oc\/wp-json\/wp\/v2\/product"}],"about":[{"href":"https:\/\/www.libraria-occitana.org\/oc\/wp-json\/wp\/v2\/types\/product"}],"wp:featuredmedia":[{"embeddable":true,"href":"https:\/\/www.libraria-occitana.org\/oc\/wp-json\/wp\/v2\/media\/47000"}],"wp:attachment":[{"href":"https:\/\/www.libraria-occitana.org\/oc\/wp-json\/wp\/v2\/media?parent=46994"}],"wp:term":[{"taxonomy":"product_brand","embeddable":true,"href":"https:\/\/www.libraria-occitana.org\/oc\/wp-json\/wp\/v2\/product_brand?post=46994"},{"taxonomy":"product_cat","embeddable":true,"href":"https:\/\/www.libraria-occitana.org\/oc\/wp-json\/wp\/v2\/product_cat?post=46994"},{"taxonomy":"product_tag","embeddable":true,"href":"https:\/\/www.libraria-occitana.org\/oc\/wp-json\/wp\/v2\/product_tag?post=46994"}],"curies":[{"name":"wp","href":"https:\/\/api.w.org\/{rel}","templated":true}]}}