{"id":47014,"date":"2019-11-22T15:44:17","date_gmt":"2019-11-22T14:44:17","guid":{"rendered":"http:\/\/www.libraria-occitana.org\/product\/ma-langue-maternelle-va-mourir-et-jai-du-mal-a-vous-parler-damour-libre-cd\/"},"modified":"2026-04-29T01:36:56","modified_gmt":"2026-04-28T23:36:56","slug":"ma-langue-maternelle-va-mourir-et-jai-du-mal-a-vous-parler-damour-libre-cd","status":"publish","type":"product","link":"https:\/\/www.libraria-occitana.org\/oc\/produch\/ma-langue-maternelle-va-mourir-et-jai-du-mal-a-vous-parler-damour-libre-cd\/","title":{"rendered":"Ma langue maternelle va mourir et j&#8217;ai du mal \u00e0 vous parler d&#8217;amour (libre + CD)"},"content":{"rendered":"<p>Yannick Jaulin aime les mots. Il leur rend hommage dans son spectacle <em>Ma langue maternelle va mourir et j\u2019ai du mal \u00e0 vous parler d\u2019amour<\/em>. Il parle du fran\u00e7ais qu\u2019il adore, sa langue de t\u00eate, mais aussi du patois, sa langue \u00e9motionnelle, et de la v\u00e9n\u00e9ration pour toutes ces petites langues \u00e9chappant \u00e0 l\u2019\u00e9conomie mondiale.<br \/>\nIl raconte joyeusement son amour des mots en duo avec Alain Larribet musicien du monde et b\u00e9arnais. Il parle de son h\u00e9ritage sensible et de ses lubies : la honte des patois, la r\u00e9sistance \u00e0 l\u2019uniformisation, la jouissance d\u2019utiliser une langue non normalis\u00e9e, et la perte de la transmission, car avec les mots disparaissent aussi les savoir\u2011faire, les savoir-\u00eatre au monde.<br \/>\nUn spectacle comme un jardin de simples, vivifiant et curatif et un Jaulin qui bataille avec les \u00ab maux \u00bb de sa langue. Voici le livre-CD issu du spectacle pour lire, \u00e9couter et r\u00e9\u00e9couter cette prestation riche en \u00e9motion.<\/p>\n","protected":false},"excerpt":{"rendered":"<p>Yannick Jaulin aime les mots. Il leur rend hommage dans son spectacle Ma langue maternelle va mourir et j\u2019ai du mal \u00e0 vous parler d\u2019amour. Il parle du fran\u00e7ais qu\u2019il adore, sa langue de t\u00eate, mais aussi du patois, sa langue \u00e9motionnelle, et de la v\u00e9n\u00e9ration pour toutes ces petites langues \u00e9chappant \u00e0 l\u2019\u00e9conomie mondiale. [&hellip;]<\/p>\n","protected":false},"featured_media":47012,"template":"","meta":{"_acf_changed":false,"_genesis_hide_title":false,"_genesis_hide_breadcrumbs":false,"_genesis_hide_singular_image":false,"_genesis_hide_footer_widgets":false,"_genesis_custom_body_class":"","_genesis_custom_post_class":"","_genesis_layout":""},"product_brand":[],"product_cat":[7133,7203],"product_tag":[],"class_list":{"0":"post-47014","1":"product","2":"type-product","3":"status-publish","4":"has-post-thumbnail","6":"product_cat-libres-oc","7":"product_cat-politica-sociologia-actualitat-oc","8":"pa_auteur-jaulin-yannick-oc","9":"pa_editeur-geste-oc","10":"pa_illustrateur-larribet-alain-oc","11":"pa_langue-autras-lingas-oc","12":"pa_langue-francais-oc","13":"entry","15":"first","16":"outofstock","17":"shipping-taxable","18":"purchasable","19":"product-type-simple"},"acf":[],"_links":{"self":[{"href":"https:\/\/www.libraria-occitana.org\/oc\/wp-json\/wp\/v2\/product\/47014","targetHints":{"allow":["GET"]}}],"collection":[{"href":"https:\/\/www.libraria-occitana.org\/oc\/wp-json\/wp\/v2\/product"}],"about":[{"href":"https:\/\/www.libraria-occitana.org\/oc\/wp-json\/wp\/v2\/types\/product"}],"wp:featuredmedia":[{"embeddable":true,"href":"https:\/\/www.libraria-occitana.org\/oc\/wp-json\/wp\/v2\/media\/47012"}],"wp:attachment":[{"href":"https:\/\/www.libraria-occitana.org\/oc\/wp-json\/wp\/v2\/media?parent=47014"}],"wp:term":[{"taxonomy":"product_brand","embeddable":true,"href":"https:\/\/www.libraria-occitana.org\/oc\/wp-json\/wp\/v2\/product_brand?post=47014"},{"taxonomy":"product_cat","embeddable":true,"href":"https:\/\/www.libraria-occitana.org\/oc\/wp-json\/wp\/v2\/product_cat?post=47014"},{"taxonomy":"product_tag","embeddable":true,"href":"https:\/\/www.libraria-occitana.org\/oc\/wp-json\/wp\/v2\/product_tag?post=47014"}],"curies":[{"name":"wp","href":"https:\/\/api.w.org\/{rel}","templated":true}]}}