{"id":47024,"date":"2019-10-22T17:37:56","date_gmt":"2019-10-22T15:37:56","guid":{"rendered":"http:\/\/www.libraria-occitana.org\/product\/correze\/"},"modified":"2026-04-16T00:41:37","modified_gmt":"2026-04-15T22:41:37","slug":"correze","status":"publish","type":"product","link":"https:\/\/www.libraria-occitana.org\/oc\/produch\/correze\/","title":{"rendered":"Corr\u00e8ze"},"content":{"rendered":"<p>Ce beau-livre vous invite \u00e0 la d\u00e9couverte de la Corr\u00e8ze \u00e0 travers des photographies modernes et en grand format. L\u2019ouvrage va \u00e9galement plus loin en proposant un \u00e9clairage th\u00e9matique tr\u00e8s vari\u00e9. Les informations transmises sont \u00e0 la fois tr\u00e8s actuelles, et bas\u00e9es sur des recherches historiques pr\u00e9cises.<br \/>\n\u00c0 travers des textes po\u00e9tiques et une s\u00e9lection de nombreuses photographies en noir et blanc et couleur, l\u2019auteur de ce livre s\u2019attache \u00e0 rendre hommage au d\u00e9partement de la Corr\u00e8ze, \u00e0 ses paysages et son identit\u00e9 sous un jour nouveau. Un beau livre \u00e0 ne pas rater pour d\u00e9couvrir ou red\u00e9couvrir ce d\u00e9partement.<\/p>\n","protected":false},"excerpt":{"rendered":"<p>Ce beau-livre vous invite \u00e0 la d\u00e9couverte de la Corr\u00e8ze \u00e0 travers des photographies modernes et en grand format. L\u2019ouvrage va \u00e9galement plus loin en proposant un \u00e9clairage th\u00e9matique tr\u00e8s vari\u00e9. Les informations transmises sont \u00e0 la fois tr\u00e8s actuelles, et bas\u00e9es sur des recherches historiques pr\u00e9cises. \u00c0 travers des textes po\u00e9tiques et une s\u00e9lection [&hellip;]<\/p>\n","protected":false},"featured_media":47022,"template":"","meta":{"_acf_changed":false,"_genesis_hide_title":false,"_genesis_hide_breadcrumbs":false,"_genesis_hide_singular_image":false,"_genesis_hide_footer_widgets":false,"_genesis_custom_body_class":"","_genesis_custom_post_class":"","_genesis_layout":""},"product_brand":[],"product_cat":[7199,7133,7197],"product_tag":[],"class_list":{"0":"post-47024","1":"product","2":"type-product","3":"status-publish","4":"has-post-thumbnail","6":"product_cat-guides-torisme-viatge-oc","7":"product_cat-libres-oc","8":"product_cat-natura-torisme-oc","9":"pa_auteur-varieras-fabrice-oc","10":"pa_editeur-geste-oc","11":"pa_langue-francais-oc","12":"entry","14":"first","15":"outofstock","16":"shipping-taxable","17":"purchasable","18":"product-type-simple"},"acf":[],"_links":{"self":[{"href":"https:\/\/www.libraria-occitana.org\/oc\/wp-json\/wp\/v2\/product\/47024","targetHints":{"allow":["GET"]}}],"collection":[{"href":"https:\/\/www.libraria-occitana.org\/oc\/wp-json\/wp\/v2\/product"}],"about":[{"href":"https:\/\/www.libraria-occitana.org\/oc\/wp-json\/wp\/v2\/types\/product"}],"wp:featuredmedia":[{"embeddable":true,"href":"https:\/\/www.libraria-occitana.org\/oc\/wp-json\/wp\/v2\/media\/47022"}],"wp:attachment":[{"href":"https:\/\/www.libraria-occitana.org\/oc\/wp-json\/wp\/v2\/media?parent=47024"}],"wp:term":[{"taxonomy":"product_brand","embeddable":true,"href":"https:\/\/www.libraria-occitana.org\/oc\/wp-json\/wp\/v2\/product_brand?post=47024"},{"taxonomy":"product_cat","embeddable":true,"href":"https:\/\/www.libraria-occitana.org\/oc\/wp-json\/wp\/v2\/product_cat?post=47024"},{"taxonomy":"product_tag","embeddable":true,"href":"https:\/\/www.libraria-occitana.org\/oc\/wp-json\/wp\/v2\/product_tag?post=47024"}],"curies":[{"name":"wp","href":"https:\/\/api.w.org\/{rel}","templated":true}]}}