{"id":47357,"date":"2019-09-06T13:16:20","date_gmt":"2019-09-06T11:16:20","guid":{"rendered":"http:\/\/www.libraria-occitana.org\/?post_type=product&#038;p=47357"},"modified":"2026-04-17T00:51:53","modified_gmt":"2026-04-16T22:51:53","slug":"histoire-de-limoges-2","status":"publish","type":"product","link":"https:\/\/www.libraria-occitana.org\/oc\/produch\/histoire-de-limoges-2\/","title":{"rendered":"Histoire de Limoges"},"content":{"rendered":"<p>L&#8217;histoire de Limoges propos\u00e9e ici prend en compte les recherches arch\u00e9ologiques, historiques, anthropologiques les plus r\u00e9centes &#8211; en particulier universitaires. Elle se nourrit aussi de l&#8217;histoire sociale, des repr\u00e9sentations et des sensibilit\u00e9s.<br \/>\nDes L\u00e9movices \u2013 le peuple gaulois \u2013 \u00e0 l&#8217;am\u00e9nagement d&#8217;Augustoritum par les Romains, de la double cit\u00e9 m\u00e9di\u00e9vale \u00e0 la capitale de la musique et de l&#8217;\u00e9mail au Moyen \u00c2ge, de la Renaissance \u00e0 la R\u00e9volution, de la ville de la porcelaine \u00e0 celle des luttes sociales, des multiples sociabilit\u00e9s et des r\u00e9sistances, le lecteur red\u00e9couvre une ville active et diverse \u00e0 travers les \u00e2ges. Une ville parfois m\u00e9connue, o\u00f9 il fait bon vivre d\u00e9sormais, appel\u00e9e \u00e0 jouer un r\u00f4le d&#8217;importance au XXIe si\u00e8cle.<br \/>\nMieux encore : une derni\u00e8re partie captivante fait l&#8217;histoire souvent in\u00e9dite de la culture au XXe si\u00e8cle et au d\u00e9but du XXIe, montrant combien Limoges est incontestablement une ville o\u00f9 la cr\u00e9ation est une tradition bien ancr\u00e9e.<br \/>\nL&#8217;iconographie particuli\u00e8rement riche alterne entre illustrations essentielles et plus rares issues de collections municipales ou priv\u00e9es, et propose une enrichissante promenade \u00e0 travers les temps.<\/p>\n","protected":false},"excerpt":{"rendered":"<p>L&#8217;histoire de Limoges propos\u00e9e ici prend en compte les recherches arch\u00e9ologiques, historiques, anthropologiques les plus r\u00e9centes &#8211; en particulier universitaires. Elle se nourrit aussi de l&#8217;histoire sociale, des repr\u00e9sentations et des sensibilit\u00e9s. Des L\u00e9movices \u2013 le peuple gaulois \u2013 \u00e0 l&#8217;am\u00e9nagement d&#8217;Augustoritum par les Romains, de la double cit\u00e9 m\u00e9di\u00e9vale \u00e0 la capitale de la [&hellip;]<\/p>\n","protected":false},"featured_media":51802,"template":"","meta":{"_acf_changed":false,"_genesis_hide_title":false,"_genesis_hide_breadcrumbs":false,"_genesis_hide_singular_image":false,"_genesis_hide_footer_widgets":false,"_genesis_custom_body_class":"","_genesis_custom_post_class":"","_genesis_layout":""},"product_brand":[],"product_cat":[7157,7149,7133],"product_tag":[],"class_list":{"0":"post-47357","1":"product","2":"type-product","3":"status-publish","4":"has-post-thumbnail","6":"product_cat-istoria-generala-oc","7":"product_cat-istoria-geografia-oc","8":"product_cat-libres-oc","9":"pa_auteur-bourdelas-laurent-oc","10":"pa_editeur-geste-oc","11":"pa_langue-francais-oc","12":"entry","14":"first","15":"instock","16":"shipping-taxable","17":"purchasable","18":"product-type-simple"},"acf":[],"_links":{"self":[{"href":"https:\/\/www.libraria-occitana.org\/oc\/wp-json\/wp\/v2\/product\/47357","targetHints":{"allow":["GET"]}}],"collection":[{"href":"https:\/\/www.libraria-occitana.org\/oc\/wp-json\/wp\/v2\/product"}],"about":[{"href":"https:\/\/www.libraria-occitana.org\/oc\/wp-json\/wp\/v2\/types\/product"}],"wp:featuredmedia":[{"embeddable":true,"href":"https:\/\/www.libraria-occitana.org\/oc\/wp-json\/wp\/v2\/media\/51802"}],"wp:attachment":[{"href":"https:\/\/www.libraria-occitana.org\/oc\/wp-json\/wp\/v2\/media?parent=47357"}],"wp:term":[{"taxonomy":"product_brand","embeddable":true,"href":"https:\/\/www.libraria-occitana.org\/oc\/wp-json\/wp\/v2\/product_brand?post=47357"},{"taxonomy":"product_cat","embeddable":true,"href":"https:\/\/www.libraria-occitana.org\/oc\/wp-json\/wp\/v2\/product_cat?post=47357"},{"taxonomy":"product_tag","embeddable":true,"href":"https:\/\/www.libraria-occitana.org\/oc\/wp-json\/wp\/v2\/product_tag?post=47357"}],"curies":[{"name":"wp","href":"https:\/\/api.w.org\/{rel}","templated":true}]}}