{"id":48090,"date":"2019-08-10T17:03:53","date_gmt":"2019-08-10T15:03:53","guid":{"rendered":"http:\/\/www.libraria-occitana.org\/product\/dificultats-gramaticaus\/"},"modified":"2026-04-09T23:06:37","modified_gmt":"2026-04-09T21:06:37","slug":"dificultats-gramaticaus","status":"publish","type":"product","link":"https:\/\/www.libraria-occitana.org\/oc\/produch\/dificultats-gramaticaus\/","title":{"rendered":"Dificultats gramaticaus"},"content":{"rendered":"<p>Frasas arreviradas e de compte har.<br \/>\nAquestas \u00ab frasas compl\u00e8xas \u00bb, atau batiadas peus aprenents, que son classadas per t\u00e8ma e arregropadas en cap\u00edtols : emplec deu preterit, concordan\u00e7a deus temps, arreviradas especificas, etc.<br \/>\nMes que v\u2019avisaratz tanben que daubuas dificultats ne h\u00e8n pas l\u2019obj\u00e8cte d\u2019un cap\u00edtol e totun que son presentas, com per exemple l\u2019arrevirada de bien ; aqueth mot que la pensada francesa emplega h\u00e8ra sovent, e qui en gascon demanda ua reflexion particulara. Be n\u2019i a mantua atau !<br \/>\nA vosautas e vosautes de ve\u2019n servir e de las ve har v\u00f2stas.<\/p>\n","protected":false},"excerpt":{"rendered":"<p>Frasas arreviradas e de compte har. Aquestas \u00ab frasas compl\u00e8xas \u00bb, atau batiadas peus aprenents, que son classadas per t\u00e8ma e arregropadas en cap\u00edtols : emplec deu preterit, concordan\u00e7a deus temps, arreviradas especificas, etc. Mes que v\u2019avisaratz tanben que daubuas dificultats ne h\u00e8n pas l\u2019obj\u00e8cte d\u2019un cap\u00edtol e totun que son presentas, com per exemple [&hellip;]<\/p>\n","protected":false},"featured_media":48093,"template":"","meta":{"_acf_changed":false,"_genesis_hide_title":false,"_genesis_hide_breadcrumbs":false,"_genesis_hide_singular_image":false,"_genesis_hide_footer_widgets":false,"_genesis_custom_body_class":"","_genesis_custom_post_class":"","_genesis_layout":""},"product_brand":[],"product_cat":[7137,7133,7239,7147],"product_tag":[],"class_list":{"0":"post-48090","1":"product","2":"type-product","3":"status-publish","4":"has-post-thumbnail","6":"product_cat-diccionaris-lenga-escolar-oc","7":"product_cat-libres-oc","8":"product_cat-promos-oc","9":"product_cat-vocabulari-biais-de-dire-oc","10":"pa_auteur-labandes-claudia-1-oc","11":"pa_editeur-per-noste-oc","12":"pa_langue-occitan-gascon-oc","13":"pa_langue-occitan-francais-oc","14":"entry","16":"first","17":"outofstock","18":"sale","19":"shipping-taxable","20":"purchasable","21":"product-type-simple"},"acf":[],"_links":{"self":[{"href":"https:\/\/www.libraria-occitana.org\/oc\/wp-json\/wp\/v2\/product\/48090","targetHints":{"allow":["GET"]}}],"collection":[{"href":"https:\/\/www.libraria-occitana.org\/oc\/wp-json\/wp\/v2\/product"}],"about":[{"href":"https:\/\/www.libraria-occitana.org\/oc\/wp-json\/wp\/v2\/types\/product"}],"wp:featuredmedia":[{"embeddable":true,"href":"https:\/\/www.libraria-occitana.org\/oc\/wp-json\/wp\/v2\/media\/48093"}],"wp:attachment":[{"href":"https:\/\/www.libraria-occitana.org\/oc\/wp-json\/wp\/v2\/media?parent=48090"}],"wp:term":[{"taxonomy":"product_brand","embeddable":true,"href":"https:\/\/www.libraria-occitana.org\/oc\/wp-json\/wp\/v2\/product_brand?post=48090"},{"taxonomy":"product_cat","embeddable":true,"href":"https:\/\/www.libraria-occitana.org\/oc\/wp-json\/wp\/v2\/product_cat?post=48090"},{"taxonomy":"product_tag","embeddable":true,"href":"https:\/\/www.libraria-occitana.org\/oc\/wp-json\/wp\/v2\/product_tag?post=48090"}],"curies":[{"name":"wp","href":"https:\/\/api.w.org\/{rel}","templated":true}]}}