{"id":48236,"date":"2011-09-16T15:32:23","date_gmt":"2011-09-16T13:32:23","guid":{"rendered":"http:\/\/www.libraria-occitana.org\/product\/harry-potter-e-la-cramba-deus-secrets\/"},"modified":"2026-04-02T22:26:58","modified_gmt":"2026-04-02T20:26:58","slug":"harry-potter-e-la-crampa-deus-secrets","status":"publish","type":"product","link":"https:\/\/www.libraria-occitana.org\/oc\/produch\/harry-potter-e-la-crampa-deus-secrets\/","title":{"rendered":"Harry Potter e la crampa deus secrets"},"content":{"rendered":"<p>Harry Potter qu\u2019ei un broish. Qu\u2019ei en segonda annada a l\u2019esc\u00f2la de broishami de Hogwarts. Ne\u2019s dobta pas enq\u00fc\u00e8ra aquesta annada que ser\u00e0 autan conhida d\u2019eveniments com la d\u2019avant\u2026<\/p>\n<p>\u00ab Lo segond libe de Joanne Rowling qu\u2019ei autant amusant, esvarjant e inatendut com lo purm\u00e8r. \u00bb<\/p>\n<p style=\"text-align: right;\">The Daily Mail<\/p>\n<p>\u00ab Harry Potter e la crampa deus secrets qu\u2019ei autan bon com<br \/>\nlo son predecessor\u2026 Hogwarts qu\u2019ei ua creacion d\u2019eng\u00e8ni. \u00bb<\/p>\n<p style=\"text-align: right;\">The Times Literary Supplement<\/p>\n<p>Atge : Autanl\u00e8u 9 ans.<\/p>\n","protected":false},"excerpt":{"rendered":"<p>Harry Potter qu\u2019ei un broish. Qu\u2019ei en segonda annada a l\u2019esc\u00f2la de broishami de Hogwarts. Ne\u2019s dobta pas enq\u00fc\u00e8ra aquesta annada que ser\u00e0 autan conhida d\u2019eveniments com la d\u2019avant\u2026 \u00ab Lo segond libe de Joanne Rowling qu\u2019ei autant amusant, esvarjant e inatendut com lo purm\u00e8r. \u00bb The Daily Mail \u00ab Harry Potter e la crampa [&hellip;]<\/p>\n","protected":false},"featured_media":48234,"template":"","meta":{"_acf_changed":false,"_genesis_hide_title":false,"_genesis_hide_breadcrumbs":false,"_genesis_hide_singular_image":false,"_genesis_hide_footer_widgets":false,"_genesis_custom_body_class":"","_genesis_custom_post_class":"","_genesis_layout":""},"product_brand":[],"product_cat":[7133,7165,7167],"product_tag":[],"class_list":{"0":"post-48236","1":"product","2":"type-product","3":"status-publish","4":"has-post-thumbnail","6":"product_cat-libres-oc","7":"product_cat-jounessa-bd-umor","8":"product_cat-ados-oc","9":"pa_auteur-rowling-j-k-oc","10":"pa_editeur-per-noste-oc","11":"pa_illustrateur-guilhemjoan-patric-1-oc","12":"pa_langue-occitan-oc","13":"pa_langue-occitan-gascon-oc","14":"entry","16":"first","17":"instock","18":"shipping-taxable","19":"purchasable","20":"product-type-simple"},"acf":[],"_links":{"self":[{"href":"https:\/\/www.libraria-occitana.org\/oc\/wp-json\/wp\/v2\/product\/48236","targetHints":{"allow":["GET"]}}],"collection":[{"href":"https:\/\/www.libraria-occitana.org\/oc\/wp-json\/wp\/v2\/product"}],"about":[{"href":"https:\/\/www.libraria-occitana.org\/oc\/wp-json\/wp\/v2\/types\/product"}],"wp:featuredmedia":[{"embeddable":true,"href":"https:\/\/www.libraria-occitana.org\/oc\/wp-json\/wp\/v2\/media\/48234"}],"wp:attachment":[{"href":"https:\/\/www.libraria-occitana.org\/oc\/wp-json\/wp\/v2\/media?parent=48236"}],"wp:term":[{"taxonomy":"product_brand","embeddable":true,"href":"https:\/\/www.libraria-occitana.org\/oc\/wp-json\/wp\/v2\/product_brand?post=48236"},{"taxonomy":"product_cat","embeddable":true,"href":"https:\/\/www.libraria-occitana.org\/oc\/wp-json\/wp\/v2\/product_cat?post=48236"},{"taxonomy":"product_tag","embeddable":true,"href":"https:\/\/www.libraria-occitana.org\/oc\/wp-json\/wp\/v2\/product_tag?post=48236"}],"curies":[{"name":"wp","href":"https:\/\/api.w.org\/{rel}","templated":true}]}}