{"id":48827,"date":"2019-10-14T12:48:39","date_gmt":"2019-10-14T10:48:39","guid":{"rendered":"http:\/\/www.libraria-occitana.org\/product\/directe\/"},"modified":"2026-04-10T02:21:36","modified_gmt":"2026-04-10T00:21:36","slug":"directe","status":"publish","type":"product","link":"https:\/\/www.libraria-occitana.org\/oc\/produch\/directe\/","title":{"rendered":"Dir\u00e8cte"},"content":{"rendered":"<p>\u00ab Courtial x Kogane \u00bb est un power duo rock occitan port\u00e9 par <strong>Paulin Courtial<\/strong> (chant, guitare \u00e9lectrique) et <strong>Dimitri Kogane<\/strong> (batterie). Textes de cr\u00e9ation ou chansons traditionnelles \u00e0 la sauce stoner californien, pour une musique puissamment enracin\u00e9e et r\u00e9solument moderne.<\/p>\n<p><strong>Titres :<\/strong><br \/>\n1. 100 ans<br \/>\n2. Super content<br \/>\n3. Bolh (amb Barrut)<br \/>\n4. Borr\u00e8ia<br \/>\n5. Jol Pont de Mirab\u00e8l<br \/>\n6. La Marion<br \/>\n7. Aur\u00f2st (amb Mat\u00e8u e Roman Baudoin)<\/p>\n","protected":false},"excerpt":{"rendered":"<p>\u00ab Courtial x Kogane \u00bb est un power duo rock occitan port\u00e9 par Paulin Courtial (chant, guitare \u00e9lectrique) et Dimitri Kogane (batterie). Textes de cr\u00e9ation ou chansons traditionnelles \u00e0 la sauce stoner californien, pour une musique puissamment enracin\u00e9e et r\u00e9solument moderne. Titres : 1. 100 ans 2. Super content 3. Bolh (amb Barrut) 4. Borr\u00e8ia [&hellip;]<\/p>\n","protected":false},"featured_media":48825,"template":"","meta":{"_acf_changed":false,"_genesis_hide_title":false,"_genesis_hide_breadcrumbs":false,"_genesis_hide_singular_image":false,"_genesis_hide_footer_widgets":false,"_genesis_custom_body_class":"","_genesis_custom_post_class":"","_genesis_layout":""},"product_brand":[],"product_cat":[16683,7233],"product_tag":[],"class_list":{"0":"post-48827","1":"product","2":"type-product","3":"status-publish","4":"has-post-thumbnail","6":"product_cat-musica-oc","7":"product_cat-roc-pop-oc","8":"pa_auteur-courtial-x-kogane-oc","9":"pa_editeur-hetaman-oc","10":"pa_langue-occitan-oc","11":"pa_langue-occitan-lengadocian-oc","12":"entry","14":"first","15":"outofstock","16":"shipping-taxable","17":"purchasable","18":"product-type-simple"},"acf":[],"_links":{"self":[{"href":"https:\/\/www.libraria-occitana.org\/oc\/wp-json\/wp\/v2\/product\/48827","targetHints":{"allow":["GET"]}}],"collection":[{"href":"https:\/\/www.libraria-occitana.org\/oc\/wp-json\/wp\/v2\/product"}],"about":[{"href":"https:\/\/www.libraria-occitana.org\/oc\/wp-json\/wp\/v2\/types\/product"}],"wp:featuredmedia":[{"embeddable":true,"href":"https:\/\/www.libraria-occitana.org\/oc\/wp-json\/wp\/v2\/media\/48825"}],"wp:attachment":[{"href":"https:\/\/www.libraria-occitana.org\/oc\/wp-json\/wp\/v2\/media?parent=48827"}],"wp:term":[{"taxonomy":"product_brand","embeddable":true,"href":"https:\/\/www.libraria-occitana.org\/oc\/wp-json\/wp\/v2\/product_brand?post=48827"},{"taxonomy":"product_cat","embeddable":true,"href":"https:\/\/www.libraria-occitana.org\/oc\/wp-json\/wp\/v2\/product_cat?post=48827"},{"taxonomy":"product_tag","embeddable":true,"href":"https:\/\/www.libraria-occitana.org\/oc\/wp-json\/wp\/v2\/product_tag?post=48827"}],"curies":[{"name":"wp","href":"https:\/\/api.w.org\/{rel}","templated":true}]}}