{"id":48831,"date":"2018-01-14T11:05:50","date_gmt":"2018-01-14T10:05:50","guid":{"rendered":"http:\/\/www.libraria-occitana.org\/product\/lo-drac-pot-esser-tanben-un-concert\/"},"modified":"2026-04-29T02:16:48","modified_gmt":"2026-04-29T00:16:48","slug":"lo-drac-pot-esser-tanben-un-concert","status":"publish","type":"product","link":"https:\/\/www.libraria-occitana.org\/oc\/produch\/lo-drac-pot-esser-tanben-un-concert\/","title":{"rendered":"Lo drac p\u00f2t \u00e8sser tanben un conc\u00e8rt"},"content":{"rendered":"<p><strong>Louis Pezet :<\/strong> Chant<br \/>\n<strong>Hugo Collin :<\/strong> Saxophone<br \/>\n<strong>Ludovic Schmidt :<\/strong> Trompette<br \/>\n<strong>Aurelio Espinoza :<\/strong> Basse<br \/>\n<strong>Simon Flouret :<\/strong> Batterie<\/p>\n<p>Fer\u00e0mia est un quintet qui produit une musique r\u00e9solument \u00e9clectique qui allie des influences diverses, allant du jazz \u00e0 l\u2019\u00e9lectro en passant par le groove, la musique traditionnelle et les sonorit\u00e9s \u00e9thiopiennes ou encore uruguayennes. Les concerts offrent pour l\u2019auditeur des moments contrast\u00e9s, entre refrains entra\u00eenants et improvisation individuelle ou collective, entre d\u00e9licatesse et \u00e9nergie quasi-punk. Le tout pour emmener cette langue vers de nouveaux territoires sonores.<br \/>\nFormation atypique, Fer\u00e0mia comporte cinq musiciens (batterie, basse, saxophone, trompette, chant en langue occitane). Le r\u00e9pertoire est compos\u00e9 enti\u00e8rement de compositions originales. Une partie des textes sont \u00e9crits par les membres en s&#8217;inspirant de l&#8217;imaginaire occitan, d\u2019autres sont des adaptations de po\u00e8mes occitans du XX\u00e8me si\u00e8cle.<\/p>\n<p><strong>Titres :<\/strong><br \/>\n1. Auba 8&#8217;44<br \/>\n2. L&#8217;ist\u00f2ria vertadi\u00e8ira de la Tarasca 9&#8217;22<br \/>\n3. En Marcha ! (Hestiv&#8217;\u00f2c, Pau) 6&#8217;45<br \/>\n4. La nu\u00e8it del paure (Hestiv&#8217;\u00f2c, Pau) 4&#8217;44<br \/>\n5. Lei penjats (Sant Ju\u00e8ri a l&#8217;ora occitana) 3&#8217;11<br \/>\n6. Ne soi segur es lo Drac (Sant Ju\u00e8ri a l&#8217;ora occitana) 12&#8217;10<\/p>\n","protected":false},"excerpt":{"rendered":"<p>Louis Pezet : Chant Hugo Collin : Saxophone Ludovic Schmidt : Trompette Aurelio Espinoza : Basse Simon Flouret : Batterie Fer\u00e0mia est un quintet qui produit une musique r\u00e9solument \u00e9clectique qui allie des influences diverses, allant du jazz \u00e0 l\u2019\u00e9lectro en passant par le groove, la musique traditionnelle et les sonorit\u00e9s \u00e9thiopiennes ou encore uruguayennes. [&hellip;]<\/p>\n","protected":false},"featured_media":48821,"template":"","meta":{"_acf_changed":false,"_genesis_hide_title":false,"_genesis_hide_breadcrumbs":false,"_genesis_hide_singular_image":false,"_genesis_hide_footer_widgets":false,"_genesis_custom_body_class":"","_genesis_custom_post_class":"","_genesis_layout":""},"product_brand":[],"product_cat":[13695,16683],"product_tag":[],"class_list":{"0":"post-48831","1":"product","2":"type-product","3":"status-publish","4":"has-post-thumbnail","6":"product_cat-jazz-oc","7":"product_cat-musica-oc","8":"pa_auteur-feramia-oc","9":"pa_editeur-le-drac-peut-aussi-etre-une-association-oc","10":"pa_langue-occitan-oc","11":"pa_langue-occitan-lengadocian-oc","12":"entry","14":"first","15":"instock","16":"shipping-taxable","17":"purchasable","18":"product-type-simple"},"acf":[],"_links":{"self":[{"href":"https:\/\/www.libraria-occitana.org\/oc\/wp-json\/wp\/v2\/product\/48831","targetHints":{"allow":["GET"]}}],"collection":[{"href":"https:\/\/www.libraria-occitana.org\/oc\/wp-json\/wp\/v2\/product"}],"about":[{"href":"https:\/\/www.libraria-occitana.org\/oc\/wp-json\/wp\/v2\/types\/product"}],"wp:featuredmedia":[{"embeddable":true,"href":"https:\/\/www.libraria-occitana.org\/oc\/wp-json\/wp\/v2\/media\/48821"}],"wp:attachment":[{"href":"https:\/\/www.libraria-occitana.org\/oc\/wp-json\/wp\/v2\/media?parent=48831"}],"wp:term":[{"taxonomy":"product_brand","embeddable":true,"href":"https:\/\/www.libraria-occitana.org\/oc\/wp-json\/wp\/v2\/product_brand?post=48831"},{"taxonomy":"product_cat","embeddable":true,"href":"https:\/\/www.libraria-occitana.org\/oc\/wp-json\/wp\/v2\/product_cat?post=48831"},{"taxonomy":"product_tag","embeddable":true,"href":"https:\/\/www.libraria-occitana.org\/oc\/wp-json\/wp\/v2\/product_tag?post=48831"}],"curies":[{"name":"wp","href":"https:\/\/api.w.org\/{rel}","templated":true}]}}