{"id":48905,"date":"2020-02-17T18:08:52","date_gmt":"2020-02-17T17:08:52","guid":{"rendered":"http:\/\/www.libraria-occitana.org\/?post_type=product&#038;p=48905"},"modified":"2026-04-14T01:17:05","modified_gmt":"2026-04-13T23:17:05","slug":"marcelle-delpastre-femme-terre-revue-a-n6","status":"publish","type":"product","link":"https:\/\/www.libraria-occitana.org\/oc\/produch\/marcelle-delpastre-femme-terre-revue-a-n6\/","title":{"rendered":"Marcelle Delpastre : Femme-terre \/ Revue A N\u00b06"},"content":{"rendered":"<p>Num\u00e9ro comprenant un dossier de 125 pages consacr\u00e9 \u00e0 Marcelle Delpastre.<\/p>\n<p>Avec des contributions de Marie Virolle, Michel Chadeuil, Jean-Fran\u00e7ois Migaud, Miqu\u00e8la Stenta, Luc de Goustine, Alain Galan, Marie-France Houdart, Bernard Comby, Patrick Cazals, Jean Maison, Th\u00e9r\u00e8se Canet, Jean-Marc Sim\u00e9onin, Christine Virolle Da Silva et Jan dau Melhau, divers documents, photos, manuscrits en fac simil\u00e9 et dessins de l\u2019auteur.<\/p>\n<p><strong><a href=\"https:\/\/www.libraria-occitana.org\/wp-content\/uploads\/2020\/02\/sommaire_a6.pdf\">Somari<\/a><\/strong><\/p>\n","protected":false},"excerpt":{"rendered":"<p>Num\u00e9ro comprenant un dossier de 125 pages consacr\u00e9 \u00e0 Marcelle Delpastre. Avec des contributions de Marie Virolle, Michel Chadeuil, Jean-Fran\u00e7ois Migaud, Miqu\u00e8la Stenta, Luc de Goustine, Alain Galan, Marie-France Houdart, Bernard Comby, Patrick Cazals, Jean Maison, Th\u00e9r\u00e8se Canet, Jean-Marc Sim\u00e9onin, Christine Virolle Da Silva et Jan dau Melhau, divers documents, photos, manuscrits en fac simil\u00e9 [&hellip;]<\/p>\n","protected":false},"featured_media":48900,"template":"","meta":{"_acf_changed":false,"_genesis_hide_title":false,"_genesis_hide_breadcrumbs":false,"_genesis_hide_singular_image":false,"_genesis_hide_footer_widgets":false,"_genesis_custom_body_class":"","_genesis_custom_post_class":"","_genesis_layout":""},"product_brand":[],"product_cat":[7189,7133,7175],"product_tag":[],"class_list":{"0":"post-48905","1":"product","2":"type-product","3":"status-publish","4":"has-post-thumbnail","6":"product_cat-estudis-literaris-oc","7":"product_cat-libres-oc","8":"product_cat-literatura-oc","9":"pa_auteur-collectiu-oc-2","10":"pa_editeur-marsa-publications-oc","11":"pa_langue-francais-oc","12":"entry","14":"first","15":"outofstock","16":"shipping-taxable","17":"purchasable","18":"product-type-simple"},"acf":[],"_links":{"self":[{"href":"https:\/\/www.libraria-occitana.org\/oc\/wp-json\/wp\/v2\/product\/48905","targetHints":{"allow":["GET"]}}],"collection":[{"href":"https:\/\/www.libraria-occitana.org\/oc\/wp-json\/wp\/v2\/product"}],"about":[{"href":"https:\/\/www.libraria-occitana.org\/oc\/wp-json\/wp\/v2\/types\/product"}],"wp:featuredmedia":[{"embeddable":true,"href":"https:\/\/www.libraria-occitana.org\/oc\/wp-json\/wp\/v2\/media\/48900"}],"wp:attachment":[{"href":"https:\/\/www.libraria-occitana.org\/oc\/wp-json\/wp\/v2\/media?parent=48905"}],"wp:term":[{"taxonomy":"product_brand","embeddable":true,"href":"https:\/\/www.libraria-occitana.org\/oc\/wp-json\/wp\/v2\/product_brand?post=48905"},{"taxonomy":"product_cat","embeddable":true,"href":"https:\/\/www.libraria-occitana.org\/oc\/wp-json\/wp\/v2\/product_cat?post=48905"},{"taxonomy":"product_tag","embeddable":true,"href":"https:\/\/www.libraria-occitana.org\/oc\/wp-json\/wp\/v2\/product_tag?post=48905"}],"curies":[{"name":"wp","href":"https:\/\/api.w.org\/{rel}","templated":true}]}}