{"id":48973,"date":"2019-11-20T17:44:39","date_gmt":"2019-11-20T16:44:39","guid":{"rendered":"http:\/\/www.libraria-occitana.org\/product\/chalendas-doc-noel-en-occitan\/"},"modified":"2026-04-22T02:41:21","modified_gmt":"2026-04-22T00:41:21","slug":"chalendas-doc-noel-en-occitan","status":"publish","type":"product","link":"https:\/\/www.libraria-occitana.org\/oc\/produch\/chalendas-doc-noel-en-occitan\/","title":{"rendered":"Chalendas d&#8217;\u00d2c : No\u00ebl en occitan"},"content":{"rendered":"<p><strong>L\u00e9o et Flavie Brossy :<\/strong> Chant, percussions, accord\u00e9on<br \/>\n<strong>Lo\u00ffs Brossy :<\/strong> Piano, clavier<br \/>\n<strong>Antoine Dumas :<\/strong> Violon<br \/>\n<strong>Flora Francescu :<\/strong> Harpe<br \/>\n<strong>Sylvain Heyte :<\/strong> Trompette<br \/>\n<strong>Groupe vocal Artmilles, dirig\u00e9 par C\u00e9cile Mathevet :<\/strong> Ch\u0153urs<\/p>\n<p>Traductions et adaptations : <strong>Cristian Omelhi\u00e8r<\/strong><\/p>\n<p>Un CD original de No\u00ebls en occitan r\u00e9alis\u00e9 par un collectif de 13 artistes et d\u2019occitanistes, o\u00f9 alternent des standards adapt\u00e9s en occitan (<em>Douce nuit<\/em>, <em>Petit Papa No\u00ebl<\/em>, <em>Jingle bells<\/em>&#8230;) et des chants de tradition occitane.<\/p>\n<p>\u00ab Notre intention est vraiment de proposer quelque chose qui n\u2019existe pas. On trouve partout des chants traditionnels de No\u00ebl en fran\u00e7ais, en langue \u00e9trang\u00e8re, et rarement en occitan. Pour l\u2019interpr\u00e9tation des chants de ce CD nous nous sommes bas\u00e9s sur la langue parl\u00e9e \u00e0 Aubejac, l\u2019un des villages de la commune de Peyrusse (Cantal). Cet occitan est tr\u00e8s localis\u00e9. Malgr\u00e9 les petites diff\u00e9rences de prononciation, tous les nord-occitans s\u2019y retrouveront : Haute-Auvergne, Basse Auvergne, Velay, Livradois, Loz\u00e8re, Ard\u00e8che, Limousin etc. Et tous les autres qui appr\u00e9cient d\u2019\u00e9couter en chanson cette belle langue occitane, m\u00eame sans la comprendre, la musique est l\u00e0. Nous esp\u00e9rons aussi que cela d\u00e9veloppera un int\u00e9r\u00eat plus fort pour l\u2019occitan&#8230; \u00bb (L\u00e9o Brossy)<\/p>\n<p>Livret avec paroles en occitan, prononciation et traduction fran\u00e7aise.<\/p>\n<p><strong>Titres :<\/strong><br \/>\n1. Dol\u00e7a nueit (traditionnel \/ adaptation Cristian Omelhi\u00e8r)<br \/>\n2. Chantem enqu\u00e8ra (traditionnel)<br \/>\n3. Al fons d\u2019un b\u00f2sc (traditionnel)<br \/>\n4. La marcha dels Reis (traditionnel)<br \/>\n5. Nadal tindaire (traditionnel)<br \/>\n6. O ! Gente sap (traditionnel)<br \/>\n7. M\u2019es avis que n\u2019ai ausit (traditionnel)<br \/>\n8. Balalim balalam (traditionnel)<br \/>\n9. La chamba me fai mal (traditionnel)<br \/>\n10. Peti\u00f2t gar\u00e7on (paroles et musique de Roger Miller, adapt\u00e9es en fran\u00e7ais par Graeme Allwright)<br \/>\n11. Pastres pastressas (traditionnel)<br \/>\n12. Bon jorn \u00e8 bon an (Cristian Omelhi\u00e8r \/ Lo\u00ffs Brossy)<br \/>\n13. Mon brave \u00d2me Chalendas (sur les motifs de l&#8217;\u0153uvre originale <em>Petit Papa No\u00ebl<\/em>. Auteurs-compositeurs : Raymond Ovanessian, Henri Martinet)<\/p>\n","protected":false},"excerpt":{"rendered":"<p>L\u00e9o et Flavie Brossy : Chant, percussions, accord\u00e9on Lo\u00ffs Brossy : Piano, clavier Antoine Dumas : Violon Flora Francescu : Harpe Sylvain Heyte : Trompette Groupe vocal Artmilles, dirig\u00e9 par C\u00e9cile Mathevet : Ch\u0153urs Traductions et adaptations : Cristian Omelhi\u00e8r Un CD original de No\u00ebls en occitan r\u00e9alis\u00e9 par un collectif de 13 artistes et [&hellip;]<\/p>\n","protected":false},"featured_media":48968,"template":"","meta":{"_acf_changed":false,"_genesis_hide_title":false,"_genesis_hide_breadcrumbs":false,"_genesis_hide_singular_image":false,"_genesis_hide_footer_widgets":false,"_genesis_custom_body_class":"","_genesis_custom_post_class":"","_genesis_layout":""},"product_brand":[],"product_cat":[7219,16683],"product_tag":[],"class_list":{"0":"post-48973","1":"product","2":"type-product","3":"status-publish","4":"has-post-thumbnail","6":"product_cat-chancon-oc","7":"product_cat-musica-oc","8":"pa_auteur-collectiu-oc-2","9":"pa_langue-occitan-auvernhat-oc","10":"pa_langue-occitan-francais-oc","11":"entry","13":"first","14":"instock","15":"shipping-taxable","16":"purchasable","17":"product-type-simple"},"acf":[],"_links":{"self":[{"href":"https:\/\/www.libraria-occitana.org\/oc\/wp-json\/wp\/v2\/product\/48973","targetHints":{"allow":["GET"]}}],"collection":[{"href":"https:\/\/www.libraria-occitana.org\/oc\/wp-json\/wp\/v2\/product"}],"about":[{"href":"https:\/\/www.libraria-occitana.org\/oc\/wp-json\/wp\/v2\/types\/product"}],"wp:featuredmedia":[{"embeddable":true,"href":"https:\/\/www.libraria-occitana.org\/oc\/wp-json\/wp\/v2\/media\/48968"}],"wp:attachment":[{"href":"https:\/\/www.libraria-occitana.org\/oc\/wp-json\/wp\/v2\/media?parent=48973"}],"wp:term":[{"taxonomy":"product_brand","embeddable":true,"href":"https:\/\/www.libraria-occitana.org\/oc\/wp-json\/wp\/v2\/product_brand?post=48973"},{"taxonomy":"product_cat","embeddable":true,"href":"https:\/\/www.libraria-occitana.org\/oc\/wp-json\/wp\/v2\/product_cat?post=48973"},{"taxonomy":"product_tag","embeddable":true,"href":"https:\/\/www.libraria-occitana.org\/oc\/wp-json\/wp\/v2\/product_tag?post=48973"}],"curies":[{"name":"wp","href":"https:\/\/api.w.org\/{rel}","templated":true}]}}