{"id":48977,"date":"2019-03-20T18:02:12","date_gmt":"2019-03-20T17:02:12","guid":{"rendered":"http:\/\/www.libraria-occitana.org\/product\/ebte-electro-trad\/"},"modified":"2026-04-29T02:16:38","modified_gmt":"2026-04-29T00:16:38","slug":"ebte-electro-trad","status":"publish","type":"product","link":"https:\/\/www.libraria-occitana.org\/oc\/produch\/ebte-electro-trad\/","title":{"rendered":"EBT\u00e8 ! Electro trad"},"content":{"rendered":"<p><strong>Joan Franc\u00e9s Tisn\u00e8r :<\/strong> Composicion, votz, tamborin de c\u00f2rdas<br \/>\n<strong>Jakes Aymonino :<\/strong> Votz, maquinas<br \/>\n<strong>Franc\u00e9s Dumeaux :<\/strong> Composicion, maquinas<br \/>\n<strong>Arnau Obiols :<\/strong> Percussions<\/p>\n<p>L\u2019encontre de la musica electronica e de la dan\u00e7a tradicionau... O l\u2019encontre de la musica tradicionau e de la dance electronica... Rai ! Dancem !<br \/>\nSus l\u2019empont e suu taulat ! Ready ?<\/p>\n<p>La crompa deu disc fisic qu'\u00f2rb au descargament de la version numerica.<\/p>\n<p><strong>Titres :<\/strong><br \/>\n1. A bicicleta 2 [ronda barrada irregulara] 3'27<br \/>\n2. Sorrom Borrom [masurc\u00e0] 2'52<br \/>\n3. Peiroton dormouse's egg [saut bearn\u00e9s] 2'41<br \/>\n4. Ah mam\u00e0 Kochanie [cong\u00f2] 2'58<br \/>\n5. Kat\u00e0 [rond\u00e8u a dus] 3'58<br \/>\n6. Mariana [saut bearn\u00e9s] 1'57<br \/>\n7. La baish en t\u00e8rra plana [branlo en c\u00f2rda] 3'36<br \/>\n8. P\u00e8ir de Garr\u00f2s - Epist\u00f2li [rond\u00e8u en cadena] 4'00<br \/>\n9. L'aute jorn en la tuta [valsa] 5'21<br \/>\n10. Taler\u00e0 optrol [rond\u00e8u en cadena] 4'29<br \/>\n11. Dus [saut bearn\u00e9s] 2'32<br \/>\n12. Crusp\u00e8ths [escotisha] 1'39<br \/>\n13. \u00dastrias [escotisha] 3'28<br \/>\n14. Au vente de la vaca [saut bearn\u00e9s] 2'15<\/p>\n","protected":false},"excerpt":{"rendered":"<p>Joan Franc\u00e9s Tisn\u00e8r : Composicion, votz, tamborin de c\u00f2rdas Jakes Aymonino : Votz, maquinas Franc\u00e9s Dumeaux : Composicion, maquinas Arnau Obiols : Percussions L\u2019encontre de la musica electronica e de la dan\u00e7a tradicionau&#8230; O l\u2019encontre de la musica tradicionau e de la dance electronica&#8230; Rai ! Dancem ! Sus l\u2019empont e suu taulat ! Ready [&hellip;]<\/p>\n","protected":false},"featured_media":48971,"template":"","meta":{"_acf_changed":false,"_genesis_hide_title":false,"_genesis_hide_breadcrumbs":false,"_genesis_hide_singular_image":false,"_genesis_hide_footer_widgets":false,"_genesis_custom_body_class":"","_genesis_custom_post_class":"","_genesis_layout":""},"product_brand":[],"product_cat":[7221,16683,7229],"product_tag":[],"class_list":{"0":"post-48977","1":"product","2":"type-product","3":"status-publish","4":"has-post-thumbnail","6":"product_cat-hip-hop-electro-oc","7":"product_cat-musica-oc","8":"product_cat-novela-tradicion-oc","9":"pa_auteur-tisner-joan-frances-oc","10":"pa_editeur-lo-nau-oc","11":"pa_langue-occitan-oc","12":"pa_langue-occitan-gascon-oc","13":"entry","15":"first","16":"instock","17":"shipping-taxable","18":"purchasable","19":"product-type-simple"},"acf":[],"_links":{"self":[{"href":"https:\/\/www.libraria-occitana.org\/oc\/wp-json\/wp\/v2\/product\/48977","targetHints":{"allow":["GET"]}}],"collection":[{"href":"https:\/\/www.libraria-occitana.org\/oc\/wp-json\/wp\/v2\/product"}],"about":[{"href":"https:\/\/www.libraria-occitana.org\/oc\/wp-json\/wp\/v2\/types\/product"}],"wp:featuredmedia":[{"embeddable":true,"href":"https:\/\/www.libraria-occitana.org\/oc\/wp-json\/wp\/v2\/media\/48971"}],"wp:attachment":[{"href":"https:\/\/www.libraria-occitana.org\/oc\/wp-json\/wp\/v2\/media?parent=48977"}],"wp:term":[{"taxonomy":"product_brand","embeddable":true,"href":"https:\/\/www.libraria-occitana.org\/oc\/wp-json\/wp\/v2\/product_brand?post=48977"},{"taxonomy":"product_cat","embeddable":true,"href":"https:\/\/www.libraria-occitana.org\/oc\/wp-json\/wp\/v2\/product_cat?post=48977"},{"taxonomy":"product_tag","embeddable":true,"href":"https:\/\/www.libraria-occitana.org\/oc\/wp-json\/wp\/v2\/product_tag?post=48977"}],"curies":[{"name":"wp","href":"https:\/\/api.w.org\/{rel}","templated":true}]}}