{"id":49113,"date":"2019-11-26T15:35:21","date_gmt":"2019-11-26T14:35:21","guid":{"rendered":"http:\/\/www.libraria-occitana.org\/?post_type=product&#038;p=49113"},"modified":"2026-04-25T21:32:03","modified_gmt":"2026-04-25T19:32:03","slug":"laucelon-de-las-set-colors-libre-cd","status":"publish","type":"product","link":"https:\/\/www.libraria-occitana.org\/oc\/produch\/laucelon-de-las-set-colors-libre-cd\/","title":{"rendered":"L&#8217;aucelon de las s\u00e8t colors (libre + CD)"},"content":{"rendered":"<p>En seguida del fam\u00f3s recu\u00e8lh dels <em>Contes de la calandreta<\/em>, Andrieu Lagarda a recampats de contes o racontes tirats de la tradicion populara tant occitana coma europenca, dins una lenga aisida e qualitadosa.<br \/>\nAic\u00ed, vos congostaretz de legir L\u2019aucelon de las s\u00e8t colors que balha, plan solide, lo t\u00edtol al libre, mas tanben las aventuras de las b\u00e8stias : lo lop, lo rainard, l\u2019ors, lo grilh o lo leon\u2026, o encara las de Poceta, de Ponheton, de Pometa redondeta, del gat Mistigr\u00eds, del rire panat, del Solelh e de la Luna e d\u2019autres encara\u2026<br \/>\nUn libre dedicat als mainatges coma als parents.<br \/>\nAmb un lexic occitan-franc\u00e9s.<\/p>\n<p>Illustracion de cob\u00e8rta de S. Vissi\u00e8re. 1 CD mp3 de 1h26.<\/p>\n","protected":false},"excerpt":{"rendered":"<p>En seguida del fam\u00f3s recu\u00e8lh dels Contes de la calandreta, Andrieu Lagarda a recampats de contes o racontes tirats de la tradicion populara tant occitana coma europenca, dins una lenga aisida e qualitadosa. Aic\u00ed, vos congostaretz de legir L\u2019aucelon de las s\u00e8t colors que balha, plan solide, lo t\u00edtol al libre, mas tanben las aventuras [&hellip;]<\/p>\n","protected":false},"featured_media":49119,"template":"","meta":{"_acf_changed":false,"_genesis_hide_title":false,"_genesis_hide_breadcrumbs":false,"_genesis_hide_singular_image":false,"_genesis_hide_footer_widgets":false,"_genesis_custom_body_class":"","_genesis_custom_post_class":"","_genesis_layout":""},"product_brand":[],"product_cat":[7177,7133,7175],"product_tag":[],"class_list":{"0":"post-49113","1":"product","2":"type-product","3":"status-publish","4":"has-post-thumbnail","6":"product_cat-contes-fablas-oc","7":"product_cat-libres-oc","8":"product_cat-literatura-oc","9":"pa_auteur-lagarda-andrieu-oc","10":"pa_editeur-letras-doc-oc","11":"pa_langue-occitan-oc","12":"pa_langue-occitan-lengadocian-oc","13":"entry","15":"first","16":"instock","17":"shipping-taxable","18":"purchasable","19":"product-type-simple"},"acf":[],"_links":{"self":[{"href":"https:\/\/www.libraria-occitana.org\/oc\/wp-json\/wp\/v2\/product\/49113","targetHints":{"allow":["GET"]}}],"collection":[{"href":"https:\/\/www.libraria-occitana.org\/oc\/wp-json\/wp\/v2\/product"}],"about":[{"href":"https:\/\/www.libraria-occitana.org\/oc\/wp-json\/wp\/v2\/types\/product"}],"wp:featuredmedia":[{"embeddable":true,"href":"https:\/\/www.libraria-occitana.org\/oc\/wp-json\/wp\/v2\/media\/49119"}],"wp:attachment":[{"href":"https:\/\/www.libraria-occitana.org\/oc\/wp-json\/wp\/v2\/media?parent=49113"}],"wp:term":[{"taxonomy":"product_brand","embeddable":true,"href":"https:\/\/www.libraria-occitana.org\/oc\/wp-json\/wp\/v2\/product_brand?post=49113"},{"taxonomy":"product_cat","embeddable":true,"href":"https:\/\/www.libraria-occitana.org\/oc\/wp-json\/wp\/v2\/product_cat?post=49113"},{"taxonomy":"product_tag","embeddable":true,"href":"https:\/\/www.libraria-occitana.org\/oc\/wp-json\/wp\/v2\/product_tag?post=49113"}],"curies":[{"name":"wp","href":"https:\/\/api.w.org\/{rel}","templated":true}]}}