{"id":49146,"date":"2014-01-27T12:15:40","date_gmt":"2014-01-27T11:15:40","guid":{"rendered":"http:\/\/www.libraria-occitana.org\/?post_type=product&#038;p=49146"},"modified":"2026-04-12T20:41:09","modified_gmt":"2026-04-12T18:41:09","slug":"meymac-pres-bordeaux-de-la-bruyere-a-la-vigne","status":"publish","type":"product","link":"https:\/\/www.libraria-occitana.org\/oc\/produch\/meymac-pres-bordeaux-de-la-bruyere-a-la-vigne\/","title":{"rendered":"Meymac-pr\u00e8s-Bordeaux : \u00ab De la bruy\u00e8re \u00e0 la vigne \u00bb"},"content":{"rendered":"<p>Autour de 1900, pendant une cinquantaine d&#8217;ann\u00e9es, quelques centaines d&#8217;habitants du pays de Meymac en Haute-Corr\u00e8ze donnaient \u00ab Meymac-pr\u00e8s-Bordeaux \u00bb comme adresse postale \u00e0 leurs clients belges, auxquels ils \u00e9taient cens\u00e9s vendre la r\u00e9colte de leur vignoble Bordelais. Marcel Parinaud, lui m\u00eame descendant d&#8217;une famille de ces \u00ab marchands de vin \u00bb a entrepris des recherches dans les archives et aupr\u00e8s des familles de n\u00e9gociants. Il fait le r\u00e9cit des d\u00e9buts du n\u00e9goce autour de la figure embl\u00e9matique et haute en couleurs de Jean Gaye-Bordas, et de quelques pr\u00e9curseurs, comme les fr\u00e8res P\u00e9cresse, dont l&#8217;activit\u00e9 fut d\u00e9terminante. Il d\u00e9crit ce que fut la vie de ces migrants du travail, l&#8217;organisation du n\u00e9goce, son organisation sur plus d&#8217;un si\u00e8cle et demi d\u2019existence et les cons\u00e9quences \u00e9conomiques, sociales et architecturales qui en r\u00e9sult\u00e8rent pour la r\u00e9gion. Il montre \u00e9galement l\u2019installation d\u2019un nombre cons\u00e9quent de n\u00e9gociants dans le Bordelais, en particulier le Libournais ; implantations importantes puisqu\u2019un grand nombre de vignobles est actuellement la propri\u00e9t\u00e9 de ces \u00ab Corr\u00e9ziens \u00bb. Il termine par les monographies familiales de ces n\u00e9gociants qui cr\u00e9\u00e8rent de v\u00e9ritable dynastie sur parfois six g\u00e9n\u00e9rations, et pour certaines, encore en activit\u00e9 aujourd\u2019hui.<\/p>\n","protected":false},"excerpt":{"rendered":"<p>Autour de 1900, pendant une cinquantaine d&#8217;ann\u00e9es, quelques centaines d&#8217;habitants du pays de Meymac en Haute-Corr\u00e8ze donnaient \u00ab Meymac-pr\u00e8s-Bordeaux \u00bb comme adresse postale \u00e0 leurs clients belges, auxquels ils \u00e9taient cens\u00e9s vendre la r\u00e9colte de leur vignoble Bordelais. Marcel Parinaud, lui m\u00eame descendant d&#8217;une famille de ces \u00ab marchands de vin \u00bb a entrepris des [&hellip;]<\/p>\n","protected":false},"featured_media":49149,"template":"","meta":{"_acf_changed":false,"_genesis_hide_title":false,"_genesis_hide_breadcrumbs":false,"_genesis_hide_singular_image":false,"_genesis_hide_footer_widgets":false,"_genesis_custom_body_class":"","_genesis_custom_post_class":"","_genesis_layout":""},"product_brand":[],"product_cat":[7159,7149,7133],"product_tag":[],"class_list":{"0":"post-49146","1":"product","2":"type-product","3":"status-publish","4":"has-post-thumbnail","6":"product_cat-istoria-moderna-e-contemporala-oc","7":"product_cat-istoria-geografia-oc","8":"product_cat-libres-oc","9":"pa_auteur-parinaud-marcel-oc","10":"pa_editeur-les-monedieres-oc","11":"pa_langue-francais-oc","12":"entry","14":"first","15":"instock","16":"shipping-taxable","17":"purchasable","18":"product-type-simple"},"acf":[],"_links":{"self":[{"href":"https:\/\/www.libraria-occitana.org\/oc\/wp-json\/wp\/v2\/product\/49146","targetHints":{"allow":["GET"]}}],"collection":[{"href":"https:\/\/www.libraria-occitana.org\/oc\/wp-json\/wp\/v2\/product"}],"about":[{"href":"https:\/\/www.libraria-occitana.org\/oc\/wp-json\/wp\/v2\/types\/product"}],"wp:featuredmedia":[{"embeddable":true,"href":"https:\/\/www.libraria-occitana.org\/oc\/wp-json\/wp\/v2\/media\/49149"}],"wp:attachment":[{"href":"https:\/\/www.libraria-occitana.org\/oc\/wp-json\/wp\/v2\/media?parent=49146"}],"wp:term":[{"taxonomy":"product_brand","embeddable":true,"href":"https:\/\/www.libraria-occitana.org\/oc\/wp-json\/wp\/v2\/product_brand?post=49146"},{"taxonomy":"product_cat","embeddable":true,"href":"https:\/\/www.libraria-occitana.org\/oc\/wp-json\/wp\/v2\/product_cat?post=49146"},{"taxonomy":"product_tag","embeddable":true,"href":"https:\/\/www.libraria-occitana.org\/oc\/wp-json\/wp\/v2\/product_tag?post=49146"}],"curies":[{"name":"wp","href":"https:\/\/api.w.org\/{rel}","templated":true}]}}