{"id":49310,"date":"2019-10-05T16:55:05","date_gmt":"2019-10-05T14:55:05","guid":{"rendered":"http:\/\/www.libraria-occitana.org\/product\/rufa\/"},"modified":"2026-04-29T05:26:35","modified_gmt":"2026-04-29T03:26:35","slug":"rufa","status":"publish","type":"product","link":"https:\/\/www.libraria-occitana.org\/oc\/produch\/rufa\/","title":{"rendered":"Rufa"},"content":{"rendered":"<p><strong>Laurent Cavali\u00e9 :<\/strong> Chant, acordeon, tar, tambor, maissa d'ase, tambora<br \/>\n<strong>Cl\u00e9ment Ihopu Gleyze :<\/strong> Chant, violon, banj\u00f2, mandolina, bendhir<br \/>\n<strong>Jocelyn Papon :<\/strong> Chant, tambora, cuatro<br \/>\n<strong>Cl\u00e9ment Chauvet :<\/strong> Chant, tambor, tambora, pandeiro, caissa clara escocesa<\/p>\n<p>\u00ab Rufa \u00bb es lo sieisen albom de Du Bart\u00e0s. Es una exploracion conteirala, que se noir\u00eds a las rasigas de las musicas popularas dels paises d\u2019\u00d2c. Amb eles la Mediterran\u00e8a ven un aire b\u00e8l de j\u00f2c, que i cantan percussions a l\u2019enc\u00f2p potentas e sensiblas, una polifonia imaginada e una instrumentacion eteroclita. Tornan inventar e mestissar lo Lengad\u00f2c, crus\u00f2l istoric de rescontre de p\u00f2bles, lengas e musicas. Lo quartet canta e joga aquela mosaica amb una creativitat sens limita : j\u00f2cs de votz, de lenga e armonias inovadoiras.La poesia de Joan Bodon, de Leon C\u00f2rdas e de Laurent Cavali\u00e9 venon can\u00e7ons que s\u2019i mesclan vira-lengas, cronicas istoricas e politicas, musica per dan\u00e7ar, percussions salvatges\u2026 La Mediterran\u00e8a, t\u00e8rra de comunion, de j\u00f2ias e de col\u00e8ras s\u2019i alena a plen buf.<\/p>\n<p><strong>Titres :<\/strong><br \/>\n1. 9 Fraires s\u00e8m 3'49<br \/>\n2. Batre 5'27<br \/>\n3. Fin d'escodre 4'48<br \/>\n4. Lo gavian 4'17<br \/>\n5. Cuculhada verda 3'25<br \/>\n6. Los amoroses 0'57<br \/>\n7. 9 Calelhs 5'30<br \/>\n8. Ajuda a l'Espanha 5'33<br \/>\n9. A la montanha 4'57<br \/>\n10. Macaronada 5'05<br \/>\n11. Lo diluns 3'43<br \/>\n12. En barca (instru Laurent Cavali\u00e9) 3'17<\/p>\n","protected":false},"excerpt":{"rendered":"<p>Laurent Cavali\u00e9 : Chant, acordeon, tar, tambor, maissa d&#8217;ase, tambora Cl\u00e9ment Ihopu Gleyze : Chant, violon, banj\u00f2, mandolina, bendhir Jocelyn Papon : Chant, tambora, cuatro Cl\u00e9ment Chauvet : Chant, tambor, tambora, pandeiro, caissa clara escocesa \u00ab Rufa \u00bb es lo sieisen albom de Du Bart\u00e0s. Es una exploracion conteirala, que se noir\u00eds a las rasigas [&hellip;]<\/p>\n","protected":false},"featured_media":49295,"template":"","meta":{"_acf_changed":false,"_genesis_hide_title":false,"_genesis_hide_breadcrumbs":false,"_genesis_hide_singular_image":false,"_genesis_hide_footer_widgets":false,"_genesis_custom_body_class":"","_genesis_custom_post_class":"","_genesis_layout":""},"product_brand":[],"product_cat":[7219,16683],"product_tag":[],"class_list":{"0":"post-49310","1":"product","2":"type-product","3":"status-publish","4":"has-post-thumbnail","6":"product_cat-chancon-oc","7":"product_cat-musica-oc","8":"pa_auteur-du-bartas-oc","9":"pa_editeur-sirventes-oc","10":"pa_langue-occitan-oc","11":"pa_langue-occitan-lengadocian-oc","12":"entry","14":"first","15":"outofstock","16":"shipping-taxable","17":"purchasable","18":"product-type-simple"},"acf":[],"_links":{"self":[{"href":"https:\/\/www.libraria-occitana.org\/oc\/wp-json\/wp\/v2\/product\/49310","targetHints":{"allow":["GET"]}}],"collection":[{"href":"https:\/\/www.libraria-occitana.org\/oc\/wp-json\/wp\/v2\/product"}],"about":[{"href":"https:\/\/www.libraria-occitana.org\/oc\/wp-json\/wp\/v2\/types\/product"}],"wp:featuredmedia":[{"embeddable":true,"href":"https:\/\/www.libraria-occitana.org\/oc\/wp-json\/wp\/v2\/media\/49295"}],"wp:attachment":[{"href":"https:\/\/www.libraria-occitana.org\/oc\/wp-json\/wp\/v2\/media?parent=49310"}],"wp:term":[{"taxonomy":"product_brand","embeddable":true,"href":"https:\/\/www.libraria-occitana.org\/oc\/wp-json\/wp\/v2\/product_brand?post=49310"},{"taxonomy":"product_cat","embeddable":true,"href":"https:\/\/www.libraria-occitana.org\/oc\/wp-json\/wp\/v2\/product_cat?post=49310"},{"taxonomy":"product_tag","embeddable":true,"href":"https:\/\/www.libraria-occitana.org\/oc\/wp-json\/wp\/v2\/product_tag?post=49310"}],"curies":[{"name":"wp","href":"https:\/\/api.w.org\/{rel}","templated":true}]}}