{"id":50459,"date":"2019-08-23T16:05:25","date_gmt":"2019-08-23T14:05:25","guid":{"rendered":"http:\/\/www.libraria-occitana.org\/?post_type=product&#038;p=50459"},"modified":"2026-04-29T01:36:53","modified_gmt":"2026-04-28T23:36:53","slug":"petites-et-grandes-histoires-de-la-basse-marche-en-region-limousin","status":"publish","type":"product","link":"https:\/\/www.libraria-occitana.org\/oc\/produch\/petites-et-grandes-histoires-de-la-basse-marche-en-region-limousin\/","title":{"rendered":"Petites et grandes histoires de la Basse-Marche en R\u00e9gion Limousin"},"content":{"rendered":"<p>Chaque semaine, sur les ondes de la Radio des Meilleurs Jours, Claude Peyronnet raconte les petites et grandes histoires de la Basse-Marche. Des histoires de vie qui, \u00e0 partir de textes d\u2019auteurs locaux, s\u2019appuient sur l\u2019histoire, le patrimoine, la personnalit\u00e9 de la Basse-Marche pour exprimer les racines de la r\u00e9gion et d\u00e9rouler un fil qui nous d\u00e9voile le nord de la Haute-Vienne et ses marges creusoises, berrichonnes ou charentaises\u2026<br \/>\nCe sont 13 de ces chroniques qui sont reprises dans cet ouvrage des <em>Petites et grandes histoires de la Basse-Marche en R\u00e9gion Limousin<\/em> : Les colporteurs et les marchands ambulants, l\u2019\u00e9cole et les \u00e9coliers, de la pomme au cidre, la f\u00eate du cochon, la f\u00eate de No\u00ebl, le loup, la f\u00eate du carnaval, les paveurs et les ma\u00e7ons migrants, les marchands de cheveux et les arracheurs de dents, la bugeade, la Saint-Jean d\u2019\u00e9t\u00e9, etc.<\/p>\n<p><a href=\"http:\/\/www.libraria-occitana.org\/produit\/petites-et-grandes-histoires-de-la-basse-marche-en-region-limousin-tome-ii\/\"><em>Petites et grandes histoires de la Basse-Marche en R\u00e9gion Limousin Tome II<\/em><\/a><\/p>\n","protected":false},"excerpt":{"rendered":"<p>Chaque semaine, sur les ondes de la Radio des Meilleurs Jours, Claude Peyronnet raconte les petites et grandes histoires de la Basse-Marche. Des histoires de vie qui, \u00e0 partir de textes d\u2019auteurs locaux, s\u2019appuient sur l\u2019histoire, le patrimoine, la personnalit\u00e9 de la Basse-Marche pour exprimer les racines de la r\u00e9gion et d\u00e9rouler un fil qui [&hellip;]<\/p>\n","protected":false},"featured_media":51805,"template":"","meta":{"_acf_changed":false,"_genesis_hide_title":false,"_genesis_hide_breadcrumbs":false,"_genesis_hide_singular_image":false,"_genesis_hide_footer_widgets":false,"_genesis_custom_body_class":"","_genesis_custom_post_class":"","_genesis_layout":""},"product_brand":[],"product_cat":[7209,7133,7213,7207],"product_tag":[],"class_list":{"0":"post-50459","1":"product","2":"type-product","3":"status-publish","4":"has-post-thumbnail","6":"product_cat-costumas-rites-e-cresencas-oc","7":"product_cat-libres-oc","8":"product_cat-metiers-saubre-far-oc","9":"product_cat-tradicions-patrimoni-oc","10":"pa_auteur-peyronnet-claude-oc","11":"pa_editeur-geste-oc","12":"pa_langue-francais-oc","13":"entry","15":"first","16":"instock","17":"shipping-taxable","18":"purchasable","19":"product-type-simple"},"acf":[],"_links":{"self":[{"href":"https:\/\/www.libraria-occitana.org\/oc\/wp-json\/wp\/v2\/product\/50459","targetHints":{"allow":["GET"]}}],"collection":[{"href":"https:\/\/www.libraria-occitana.org\/oc\/wp-json\/wp\/v2\/product"}],"about":[{"href":"https:\/\/www.libraria-occitana.org\/oc\/wp-json\/wp\/v2\/types\/product"}],"wp:featuredmedia":[{"embeddable":true,"href":"https:\/\/www.libraria-occitana.org\/oc\/wp-json\/wp\/v2\/media\/51805"}],"wp:attachment":[{"href":"https:\/\/www.libraria-occitana.org\/oc\/wp-json\/wp\/v2\/media?parent=50459"}],"wp:term":[{"taxonomy":"product_brand","embeddable":true,"href":"https:\/\/www.libraria-occitana.org\/oc\/wp-json\/wp\/v2\/product_brand?post=50459"},{"taxonomy":"product_cat","embeddable":true,"href":"https:\/\/www.libraria-occitana.org\/oc\/wp-json\/wp\/v2\/product_cat?post=50459"},{"taxonomy":"product_tag","embeddable":true,"href":"https:\/\/www.libraria-occitana.org\/oc\/wp-json\/wp\/v2\/product_tag?post=50459"}],"curies":[{"name":"wp","href":"https:\/\/api.w.org\/{rel}","templated":true}]}}