{"id":50477,"date":"2016-06-23T16:37:38","date_gmt":"2016-06-23T14:37:38","guid":{"rendered":"http:\/\/www.libraria-occitana.org\/?post_type=product&#038;p=50477"},"modified":"2026-04-25T21:21:28","modified_gmt":"2026-04-25T19:21:28","slug":"je-decouvre-la-correze-nature-traditions-histoire","status":"publish","type":"product","link":"https:\/\/www.libraria-occitana.org\/oc\/produch\/je-decouvre-la-correze-nature-traditions-histoire\/","title":{"rendered":"Je d\u00e9couvre la Corr\u00e8ze : Nature, traditions, histoire"},"content":{"rendered":"<p>Situ\u00e9 \u00e0 l&#8217;ouest du Massif central, le d\u00e9partement de la Corr\u00e8ze est divis\u00e9 en trois ensembles, d&#8217;o\u00f9 un \u00e9tagement topographique et une diversit\u00e9 bioclimatique, propices \u00e0 des milieux naturels d&#8217;une beaut\u00e9 surprenante.<br \/>\nPays de l&#8217;arbre et de l&#8217;eau, la Corr\u00e8ze se singularise \u00e0 plus d&#8217;un titre : le squelette le plus complet d&#8217;un n\u00e9andertalien, trois papes, de fameux troubadours, un \u00ab blanc manteau \u00bb d&#8217;\u00e9glises, une cath\u00e9drale, certes amput\u00e9e, mais qui, du haut de ses soixante-treize m\u00e8tres, en impose ; deux pr\u00e9sidents de la R\u00e9publique, un M\u00e9morial unique en France, un ap\u00f4tre de la r\u00e9conciliation franco-allemande et de l&#8217;Union europ\u00e9enne, des cascades qui ne peuvent qu&#8217;\u00eatre \u00ab admir\u00e9es par tous ceux qui ne ferment pas leurs yeux aux merveilles de la nature \u00bb.<br \/>\nGilbert Beaubatie vous invite \u00e0 ouvrir les yeux, afin de d\u00e9couvrir et d&#8217;admirer des beaut\u00e9s et des curiosit\u00e9s, souvent mal connues, voire insoup\u00e7onn\u00e9es, et de faire la connaissance d&#8217;illustres Corr\u00e9ziens.<\/p>\n","protected":false},"excerpt":{"rendered":"<p>Situ\u00e9 \u00e0 l&#8217;ouest du Massif central, le d\u00e9partement de la Corr\u00e8ze est divis\u00e9 en trois ensembles, d&#8217;o\u00f9 un \u00e9tagement topographique et une diversit\u00e9 bioclimatique, propices \u00e0 des milieux naturels d&#8217;une beaut\u00e9 surprenante. Pays de l&#8217;arbre et de l&#8217;eau, la Corr\u00e8ze se singularise \u00e0 plus d&#8217;un titre : le squelette le plus complet d&#8217;un n\u00e9andertalien, trois [&hellip;]<\/p>\n","protected":false},"featured_media":51841,"template":"","meta":{"_acf_changed":false,"_genesis_hide_title":false,"_genesis_hide_breadcrumbs":false,"_genesis_hide_singular_image":false,"_genesis_hide_footer_widgets":false,"_genesis_custom_body_class":"","_genesis_custom_post_class":"","_genesis_layout":""},"product_brand":[],"product_cat":[7199,7133,7197],"product_tag":[],"class_list":{"0":"post-50477","1":"product","2":"type-product","3":"status-publish","4":"has-post-thumbnail","6":"product_cat-guides-torisme-viatge-oc","7":"product_cat-libres-oc","8":"product_cat-natura-torisme-oc","9":"pa_auteur-beaubatie-gilbert-oc","10":"pa_editeur-geste-oc","11":"pa_langue-francais-oc","12":"entry","14":"first","15":"instock","16":"shipping-taxable","17":"purchasable","18":"product-type-simple"},"acf":[],"_links":{"self":[{"href":"https:\/\/www.libraria-occitana.org\/oc\/wp-json\/wp\/v2\/product\/50477","targetHints":{"allow":["GET"]}}],"collection":[{"href":"https:\/\/www.libraria-occitana.org\/oc\/wp-json\/wp\/v2\/product"}],"about":[{"href":"https:\/\/www.libraria-occitana.org\/oc\/wp-json\/wp\/v2\/types\/product"}],"wp:featuredmedia":[{"embeddable":true,"href":"https:\/\/www.libraria-occitana.org\/oc\/wp-json\/wp\/v2\/media\/51841"}],"wp:attachment":[{"href":"https:\/\/www.libraria-occitana.org\/oc\/wp-json\/wp\/v2\/media?parent=50477"}],"wp:term":[{"taxonomy":"product_brand","embeddable":true,"href":"https:\/\/www.libraria-occitana.org\/oc\/wp-json\/wp\/v2\/product_brand?post=50477"},{"taxonomy":"product_cat","embeddable":true,"href":"https:\/\/www.libraria-occitana.org\/oc\/wp-json\/wp\/v2\/product_cat?post=50477"},{"taxonomy":"product_tag","embeddable":true,"href":"https:\/\/www.libraria-occitana.org\/oc\/wp-json\/wp\/v2\/product_tag?post=50477"}],"curies":[{"name":"wp","href":"https:\/\/api.w.org\/{rel}","templated":true}]}}