{"id":50483,"date":"2016-01-23T16:45:57","date_gmt":"2016-01-23T15:45:57","guid":{"rendered":"http:\/\/www.libraria-occitana.org\/?post_type=product&#038;p=50483"},"modified":"2026-04-29T10:15:46","modified_gmt":"2026-04-29T08:15:46","slug":"je-decouvre-tulle","status":"publish","type":"product","link":"https:\/\/www.libraria-occitana.org\/oc\/produch\/je-decouvre-tulle\/","title":{"rendered":"Je d\u00e9couvre Tulle"},"content":{"rendered":"<p>Si \u00ab les amis de la ligne droite et des rues correctes \u00bb ne trouvent pas \u00e0 Tulle leur compte, ils sont par contre assur\u00e9s d\u2019y trouver du pittoresque et de l\u2019impr\u00e9vu. C\u2019est ce que l\u2019\u00e9v\u00eaque Mascaron a fait savoir \u00e0 Mlle de Scud\u00e9ry le 23 juin 1672 en lui adressant une lettre, dont voici un extrait : \u00ab S\u2019il ne fallait venir \u00e0 Tulle, elle serait une jolie ville. Le vallon o\u00f9 elle est situ\u00e9e est tr\u00e8s beau et on trouve, au sortir des portes, des prairies, des collines couvertes de bois, des enfoncements, des ruisseaux qui sont tr\u00e8s propres \u00e0 faire r\u00eaver\u2026 La ville est haute et basse\u2026 Les maisons sont beaucoup plus belles qu\u2019\u00e0 Limoges et qu\u2019\u00e0 Poitiers \u00bb.<br \/>\nGilbert Beaubatie nous invite \u00e0 d\u00e9couvrir certaines de ces curiosit\u00e9s naturelles et architecturales, sans oublier le chemin de la m\u00e9moire et de l&#8217;histoire.<\/p>\n","protected":false},"excerpt":{"rendered":"<p>Si \u00ab les amis de la ligne droite et des rues correctes \u00bb ne trouvent pas \u00e0 Tulle leur compte, ils sont par contre assur\u00e9s d\u2019y trouver du pittoresque et de l\u2019impr\u00e9vu. C\u2019est ce que l\u2019\u00e9v\u00eaque Mascaron a fait savoir \u00e0 Mlle de Scud\u00e9ry le 23 juin 1672 en lui adressant une lettre, dont voici [&hellip;]<\/p>\n","protected":false},"featured_media":51846,"template":"","meta":{"_acf_changed":false,"_genesis_hide_title":false,"_genesis_hide_breadcrumbs":false,"_genesis_hide_singular_image":false,"_genesis_hide_footer_widgets":false,"_genesis_custom_body_class":"","_genesis_custom_post_class":"","_genesis_layout":""},"product_brand":[],"product_cat":[7199,7133,7197],"product_tag":[],"class_list":{"0":"post-50483","1":"product","2":"type-product","3":"status-publish","4":"has-post-thumbnail","6":"product_cat-guides-torisme-viatge-oc","7":"product_cat-libres-oc","8":"product_cat-natura-torisme-oc","9":"pa_auteur-beaubatie-gilbert-oc","10":"pa_editeur-geste-oc","11":"pa_langue-francais-oc","12":"entry","14":"first","15":"instock","16":"shipping-taxable","17":"purchasable","18":"product-type-simple"},"acf":[],"_links":{"self":[{"href":"https:\/\/www.libraria-occitana.org\/oc\/wp-json\/wp\/v2\/product\/50483","targetHints":{"allow":["GET"]}}],"collection":[{"href":"https:\/\/www.libraria-occitana.org\/oc\/wp-json\/wp\/v2\/product"}],"about":[{"href":"https:\/\/www.libraria-occitana.org\/oc\/wp-json\/wp\/v2\/types\/product"}],"wp:featuredmedia":[{"embeddable":true,"href":"https:\/\/www.libraria-occitana.org\/oc\/wp-json\/wp\/v2\/media\/51846"}],"wp:attachment":[{"href":"https:\/\/www.libraria-occitana.org\/oc\/wp-json\/wp\/v2\/media?parent=50483"}],"wp:term":[{"taxonomy":"product_brand","embeddable":true,"href":"https:\/\/www.libraria-occitana.org\/oc\/wp-json\/wp\/v2\/product_brand?post=50483"},{"taxonomy":"product_cat","embeddable":true,"href":"https:\/\/www.libraria-occitana.org\/oc\/wp-json\/wp\/v2\/product_cat?post=50483"},{"taxonomy":"product_tag","embeddable":true,"href":"https:\/\/www.libraria-occitana.org\/oc\/wp-json\/wp\/v2\/product_tag?post=50483"}],"curies":[{"name":"wp","href":"https:\/\/api.w.org\/{rel}","templated":true}]}}