{"id":50490,"date":"2019-05-23T17:34:56","date_gmt":"2019-05-23T15:34:56","guid":{"rendered":"http:\/\/www.libraria-occitana.org\/?post_type=product&#038;p=50490"},"modified":"2026-04-25T01:56:42","modified_gmt":"2026-04-24T23:56:42","slug":"je-decouvre-le-haut-limousin-et-la-province-de-la-marche","status":"publish","type":"product","link":"https:\/\/www.libraria-occitana.org\/oc\/produch\/je-decouvre-le-haut-limousin-et-la-province-de-la-marche\/","title":{"rendered":"Je d\u00e9couvre le Haut-Limousin et la province de la Marche"},"content":{"rendered":"<p>L&#8217;ancienne province de la Marche et le Haut Limousin, terre de transition entre le pays d&#8217;Oc et le pays d&#8217;Oil, offrent des paysages contrast\u00e9s. Vous d\u00e9couvrirez les collines bois\u00e9es des Monts d&#8217;Ambazac, les bocages et plaines de la Basse-Marche, des \u00e9tangs sauvages et des lacs am\u00e9nag\u00e9s, les superbes vall\u00e9es de la Vienne et de la Gartempe ainsi que les terres \u00e0 l\u00e9gendes des Monts de Blond qui depuis toujours suscitent des interrogations et abritent de nombreux secrets d\u00e9\ufb01ant l\u2019imagination.<\/p>\n<p>Mortemart, class\u00e9 parmi les \u00ab plus beaux villages de France \u00bb, Bellac, Blond, Saint-Pardoux, Montrol-S\u00e9nard, Le Dorat, Ch\u00e2teauponsac. Ici vous ferez un voyage dans le temps, dans un pass\u00e9 quelquefois mouvement\u00e9 comme en t\u00e9moignent les nombreux \u00e9di\ufb01ces qui ponctueront votre parcours.<br \/>\nEn plus de son patrimoine culturel tr\u00e8s riche o\u00f9 les artistes sont \u00e0 l\u2019honneur, le Haut Limousin poss\u00e8de un patrimoine gastronomique de premier ordre : le p\u00e2t\u00e9 de pommes de terre, l&#8217;agneau baronnet, les boudins aux ch\u00e2taignes, la pot\u00e9e limousine, et pour terminer votre repas le d\u00e9licieux clafoutis. Alors comme on dit ici : \u00ab Chabatz d&#8217;entrar \u00bb : \ufb01nissez d\u2019entrer.<\/p>\n","protected":false},"excerpt":{"rendered":"<p>L&#8217;ancienne province de la Marche et le Haut Limousin, terre de transition entre le pays d&#8217;Oc et le pays d&#8217;Oil, offrent des paysages contrast\u00e9s. Vous d\u00e9couvrirez les collines bois\u00e9es des Monts d&#8217;Ambazac, les bocages et plaines de la Basse-Marche, des \u00e9tangs sauvages et des lacs am\u00e9nag\u00e9s, les superbes vall\u00e9es de la Vienne et de la [&hellip;]<\/p>\n","protected":false},"featured_media":51814,"template":"","meta":{"_acf_changed":false,"_genesis_hide_title":false,"_genesis_hide_breadcrumbs":false,"_genesis_hide_singular_image":false,"_genesis_hide_footer_widgets":false,"_genesis_custom_body_class":"","_genesis_custom_post_class":"","_genesis_layout":""},"product_brand":[],"product_cat":[7199,7133,7197],"product_tag":[],"class_list":{"0":"post-50490","1":"product","2":"type-product","3":"status-publish","4":"has-post-thumbnail","6":"product_cat-guides-torisme-viatge-oc","7":"product_cat-libres-oc","8":"product_cat-natura-torisme-oc","9":"pa_auteur-laurent-michele-oc","10":"pa_editeur-geste-oc","11":"pa_langue-francais-oc","12":"entry","14":"first","15":"instock","16":"shipping-taxable","17":"purchasable","18":"product-type-simple"},"acf":[],"_links":{"self":[{"href":"https:\/\/www.libraria-occitana.org\/oc\/wp-json\/wp\/v2\/product\/50490","targetHints":{"allow":["GET"]}}],"collection":[{"href":"https:\/\/www.libraria-occitana.org\/oc\/wp-json\/wp\/v2\/product"}],"about":[{"href":"https:\/\/www.libraria-occitana.org\/oc\/wp-json\/wp\/v2\/types\/product"}],"wp:featuredmedia":[{"embeddable":true,"href":"https:\/\/www.libraria-occitana.org\/oc\/wp-json\/wp\/v2\/media\/51814"}],"wp:attachment":[{"href":"https:\/\/www.libraria-occitana.org\/oc\/wp-json\/wp\/v2\/media?parent=50490"}],"wp:term":[{"taxonomy":"product_brand","embeddable":true,"href":"https:\/\/www.libraria-occitana.org\/oc\/wp-json\/wp\/v2\/product_brand?post=50490"},{"taxonomy":"product_cat","embeddable":true,"href":"https:\/\/www.libraria-occitana.org\/oc\/wp-json\/wp\/v2\/product_cat?post=50490"},{"taxonomy":"product_tag","embeddable":true,"href":"https:\/\/www.libraria-occitana.org\/oc\/wp-json\/wp\/v2\/product_tag?post=50490"}],"curies":[{"name":"wp","href":"https:\/\/api.w.org\/{rel}","templated":true}]}}