{"id":50496,"date":"2019-09-23T18:16:14","date_gmt":"2019-09-23T16:16:14","guid":{"rendered":"http:\/\/www.libraria-occitana.org\/?post_type=product&#038;p=50496"},"modified":"2026-04-29T10:22:52","modified_gmt":"2026-04-29T08:22:52","slug":"henri-jamet-1858-1940-entre-montmartre-et-la-vallee-de-la-creuse-itinerances-dun-peintre-giennois","status":"publish","type":"product","link":"https:\/\/www.libraria-occitana.org\/oc\/produch\/henri-jamet-1858-1940-entre-montmartre-et-la-vallee-de-la-creuse-itinerances-dun-peintre-giennois\/","title":{"rendered":"Henri Jamet (1858-1940) : Entre Montmartre et la vall\u00e9e de la Creuse : Itin\u00e9rances d&#8217;un peintre giennois"},"content":{"rendered":"<p>Portraitiste, paysagiste et sp\u00e9cialiste des sc\u00e8nes de genre, Henri Jamet compte parmi les artistes de la vall\u00e9e de la Creuse. Partageant, pour l\u2019essentiel, son activit\u00e9 d\u2019artiste entre Montmartre et la vall\u00e9e de la Creuse, celle de professeur de peinture entre Paris, Orl\u00e9ans et Ch\u00e2teauroux, Henri Jamet, natif de Gien, fut en son temps un artiste \u00e0 succ\u00e8s, plusieurs fois r\u00e9compens\u00e9 lors des nombreuses expositions auxquelles il a particip\u00e9, \u00e0 Paris comme en province. R\u00e9solument classique mais sans rigidit\u00e9 dogmatique face \u00e0 la modernit\u00e9, cet ancien \u00e9l\u00e8ve de Jean-L\u00e9on G\u00e9r\u00f4me, d\u2019Henri Harpignies puis d\u2019Albert Maignan se r\u00e9v\u00e8le, selon le titre d\u2019une de ses toiles, comme un peintre de la \u00ab vie paisible \u00bb, particuli\u00e8rement attentif aux effets de la lumi\u00e8re. Regroupant des \u0153uvres issues de mus\u00e9es et de collections particuli\u00e8res, cette monographie invite \u00e0 red\u00e9couvrir un ma\u00eetre attachant et talentueux \u00e0 travers la diversit\u00e9 des genres qu\u2019il a pratiqu\u00e9s.<\/p>\n","protected":false},"excerpt":{"rendered":"<p>Portraitiste, paysagiste et sp\u00e9cialiste des sc\u00e8nes de genre, Henri Jamet compte parmi les artistes de la vall\u00e9e de la Creuse. Partageant, pour l\u2019essentiel, son activit\u00e9 d\u2019artiste entre Montmartre et la vall\u00e9e de la Creuse, celle de professeur de peinture entre Paris, Orl\u00e9ans et Ch\u00e2teauroux, Henri Jamet, natif de Gien, fut en son temps un artiste [&hellip;]<\/p>\n","protected":false},"featured_media":50499,"template":"","meta":{"_acf_changed":false,"_genesis_hide_title":false,"_genesis_hide_breadcrumbs":false,"_genesis_hide_singular_image":false,"_genesis_hide_footer_widgets":false,"_genesis_custom_body_class":"","_genesis_custom_post_class":"","_genesis_layout":""},"product_brand":[],"product_cat":[7135,7133],"product_tag":[],"class_list":{"0":"post-50496","1":"product","2":"type-product","3":"status-publish","4":"has-post-thumbnail","6":"product_cat-arts-oc","7":"product_cat-libres-oc","8":"pa_auteur-jamet-christian-oc","9":"pa_editeur-les-ardents-editeurs-oc","10":"pa_langue-francais-oc","11":"entry","13":"first","14":"instock","15":"shipping-taxable","16":"purchasable","17":"product-type-simple"},"acf":[],"_links":{"self":[{"href":"https:\/\/www.libraria-occitana.org\/oc\/wp-json\/wp\/v2\/product\/50496","targetHints":{"allow":["GET"]}}],"collection":[{"href":"https:\/\/www.libraria-occitana.org\/oc\/wp-json\/wp\/v2\/product"}],"about":[{"href":"https:\/\/www.libraria-occitana.org\/oc\/wp-json\/wp\/v2\/types\/product"}],"wp:featuredmedia":[{"embeddable":true,"href":"https:\/\/www.libraria-occitana.org\/oc\/wp-json\/wp\/v2\/media\/50499"}],"wp:attachment":[{"href":"https:\/\/www.libraria-occitana.org\/oc\/wp-json\/wp\/v2\/media?parent=50496"}],"wp:term":[{"taxonomy":"product_brand","embeddable":true,"href":"https:\/\/www.libraria-occitana.org\/oc\/wp-json\/wp\/v2\/product_brand?post=50496"},{"taxonomy":"product_cat","embeddable":true,"href":"https:\/\/www.libraria-occitana.org\/oc\/wp-json\/wp\/v2\/product_cat?post=50496"},{"taxonomy":"product_tag","embeddable":true,"href":"https:\/\/www.libraria-occitana.org\/oc\/wp-json\/wp\/v2\/product_tag?post=50496"}],"curies":[{"name":"wp","href":"https:\/\/api.w.org\/{rel}","templated":true}]}}