{"id":50640,"date":"1989-01-29T19:17:49","date_gmt":"1989-01-29T18:17:49","guid":{"rendered":"http:\/\/www.libraria-occitana.org\/product\/chants-du-perigord-et-du-limousin-lo-bornat-n4\/"},"modified":"2026-04-29T04:06:27","modified_gmt":"2026-04-29T02:06:27","slug":"chants-du-perigord-et-du-limousin-lo-bornat-n4","status":"publish","type":"product","link":"https:\/\/www.libraria-occitana.org\/oc\/produch\/chants-du-perigord-et-du-limousin-lo-bornat-n4\/","title":{"rendered":"Chants du P\u00e9rigord et du Limousin \/ Lo Bornat N\u00b04"},"content":{"rendered":"<p>Fernand de La Tombelle, n\u00e9 \u00e0 Paris en 1854 et mort au ch\u00e2teau de Fayrac en Dordogne en 1928, est un compositeur et organiste fran\u00e7ais, professeur d&#8217;harmonie \u00e0 la Schola cantorum (en 1895).<br \/>\nSon \u0153uvre de pr\u00e9dilection reste son \u0153uvre chorale repr\u00e9sent\u00e9e par une tr\u00e8s importante production de partitions pour ch\u0153urs \u00e0 voix mixtes ou \u00e9gale.<br \/>\nEn plus de ses activit\u00e9s musicales, il s\u2019int\u00e9ressa activement \u00e0 la po\u00e9sie, \u00e0 la sculpture, \u00e0 la photographie, \u00e0 l\u2019astronomie et au folklore.<br \/>\nP\u00e9rigourdin par attaches familiales, il harmonisa des no\u00ebls et chansons du P\u00e9rigord. Comme Joseph Canteloube ou D\u00e9odat de S\u00e9verac, il contribua \u00e0 la d\u00e9couverte de l&#8217;immense richesse de notre patrimoine musical.<\/p>\n<p>Ce num\u00e9ro comprend la reproduction de :<br \/>\n&#8211; <em>Chansons patoises du P\u00e9rigord traduites et harmonis\u00e9es par Fernand de La Tombelle<\/em> : \u00ab Les chansons pr\u00e9sent\u00e9es dans cet ouvrage proviennent de plusieurs sources parmi lesquelles il convient de citer, en premi\u00e8re ligne, le recueil de l&#8217;\u00e9rudit et patient chanoine Chaminade. D&#8217;autres de ces chansons furent recueillies au hasard des fouilles, dans les biblioth\u00e8ques, ou les greniers ; d&#8217;autres enfin, ont \u00e9t\u00e9 not\u00e9es au cours de promenades errantes \u00e0 travers champs \u2013 \u00e0 travers chants ! \u00bb<br \/>\n&#8211; <em>Vieux airs limousins recueillis et transcrits en dialecte limousin par Mme \u00c9douard Gaillot, interpr\u00e9tation fran\u00e7aise et harmonisation par F. de La Tombelle<\/em>.<\/p>\n","protected":false},"excerpt":{"rendered":"<p>Fernand de La Tombelle, n\u00e9 \u00e0 Paris en 1854 et mort au ch\u00e2teau de Fayrac en Dordogne en 1928, est un compositeur et organiste fran\u00e7ais, professeur d&#8217;harmonie \u00e0 la Schola cantorum (en 1895). Son \u0153uvre de pr\u00e9dilection reste son \u0153uvre chorale repr\u00e9sent\u00e9e par une tr\u00e8s importante production de partitions pour ch\u0153urs \u00e0 voix mixtes ou [&hellip;]<\/p>\n","protected":false},"featured_media":50632,"template":"","meta":{"_acf_changed":false,"_genesis_hide_title":false,"_genesis_hide_breadcrumbs":false,"_genesis_hide_singular_image":false,"_genesis_hide_footer_widgets":false,"_genesis_custom_body_class":"","_genesis_custom_post_class":"","_genesis_layout":""},"product_brand":[],"product_cat":[7133,7191,7193],"product_tag":[],"class_list":{"0":"post-50640","1":"product","2":"type-product","3":"status-publish","4":"has-post-thumbnail","6":"product_cat-libres-oc","7":"product_cat-musica-danca-oc","8":"product_cat-particions-paraulas-de-chancons-oc","9":"pa_auteur-la-tombelle-fernand-de-oc","10":"pa_editeur-lo-bornat-dau-perigord-oc","11":"pa_langue-occitan-lemosin-oc","12":"pa_langue-occitan-lengadocian-oc","13":"pa_langue-occitan-francais-oc","14":"entry","16":"first","17":"outofstock","18":"shipping-taxable","19":"purchasable","20":"product-type-simple"},"acf":[],"_links":{"self":[{"href":"https:\/\/www.libraria-occitana.org\/oc\/wp-json\/wp\/v2\/product\/50640","targetHints":{"allow":["GET"]}}],"collection":[{"href":"https:\/\/www.libraria-occitana.org\/oc\/wp-json\/wp\/v2\/product"}],"about":[{"href":"https:\/\/www.libraria-occitana.org\/oc\/wp-json\/wp\/v2\/types\/product"}],"wp:featuredmedia":[{"embeddable":true,"href":"https:\/\/www.libraria-occitana.org\/oc\/wp-json\/wp\/v2\/media\/50632"}],"wp:attachment":[{"href":"https:\/\/www.libraria-occitana.org\/oc\/wp-json\/wp\/v2\/media?parent=50640"}],"wp:term":[{"taxonomy":"product_brand","embeddable":true,"href":"https:\/\/www.libraria-occitana.org\/oc\/wp-json\/wp\/v2\/product_brand?post=50640"},{"taxonomy":"product_cat","embeddable":true,"href":"https:\/\/www.libraria-occitana.org\/oc\/wp-json\/wp\/v2\/product_cat?post=50640"},{"taxonomy":"product_tag","embeddable":true,"href":"https:\/\/www.libraria-occitana.org\/oc\/wp-json\/wp\/v2\/product_tag?post=50640"}],"curies":[{"name":"wp","href":"https:\/\/api.w.org\/{rel}","templated":true}]}}