{"id":50668,"date":"2013-11-30T12:29:14","date_gmt":"2013-11-30T11:29:14","guid":{"rendered":"http:\/\/www.libraria-occitana.org\/?post_type=product&#038;p=50668"},"modified":"2026-04-29T11:04:40","modified_gmt":"2026-04-29T09:04:40","slug":"les-fraisses-eran-tombats","status":"publish","type":"product","link":"https:\/\/www.libraria-occitana.org\/oc\/produch\/les-fraisses-eran-tombats\/","title":{"rendered":"Les fraisses \u00e8ran tombats"},"content":{"rendered":"<p>Las annadas 1980 : Barriac, un vilatge plan auvernhat, amb sos pa\u00efsatges e sas mentalitats pr\u00f2pias, dintra coma p\u00f2t dins lo monde mod\u00e8rne.<\/p>\n<p>Un roman que parla d\u2019au\u00e8i, e non pas de la vida paisana d\u2019un c\u00f2p \u00e8ra : lo personatge m\u00e0ger, Daniela, pla\u00e7ada dins un caf\u00e8 tre sa sortida de l\u2019esc\u00f2la e qu\u2019arriba emprenhada sens que se conegu\u00e8sse lo paire, aqu\u00f2\u2019s una realitat de l\u2019Auv\u00e8rnhe d\u2019au\u00e8i. Una realitat que se m\u00f2stra tal coma es, pas blanca ni negra.<\/p>\n<p>Cob\u00e8rta doas clors (fotografias de G. Rossi\u00e9s), un roman illustrat per Felipe Sabati\u00e8r, amb de n\u00f2tas de vocabulari en franc\u00e9s.<\/p>\n<p>Aquela edicion es un reprint de l&#8217;edicion de 1981 (colleccion A tots, IEO Cantal &#8211; Ostal del libre).<\/p>\n<p>La seguida de &#8216;queu roman : <a href=\"http:\/\/www.libraria-occitana.org\/produit\/las-vaissas-avian-folhat\/\"><em>Las vaissas avi\u00e1n folhat<\/em><\/a><\/p>\n","protected":false},"excerpt":{"rendered":"<p>Las annadas 1980 : Barriac, un vilatge plan auvernhat, amb sos pa\u00efsatges e sas mentalitats pr\u00f2pias, dintra coma p\u00f2t dins lo monde mod\u00e8rne. Un roman que parla d\u2019au\u00e8i, e non pas de la vida paisana d\u2019un c\u00f2p \u00e8ra : lo personatge m\u00e0ger, Daniela, pla\u00e7ada dins un caf\u00e8 tre sa sortida de l\u2019esc\u00f2la e qu\u2019arriba emprenhada [&hellip;]<\/p>\n","protected":false},"featured_media":50673,"template":"","meta":{"_acf_changed":false,"_genesis_hide_title":false,"_genesis_hide_breadcrumbs":false,"_genesis_hide_singular_image":false,"_genesis_hide_footer_widgets":false,"_genesis_custom_body_class":"","_genesis_custom_post_class":"","_genesis_layout":""},"product_brand":[],"product_cat":[7133,7175,7183],"product_tag":[],"class_list":{"0":"post-50668","1":"product","2":"type-product","3":"status-publish","4":"has-post-thumbnail","6":"product_cat-libres-oc","7":"product_cat-literatura-oc","8":"product_cat-romans-novelas-oc","9":"pa_auteur-daval-felic-oc","10":"pa_editeur-lostal-del-libre-oc","11":"pa_langue-occitan-oc","12":"pa_langue-occitan-lengadocian-oc","13":"entry","15":"first","16":"instock","17":"shipping-taxable","18":"purchasable","19":"product-type-simple"},"acf":[],"_links":{"self":[{"href":"https:\/\/www.libraria-occitana.org\/oc\/wp-json\/wp\/v2\/product\/50668","targetHints":{"allow":["GET"]}}],"collection":[{"href":"https:\/\/www.libraria-occitana.org\/oc\/wp-json\/wp\/v2\/product"}],"about":[{"href":"https:\/\/www.libraria-occitana.org\/oc\/wp-json\/wp\/v2\/types\/product"}],"wp:featuredmedia":[{"embeddable":true,"href":"https:\/\/www.libraria-occitana.org\/oc\/wp-json\/wp\/v2\/media\/50673"}],"wp:attachment":[{"href":"https:\/\/www.libraria-occitana.org\/oc\/wp-json\/wp\/v2\/media?parent=50668"}],"wp:term":[{"taxonomy":"product_brand","embeddable":true,"href":"https:\/\/www.libraria-occitana.org\/oc\/wp-json\/wp\/v2\/product_brand?post=50668"},{"taxonomy":"product_cat","embeddable":true,"href":"https:\/\/www.libraria-occitana.org\/oc\/wp-json\/wp\/v2\/product_cat?post=50668"},{"taxonomy":"product_tag","embeddable":true,"href":"https:\/\/www.libraria-occitana.org\/oc\/wp-json\/wp\/v2\/product_tag?post=50668"}],"curies":[{"name":"wp","href":"https:\/\/api.w.org\/{rel}","templated":true}]}}