{"id":51288,"date":"2020-05-19T18:58:21","date_gmt":"2020-05-19T16:58:21","guid":{"rendered":"http:\/\/www.libraria-occitana.org\/?post_type=product&#038;p=51288"},"modified":"2026-04-29T05:41:35","modified_gmt":"2026-04-29T03:41:35","slug":"entalh","status":"publish","type":"product","link":"https:\/\/www.libraria-occitana.org\/oc\/produch\/entalh\/","title":{"rendered":"Entalh"},"content":{"rendered":"<p><strong>Lolita Delmonteil Ayral :<\/strong> Accord\u00e9on diatonique, accord\u00e9on chromatique, ttun ttun, chant (1-4), ch\u0153urs<br \/>\n<strong>Julien Est\u00e8ves :<\/strong> Guitare t\u00e9nor, bouzouki (6-7-8-12-13), calebasse (1-4-6-9-10-12), tom basse (8), percussions additionnelles, ch\u0153urs<br \/>\n<strong>Juliette Minvielle :<\/strong> Chant, surdo, pandeiro, tom basse (8), tambourin, triangle, wah wah tube, guimbardes, percussions additionnelles (7)<br \/>\n<strong>Camille Raibaud :<\/strong> Violon, alto, mandoline, bouzouki irlandais (7-12)<\/p>\n<p>Invit\u00e9s : <strong>Jean-Marie Nivaigne<\/strong> &#8211; batterie, bombo argentin ; <strong>Illyes Ferfera<\/strong> &#8211; saxophone soprano ; <strong>Simon Guillaumin<\/strong> &#8211; vielle \u00e0 roue ; <strong>Julien Padovani<\/strong> &#8211; Fenfer Rhodes et Moog sub37 ; <strong>Berthe Merlou<\/strong> &#8211; r\u00e9citation de texte<\/p>\n<p>La\u00fcsa : \u00c9tincelle en gascon<br \/>\n\u00ab Parcelle incandescente qui se d\u00e9tache d&#8217;un corps enflamm\u00e9 ou qui jaillit du frottement de deux corps \u00bb<\/p>\n<p>La\u00fcsa [lahuze] est un voyage musical qui puise son identit\u00e9 dans la tradition musicale gasconne et se permet quelques d\u00e9tours \u00ab \u00e0 travers chants \u00bb.<br \/>\nOn peut y entendre des couleurs m\u00e9diterran\u00e9ennes et atlantiques aussi bien que des sonorit\u00e9s emprunt\u00e9es aux musiques actuelles.<br \/>\nRiche de collectages minutieusement r\u00e9arrang\u00e9s mais \u00e9galement de compositions personnelles, embarquement pour un tourbillon g\u00e9n\u00e9reux pour faire danser les pieds et la t\u00eate.<\/p>\n<p><strong>Titres :<\/strong><br \/>\n1. Ua causa sonque ei segura<br \/>\n2. Qu&#8217;ei a<br \/>\n3. Erran\u00e7a<br \/>\n4. Nau sacs de hroment<br \/>\n5. Interludi<br \/>\n6. La pendula<br \/>\n7. Hr\u00e8be deu Carnaval<br \/>\n8. Secreta<br \/>\n9. La lega<br \/>\n10. Congo d&#8217;Anna-Congo Celos<br \/>\n11. Safara<br \/>\n12. Passava en secret<br \/>\n13. Beth c\u00e8u de Pau<br \/>\n14. Las reviradas de Marion<br \/>\n15. Que seguir\u00e0&#8230;<\/p>\n","protected":false},"excerpt":{"rendered":"<p>Lolita Delmonteil Ayral : Accord\u00e9on diatonique, accord\u00e9on chromatique, ttun ttun, chant (1-4), ch\u0153urs Julien Est\u00e8ves : Guitare t\u00e9nor, bouzouki (6-7-8-12-13), calebasse (1-4-6-9-10-12), tom basse (8), percussions additionnelles, ch\u0153urs Juliette Minvielle : Chant, surdo, pandeiro, tom basse (8), tambourin, triangle, wah wah tube, guimbardes, percussions additionnelles (7) Camille Raibaud : Violon, alto, mandoline, bouzouki irlandais (7-12) [&hellip;]<\/p>\n","protected":false},"featured_media":51291,"template":"","meta":{"_acf_changed":false,"_genesis_hide_title":false,"_genesis_hide_breadcrumbs":false,"_genesis_hide_singular_image":false,"_genesis_hide_footer_widgets":false,"_genesis_custom_body_class":"","_genesis_custom_post_class":"","_genesis_layout":""},"product_brand":[],"product_cat":[16683,7229],"product_tag":[],"class_list":{"0":"post-51288","1":"product","2":"type-product","3":"status-publish","4":"has-post-thumbnail","6":"product_cat-musica-oc","7":"product_cat-novela-tradicion-oc","8":"pa_auteur-lausa-oc","9":"pa_editeur-tradethik-productions-oc","10":"pa_langue-autras-lingas-oc","11":"pa_langue-occitan-gascon-oc","12":"pa_langue-occitan-francais-oc","13":"entry","15":"first","16":"instock","17":"shipping-taxable","18":"purchasable","19":"product-type-simple"},"acf":[],"_links":{"self":[{"href":"https:\/\/www.libraria-occitana.org\/oc\/wp-json\/wp\/v2\/product\/51288","targetHints":{"allow":["GET"]}}],"collection":[{"href":"https:\/\/www.libraria-occitana.org\/oc\/wp-json\/wp\/v2\/product"}],"about":[{"href":"https:\/\/www.libraria-occitana.org\/oc\/wp-json\/wp\/v2\/types\/product"}],"wp:featuredmedia":[{"embeddable":true,"href":"https:\/\/www.libraria-occitana.org\/oc\/wp-json\/wp\/v2\/media\/51291"}],"wp:attachment":[{"href":"https:\/\/www.libraria-occitana.org\/oc\/wp-json\/wp\/v2\/media?parent=51288"}],"wp:term":[{"taxonomy":"product_brand","embeddable":true,"href":"https:\/\/www.libraria-occitana.org\/oc\/wp-json\/wp\/v2\/product_brand?post=51288"},{"taxonomy":"product_cat","embeddable":true,"href":"https:\/\/www.libraria-occitana.org\/oc\/wp-json\/wp\/v2\/product_cat?post=51288"},{"taxonomy":"product_tag","embeddable":true,"href":"https:\/\/www.libraria-occitana.org\/oc\/wp-json\/wp\/v2\/product_tag?post=51288"}],"curies":[{"name":"wp","href":"https:\/\/api.w.org\/{rel}","templated":true}]}}