{"id":51329,"date":"2001-09-20T15:26:09","date_gmt":"2001-09-20T13:26:09","guid":{"rendered":"http:\/\/www.libraria-occitana.org\/?post_type=product&#038;p=51329"},"modified":"2026-04-29T10:03:50","modified_gmt":"2026-04-29T08:03:50","slug":"ronds-et-carres-fac-simile","status":"publish","type":"product","link":"https:\/\/www.libraria-occitana.org\/oc\/produch\/ronds-et-carres-fac-simile\/","title":{"rendered":"Ronds et carr\u00e9s (Fac-simil\u00e9)"},"content":{"rendered":"<p>Fac-simil\u00e9 d&#8217;un album de 1932 contenant deux planches de figures g\u00e9om\u00e9triques \u00e0 d\u00e9couper pour couvrir les illustrations des pages pr\u00e9c\u00e9dentes.<\/p>\n","protected":false},"excerpt":{"rendered":"<p>Fac-simil\u00e9 d&#8217;un album de 1932 contenant deux planches de figures g\u00e9om\u00e9triques \u00e0 d\u00e9couper pour couvrir les illustrations des pages pr\u00e9c\u00e9dentes.<\/p>\n","protected":false},"featured_media":51320,"template":"","meta":{"_acf_changed":false,"_genesis_hide_title":false,"_genesis_hide_breadcrumbs":false,"_genesis_hide_singular_image":false,"_genesis_hide_footer_widgets":false,"_genesis_custom_body_class":"","_genesis_custom_post_class":"","_genesis_layout":""},"product_brand":[],"product_cat":[7171,7165,7133],"product_tag":[],"class_list":{"0":"post-51329","1":"product","2":"type-product","3":"status-publish","4":"has-post-thumbnail","6":"product_cat-drolles-oc","7":"product_cat-jounessa-bd-umor","8":"product_cat-libres-oc","9":"pa_auteur-parain-nathalie-oc","10":"pa_editeur-flammarion-oc","11":"pa_langue-francais-oc","12":"entry","14":"first","15":"instock","16":"shipping-taxable","17":"purchasable","18":"product-type-simple"},"acf":[],"_links":{"self":[{"href":"https:\/\/www.libraria-occitana.org\/oc\/wp-json\/wp\/v2\/product\/51329","targetHints":{"allow":["GET"]}}],"collection":[{"href":"https:\/\/www.libraria-occitana.org\/oc\/wp-json\/wp\/v2\/product"}],"about":[{"href":"https:\/\/www.libraria-occitana.org\/oc\/wp-json\/wp\/v2\/types\/product"}],"wp:featuredmedia":[{"embeddable":true,"href":"https:\/\/www.libraria-occitana.org\/oc\/wp-json\/wp\/v2\/media\/51320"}],"wp:attachment":[{"href":"https:\/\/www.libraria-occitana.org\/oc\/wp-json\/wp\/v2\/media?parent=51329"}],"wp:term":[{"taxonomy":"product_brand","embeddable":true,"href":"https:\/\/www.libraria-occitana.org\/oc\/wp-json\/wp\/v2\/product_brand?post=51329"},{"taxonomy":"product_cat","embeddable":true,"href":"https:\/\/www.libraria-occitana.org\/oc\/wp-json\/wp\/v2\/product_cat?post=51329"},{"taxonomy":"product_tag","embeddable":true,"href":"https:\/\/www.libraria-occitana.org\/oc\/wp-json\/wp\/v2\/product_tag?post=51329"}],"curies":[{"name":"wp","href":"https:\/\/api.w.org\/{rel}","templated":true}]}}