{"id":51539,"date":"2019-11-29T18:13:05","date_gmt":"2019-11-29T17:13:05","guid":{"rendered":"http:\/\/www.libraria-occitana.org\/?post_type=product&#038;p=51539"},"modified":"2026-04-16T21:41:46","modified_gmt":"2026-04-16T19:41:46","slug":"lou-casteu-de-ma-maire","status":"publish","type":"product","link":"https:\/\/www.libraria-occitana.org\/oc\/produch\/lou-casteu-de-ma-maire\/","title":{"rendered":"Lou Cast\u00e8u de ma Maire"},"content":{"rendered":"<p><strong>En occitan proven\u00e7al graphie mistralienne.<\/strong><\/p>\n<p>Apr\u00e8s <a href=\"http:\/\/www.libraria-occitana.org\/produit\/la-glori-de-moun-paire\/\"><em>La Gl\u00f2ri de moun Paire<\/em><\/a>, voici le deuxi\u00e8me tome des \u00ab Souvenirs d\u2019enfance \u00bb de Marcel Pagnol adapt\u00e9s en BD par Serge Scotto, \u00c9ric Stoffel &amp; Morgann Tanco, et traduits en proven\u00e7al par Jean-Michel Turc.<\/p>\n<p>La fin de l\u2019\u00e9t\u00e9 est un drame pour le petit Marcel Pagnol, oblig\u00e9 d\u2019abandonner ses ch\u00e8res collines. Mais la famille monte dor\u00e9navant chaque samedi \u00e0 La Bastide Neuve. Un matin, lors d\u2019une partie de chasse dans la garrigue, Marcel fait la rencontre d\u2019un jeune paysan, Lili des Bellons. Une nouvelle aventure s\u2019offre \u00e0 lui : celle de l\u2019amiti\u00e9. Pittoresque et truculent.<\/p>\n<blockquote>\n<p>Lili sabi\u00e9 chasque valoun, chasque vabre, chasque drai\u00f2u, chasco p\u00e9iro d&#8217;aqu\u00e9lei couelo&#8230;<br \/>\nDe mai, sabi\u00e9 leis ouro e leis us d\u00f3u gibi\u00e9 !<\/p>\n<\/blockquote>\n","protected":false},"excerpt":{"rendered":"<p>En occitan proven\u00e7al graphie mistralienne. Apr\u00e8s La Gl\u00f2ri de moun Paire, voici le deuxi\u00e8me tome des \u00ab Souvenirs d\u2019enfance \u00bb de Marcel Pagnol adapt\u00e9s en BD par Serge Scotto, \u00c9ric Stoffel &amp; Morgann Tanco, et traduits en proven\u00e7al par Jean-Michel Turc. La fin de l\u2019\u00e9t\u00e9 est un drame pour le petit Marcel Pagnol, oblig\u00e9 d\u2019abandonner [&hellip;]<\/p>\n","protected":false},"featured_media":51542,"template":"","meta":{"_acf_changed":false,"_genesis_hide_title":false,"_genesis_hide_breadcrumbs":false,"_genesis_hide_singular_image":false,"_genesis_hide_footer_widgets":false,"_genesis_custom_body_class":"","_genesis_custom_post_class":"","_genesis_layout":""},"product_brand":[],"product_cat":[7169,7165,7133],"product_tag":[],"class_list":{"0":"post-51539","1":"product","2":"type-product","3":"status-publish","4":"has-post-thumbnail","6":"product_cat-benda-dessenhada-oc","7":"product_cat-jounessa-bd-umor","8":"product_cat-libres-oc","9":"pa_auteur-scotto-serge-oc","10":"pa_auteur-stoffel-eric-oc","11":"pa_auteur-tanco-morgann-oc","12":"pa_editeur-bamboo-edition-oc","13":"pa_illustrateur-turc-jean-michel-oc","14":"pa_langue-occitan-oc","15":"pa_langue-occitan-provencau-oc","16":"entry","18":"first","19":"instock","20":"shipping-taxable","21":"purchasable","22":"product-type-simple"},"acf":[],"_links":{"self":[{"href":"https:\/\/www.libraria-occitana.org\/oc\/wp-json\/wp\/v2\/product\/51539","targetHints":{"allow":["GET"]}}],"collection":[{"href":"https:\/\/www.libraria-occitana.org\/oc\/wp-json\/wp\/v2\/product"}],"about":[{"href":"https:\/\/www.libraria-occitana.org\/oc\/wp-json\/wp\/v2\/types\/product"}],"wp:featuredmedia":[{"embeddable":true,"href":"https:\/\/www.libraria-occitana.org\/oc\/wp-json\/wp\/v2\/media\/51542"}],"wp:attachment":[{"href":"https:\/\/www.libraria-occitana.org\/oc\/wp-json\/wp\/v2\/media?parent=51539"}],"wp:term":[{"taxonomy":"product_brand","embeddable":true,"href":"https:\/\/www.libraria-occitana.org\/oc\/wp-json\/wp\/v2\/product_brand?post=51539"},{"taxonomy":"product_cat","embeddable":true,"href":"https:\/\/www.libraria-occitana.org\/oc\/wp-json\/wp\/v2\/product_cat?post=51539"},{"taxonomy":"product_tag","embeddable":true,"href":"https:\/\/www.libraria-occitana.org\/oc\/wp-json\/wp\/v2\/product_tag?post=51539"}],"curies":[{"name":"wp","href":"https:\/\/api.w.org\/{rel}","templated":true}]}}