{"id":51668,"date":"2018-11-08T16:13:42","date_gmt":"2018-11-08T15:13:42","guid":{"rendered":"http:\/\/www.libraria-occitana.org\/?post_type=product&#038;p=51668"},"modified":"2026-04-08T21:41:19","modified_gmt":"2026-04-08T19:41:19","slug":"la-glori-de-moun-paire","status":"publish","type":"product","link":"https:\/\/www.libraria-occitana.org\/oc\/produch\/la-glori-de-moun-paire\/","title":{"rendered":"La Gl\u00f2ri de moun Paire"},"content":{"rendered":"<p><strong>En occitan proven\u00e7al graphie mistralienne.<\/strong><\/p>\n<p>Le premier tome des \u00ab Souvenirs d\u2019enfance \u00bb de Marcel Pagnol adapt\u00e9s en BD par Serge Scotto, \u00c9ric Stoffel &amp; Morgann Tanco, et traduits en proven\u00e7al par Jean-Michel Turc.<\/p>\n<p>Les vacances d\u2019\u00e9t\u00e9 dans la garrigue sont une r\u00e9v\u00e9lation pour le jeune Marcel Pagnol et son petit fr\u00e8re, qui tombent amoureux des collines, de sa v\u00e9g\u00e9tation sauvage, de ses massifs de roche : Garlaban\u2026 Sc\u00e8nes truculentes de vie, humour et souvenirs nostalgiques, le sens inn\u00e9 de Pagnol de la mise en situation, son go\u00fbt de la farce, \u00e9maillent ce r\u00e9cit chaleureux, dont le charme se partage entre les d\u00e9cors et la saveur cisel\u00e9e des dialogues.<\/p>\n<blockquote>\n<p>Moun paire avi\u00e9 vinto-cinq an de mai que i\u00e9u. Ac\u00f2 chanj\u00e8 jamai. Em&#8217; Agustino, erian autant joueine perqu\u00e9 ma maire \u00e8ro coumo i\u00e9u&#8230;<\/p>\n<\/blockquote>\n<p>La suite : <a href=\"http:\/\/www.libraria-occitana.org\/produit\/lou-casteu-de-ma-maire\/\"><em>Lou Cast\u00e8u de ma Maire<\/em><\/a><\/p>\n","protected":false},"excerpt":{"rendered":"<p>En occitan proven\u00e7al graphie mistralienne. Le premier tome des \u00ab Souvenirs d\u2019enfance \u00bb de Marcel Pagnol adapt\u00e9s en BD par Serge Scotto, \u00c9ric Stoffel &amp; Morgann Tanco, et traduits en proven\u00e7al par Jean-Michel Turc. Les vacances d\u2019\u00e9t\u00e9 dans la garrigue sont une r\u00e9v\u00e9lation pour le jeune Marcel Pagnol et son petit fr\u00e8re, qui tombent amoureux [&hellip;]<\/p>\n","protected":false},"featured_media":51671,"template":"","meta":{"_acf_changed":false,"_genesis_hide_title":false,"_genesis_hide_breadcrumbs":false,"_genesis_hide_singular_image":false,"_genesis_hide_footer_widgets":false,"_genesis_custom_body_class":"","_genesis_custom_post_class":"","_genesis_layout":""},"product_brand":[],"product_cat":[7169,7165,7133],"product_tag":[],"class_list":{"0":"post-51668","1":"product","2":"type-product","3":"status-publish","4":"has-post-thumbnail","6":"product_cat-benda-dessenhada-oc","7":"product_cat-jounessa-bd-umor","8":"product_cat-libres-oc","9":"pa_auteur-scotto-serge-oc","10":"pa_auteur-stoffel-eric-oc","11":"pa_auteur-tanco-morgann-oc","12":"pa_editeur-bamboo-edition-oc","13":"pa_illustrateur-turc-jean-michel-oc","14":"pa_langue-occitan-oc","15":"pa_langue-occitan-provencau-oc","16":"entry","18":"first","19":"outofstock","20":"shipping-taxable","21":"purchasable","22":"product-type-simple"},"acf":[],"_links":{"self":[{"href":"https:\/\/www.libraria-occitana.org\/oc\/wp-json\/wp\/v2\/product\/51668","targetHints":{"allow":["GET"]}}],"collection":[{"href":"https:\/\/www.libraria-occitana.org\/oc\/wp-json\/wp\/v2\/product"}],"about":[{"href":"https:\/\/www.libraria-occitana.org\/oc\/wp-json\/wp\/v2\/types\/product"}],"wp:featuredmedia":[{"embeddable":true,"href":"https:\/\/www.libraria-occitana.org\/oc\/wp-json\/wp\/v2\/media\/51671"}],"wp:attachment":[{"href":"https:\/\/www.libraria-occitana.org\/oc\/wp-json\/wp\/v2\/media?parent=51668"}],"wp:term":[{"taxonomy":"product_brand","embeddable":true,"href":"https:\/\/www.libraria-occitana.org\/oc\/wp-json\/wp\/v2\/product_brand?post=51668"},{"taxonomy":"product_cat","embeddable":true,"href":"https:\/\/www.libraria-occitana.org\/oc\/wp-json\/wp\/v2\/product_cat?post=51668"},{"taxonomy":"product_tag","embeddable":true,"href":"https:\/\/www.libraria-occitana.org\/oc\/wp-json\/wp\/v2\/product_tag?post=51668"}],"curies":[{"name":"wp","href":"https:\/\/api.w.org\/{rel}","templated":true}]}}