{"id":51696,"date":"1996-04-08T19:01:19","date_gmt":"1996-04-08T17:01:19","guid":{"rendered":"http:\/\/www.libraria-occitana.org\/?post_type=product&#038;p=51696"},"modified":"2026-04-29T05:11:07","modified_gmt":"2026-04-29T03:11:07","slug":"france-gascogne-la-cornemuse-des-landes","status":"publish","type":"product","link":"https:\/\/www.libraria-occitana.org\/oc\/produch\/france-gascogne-la-cornemuse-des-landes\/","title":{"rendered":"France : Gascogne &#8211; La cornemuse des Landes"},"content":{"rendered":"<p><strong>Jeanty Benquet, Patrice Bianco, Alain Cadeillan, Bernard Desblancs, Robert Matta :<\/strong> Cornemuses<br \/>\n<strong>Alain Floutard :<\/strong> Accord\u00e9on<br \/>\n<strong>Michel Harismendy :<\/strong> Vielle \u00e0 roue<br \/>\n<strong>Fr\u00e9d\u00e9ric Pouget :<\/strong> Clarinette<\/p>\n<p>\u00ab Cet enregistrement pr\u00e9sente les principaux interpr\u00e8tes de la cornemuse des Landes, cet instument si particulier parmi les autres cornemuses de France. \u00bb<\/p>\n<p><strong>Titres :<\/strong><br \/>\n1. Suite de rondeaux 2&#8217;23<br \/>\n2. Rondeau &#8220;\u00c0 Grenade&#8221; 1&#8217;56<br \/>\n3. Valse &#8220;Quoan v\u00f2ls ganhar&#8221; 2&#8217;31<br \/>\n4. Scottiche<br \/>\n5. Marches du Bazadais 2&#8217;08<br \/>\n6. Polka 1&#8217;32<br \/>\n7. Rondeau 2&#8217;06<br \/>\n8. Valse &#8220;Cervesca&#8221; 3&#8217;03<br \/>\n9. Fandango et Arin-arin 2&#8217;37<br \/>\n10. Rondeau &#8220;Dessus le noste trilhe&#8221; 2&#8217;04<br \/>\n11. Polka &#8220;Marie melody&#8221; 2&#8217;30<br \/>\n12. Suite de congos 2&#8217;49<br \/>\n13. No\u00ebl &#8220;D\u00e8che m\u00e9 droumi&#8221; 2&#8217;48<br \/>\n14. Scottiche 2&#8217;13<br \/>\n15. Rondeau &#8220;Nid de la l\u00e8be&#8221; 2&#8217;52<br \/>\n16. Suite de courantes 3&#8217;00<br \/>\n17. Suite de trois rondeaux 2&#8217;59<br \/>\n18. Suite vari\u00e9e : &#8220;Margot&#8221; &#8211; &#8220;Janeton&#8221; &#8211; &#8220;Son d&#8217;eau&#8221; &#8211; &#8220;Cego aderaldo&#8221; 5&#8217;41<br \/>\n19. Airs de noce et deux rondes (&#8220;Miqu\u00e8u qu&#8217;a nau topins de m\u00e8u&#8221; et &#8220;D\u00e9bat mon p\u00e9 i a nau junquets&#8221;) 4&#8217;14<br \/>\n20. Mazurka 2&#8217;13<br \/>\n21. Rondeaux &#8220;Tatan qu&#8217;au\u00e9&#8221; et &#8220;M&#8217;i an balhat un mariton&#8221; 2&#8217;19<br \/>\n22. Suite de scottiches 2&#8217;18<br \/>\n23. Rondeau &#8220;A lo coquin de pire&#8221; 2&#8217;24<br \/>\n24. Valse &#8220;Monica&#8221; 2&#8217;15<br \/>\n25. Congo 1&#8217;06<br \/>\n26. Ronde &#8220;Bigue biguette&#8221; 1&#8217;04<br \/>\n27. &#8220;La Bazadaise &#8211; Varsovienne&#8221; 1&#8217;22<\/p>\n","protected":false},"excerpt":{"rendered":"<p>Jeanty Benquet, Patrice Bianco, Alain Cadeillan, Bernard Desblancs, Robert Matta : Cornemuses Alain Floutard : Accord\u00e9on Michel Harismendy : Vielle \u00e0 roue Fr\u00e9d\u00e9ric Pouget : Clarinette \u00ab Cet enregistrement pr\u00e9sente les principaux interpr\u00e8tes de la cornemuse des Landes, cet instument si particulier parmi les autres cornemuses de France. \u00bb Titres : 1. Suite de rondeaux [&hellip;]<\/p>\n","protected":false},"featured_media":51699,"template":"","meta":{"_acf_changed":false,"_genesis_hide_title":false,"_genesis_hide_breadcrumbs":false,"_genesis_hide_singular_image":false,"_genesis_hide_footer_widgets":false,"_genesis_custom_body_class":"","_genesis_custom_post_class":"","_genesis_layout":""},"product_brand":[],"product_cat":[16683,7229],"product_tag":[],"class_list":{"0":"post-51696","1":"product","2":"type-product","3":"status-publish","4":"has-post-thumbnail","6":"product_cat-musica-oc","7":"product_cat-novela-tradicion-oc","8":"pa_auteur-collectiu-oc-2","9":"pa_editeur-ocora-radio-france-oc","10":"entry","12":"first","13":"outofstock","14":"shipping-taxable","15":"purchasable","16":"product-type-simple"},"acf":[],"_links":{"self":[{"href":"https:\/\/www.libraria-occitana.org\/oc\/wp-json\/wp\/v2\/product\/51696","targetHints":{"allow":["GET"]}}],"collection":[{"href":"https:\/\/www.libraria-occitana.org\/oc\/wp-json\/wp\/v2\/product"}],"about":[{"href":"https:\/\/www.libraria-occitana.org\/oc\/wp-json\/wp\/v2\/types\/product"}],"wp:featuredmedia":[{"embeddable":true,"href":"https:\/\/www.libraria-occitana.org\/oc\/wp-json\/wp\/v2\/media\/51699"}],"wp:attachment":[{"href":"https:\/\/www.libraria-occitana.org\/oc\/wp-json\/wp\/v2\/media?parent=51696"}],"wp:term":[{"taxonomy":"product_brand","embeddable":true,"href":"https:\/\/www.libraria-occitana.org\/oc\/wp-json\/wp\/v2\/product_brand?post=51696"},{"taxonomy":"product_cat","embeddable":true,"href":"https:\/\/www.libraria-occitana.org\/oc\/wp-json\/wp\/v2\/product_cat?post=51696"},{"taxonomy":"product_tag","embeddable":true,"href":"https:\/\/www.libraria-occitana.org\/oc\/wp-json\/wp\/v2\/product_tag?post=51696"}],"curies":[{"name":"wp","href":"https:\/\/api.w.org\/{rel}","templated":true}]}}