{"id":51713,"date":"2009-04-09T13:46:56","date_gmt":"2009-04-09T11:46:56","guid":{"rendered":"http:\/\/www.libraria-occitana.org\/?post_type=product&#038;p=51713"},"modified":"2026-04-29T10:06:15","modified_gmt":"2026-04-29T08:06:15","slug":"la-fleur-inverse-lart-des-troubadours","status":"publish","type":"product","link":"https:\/\/www.libraria-occitana.org\/oc\/produch\/la-fleur-inverse-lart-des-troubadours\/","title":{"rendered":"La fleur inverse : L&#8217;art des troubadours"},"content":{"rendered":"<p>\u00ab&#8230; L&#8217;art des troubadours a un nom, le <em>trobar<\/em>. L&#8217;origine du nom est controvers\u00e9e, mais il est en tout cas li\u00e9 au verbe fran\u00e7ais \u00ab trouver \u00bb. L&#8217;art du <em>trobar<\/em> est un art de d\u00e9couverte, d&#8217;invention les troubadours sont ceux qui trouvent, inventent, imaginent le chant, dans ses diff\u00e9rents aspects, qui recouvrent aussi bien la cr\u00e9ation formelle, la combinatoire de la <em>canso<\/em>, que la po\u00e9sie, la musique et le choix des paroles et arguments de l&#8217;amour&#8230; \u00bb.<\/p>\n<p>\u00ab&#8230; On a dit: \u00ab <em>l&#8217;amour est une invention du XIIe si\u00e8cle<\/em>. Et si invention de l&#8217;amour il y a, les inventeurs en furent les \u00ab trouveurs \u00bb, les <em>trobadors<\/em>. On leur reconna\u00eetra ici, dans cet essai, une invention \u00e0 la fois plus limit\u00e9e et plus singuli\u00e8re, plus particuli\u00e8re, plus orgueilleuse et plus bouleversante: l\u2019invention, ou d\u00e9couverte, des troubadours, n\u2019est pas l\u2019amour elle est que l\u2019amour est ins\u00e9parable de la po\u00e9sie, est le moteur de la po\u00e9sie dans le chant. Les troubadours ont invent\u00e9 qu\u2019il est un lien indissoluble : celui qui unit l\u2019amour \u00e0 la po\u00e9sie&#8230; \u00bb<\/p>\n<p>Ce livre est un hommage aux troubadours et la description de leur art du langage \u00e0 la fois comme forme de vie et comme recherche, comme instrument et comme passion.<\/p>\n","protected":false},"excerpt":{"rendered":"<p>\u00ab&#8230; L&#8217;art des troubadours a un nom, le trobar. L&#8217;origine du nom est controvers\u00e9e, mais il est en tout cas li\u00e9 au verbe fran\u00e7ais \u00ab trouver \u00bb. L&#8217;art du trobar est un art de d\u00e9couverte, d&#8217;invention les troubadours sont ceux qui trouvent, inventent, imaginent le chant, dans ses diff\u00e9rents aspects, qui recouvrent aussi bien la [&hellip;]<\/p>\n","protected":false},"featured_media":51716,"template":"","meta":{"_acf_changed":false,"_genesis_hide_title":false,"_genesis_hide_breadcrumbs":false,"_genesis_hide_singular_image":false,"_genesis_hide_footer_widgets":false,"_genesis_custom_body_class":"","_genesis_custom_post_class":"","_genesis_layout":""},"product_brand":[],"product_cat":[7189,7133,7175],"product_tag":[],"class_list":{"0":"post-51713","1":"product","2":"type-product","3":"status-publish","4":"has-post-thumbnail","6":"product_cat-estudis-literaris-oc","7":"product_cat-libres-oc","8":"product_cat-literatura-oc","9":"pa_auteur-roubaud-jacques-oc","10":"pa_editeur-les-belles-lettres-oc","11":"pa_langue-francais-oc","12":"entry","14":"first","15":"outofstock","16":"shipping-taxable","17":"purchasable","18":"product-type-simple"},"acf":[],"_links":{"self":[{"href":"https:\/\/www.libraria-occitana.org\/oc\/wp-json\/wp\/v2\/product\/51713","targetHints":{"allow":["GET"]}}],"collection":[{"href":"https:\/\/www.libraria-occitana.org\/oc\/wp-json\/wp\/v2\/product"}],"about":[{"href":"https:\/\/www.libraria-occitana.org\/oc\/wp-json\/wp\/v2\/types\/product"}],"wp:featuredmedia":[{"embeddable":true,"href":"https:\/\/www.libraria-occitana.org\/oc\/wp-json\/wp\/v2\/media\/51716"}],"wp:attachment":[{"href":"https:\/\/www.libraria-occitana.org\/oc\/wp-json\/wp\/v2\/media?parent=51713"}],"wp:term":[{"taxonomy":"product_brand","embeddable":true,"href":"https:\/\/www.libraria-occitana.org\/oc\/wp-json\/wp\/v2\/product_brand?post=51713"},{"taxonomy":"product_cat","embeddable":true,"href":"https:\/\/www.libraria-occitana.org\/oc\/wp-json\/wp\/v2\/product_cat?post=51713"},{"taxonomy":"product_tag","embeddable":true,"href":"https:\/\/www.libraria-occitana.org\/oc\/wp-json\/wp\/v2\/product_tag?post=51713"}],"curies":[{"name":"wp","href":"https:\/\/api.w.org\/{rel}","templated":true}]}}