{"id":51727,"date":"2011-07-09T15:59:37","date_gmt":"2011-07-09T13:59:37","guid":{"rendered":"http:\/\/www.libraria-occitana.org\/product\/veillees-a-chaumeil-atlas-sonore-limousin-musiques-chants-recits-enregistrements-1955-1957-2008-libre-cd-dvd\/"},"modified":"2026-04-29T06:56:35","modified_gmt":"2026-04-29T04:56:35","slug":"veillees-a-chaumeil-atlas-sonore-limousin-musiques-chants-recits-enregistrements-1955-1957-2008-libre-cd-dvd","status":"publish","type":"product","link":"https:\/\/www.libraria-occitana.org\/oc\/produch\/veillees-a-chaumeil-atlas-sonore-limousin-musiques-chants-recits-enregistrements-1955-1957-2008-libre-cd-dvd\/","title":{"rendered":"Veill\u00e9es \u00e0 Chaumeil, Atlas sonore &#8211; Limousin : Musiques, chants, r\u00e9cits&#8230; Enregistrements 1955-1957, 2008 (libre + CD + DVD)"},"content":{"rendered":"<p><strong>\u00ab L\u2019Abb\u00e9 Merlin, il enregistrait les gens de Chaumeil dans des veill\u00e9es\u2026 \u00bb<\/strong><\/p>\n<p>C\u2019est par cette confidence recueillie en 1977 dans les Mon\u00e9di\u00e8res que Jean-Pierre Champeval et Olivier Durif avaient appris l\u2019existence d\u2019enregistrements effectu\u00e9s \u00ab dans les ann\u00e9es cinquante \u00bb aupr\u00e8s des habitants de Chaumeil par un de leur ancien cur\u00e9, l\u2019abb\u00e9 Jacques Merlin.<\/p>\n<p>Mais ce n\u2019est que plus de vingt ans apr\u00e8s \u2014 par un hasard qui n\u2019en \u00e9tait sans doute pas un ! \u2014 qu\u2019ils finiront par retrouver la trace de l\u2019homme et de ses enregistrements, loin de Chaumeil dans un petit village du Sancerrois berrichon\u2026<\/p>\n<p>La suite, \u00e9crite, enregistr\u00e9e et film\u00e9e, vous est racont\u00e9e l\u00e0\u2026<\/p>\n<p><strong>Enqu\u00eates :<\/strong> Olivier Durif (CRMTL), Genevi\u00e8ve Ponty (Trobar), Marion Lherbeil (CRMTL) et Marie-Th\u00e9r\u00e8se Vailler<br \/>\n<strong>Livre :<br \/>\nTranscription et r\u00e9daction des textes :<\/strong> Dominique Decomps et Olivier Durif (CRMTL)<br \/>\n<strong>Traductions occitan-fran\u00e7ais :<\/strong> Dominique Decomps<\/p>\n<p><strong>CD :<br \/>\nEnregistrements sonores de Jacques Merlin (1955-1957)<\/strong> sauf plages 13, 21 et 29 : <strong>Marie-Th\u00e9r\u00e8se Vailler et Marion Lherbeil (2008)<br \/>\n<\/strong><strong>Les interpr\u00e8tes<br \/>\n<\/strong><strong>\u2013 Enregistrements de 1955-1957 :<\/strong> Irma Barry, L\u00e9onie Barry, Marceline Berger, Marie Bourdarias, C\u00e9cile Chastagnol, Jean Chastagnol, Julien Chastagnol, Anna Corr\u00e8ze, Germaine Corr\u00e8ze, Marie Dubayle, Albert Geneste, H\u00e9l\u00e8ne Genet, Maria Jauzeix, L\u00e9onard Lachaud, \u00c9tienne Malagnoux, Marguerite Massounie, Marie Mercier, Abb\u00e9 Merlin, Charles Meyrignac, Jean Mon\u00e9di\u00e8re, Armand Orliaguet, Marcelin Orliaguet, Augustine Sauvage, Louis Sauvage, Emilienne Vailler, Jean Vialette\u2026<br \/>\n<strong>\u2013 Enregistrement de 2008 :<\/strong> Fran\u00e7oise Meyrignac s\u2019entretient avec Marie-Th\u00e9r\u00e8se Vailler et Marion Lherbeil.<\/p>\n<p><strong>Titres CD :<\/strong><br \/>\n1. Les femmes qui \u00ab \u00e9charpaient la laine\u2026 \u00bb 1&#8217;40<br \/>\n2. \u00ab La p\u00f2lca daus Madranjas \u00bb 0&#8217;28<br \/>\n3. \u00ab L\u2019ivern d\u2019antan \u00bb 0&#8217;42<br \/>\n4. \u00ab Tu te\u2019n vas de per los champs \u00bb 1&#8217;13<br \/>\n5. Bourr\u00e9e \u00ab Coifa-te bian \u00bb 0&#8217;26<br \/>\n6. \u00ab Sus la pla\u00e7a de la Concorde lai\u2026 \u00bb 2&#8217;57<br \/>\n7. L\u2019Accident (extrait) 0&#8217;55<br \/>\n8. \u00ab Henri Lacan cherche une femme\u2026 \u00bb 1&#8217;30<br \/>\n9. La romance de Ma\u00eetre Pathelin (extrait) 1&#8217;01<br \/>\n10. La chanson du Patour 3&#8217;20<br \/>\n11. L\u2019embarras du choix 1&#8217;34<br \/>\n12. No\u00ebl \u00ab D\u2019o\u00f9 viens-tu berg\u00e8re \u00bb 0&#8217;37<br \/>\n13. \u00ab Oh \u00f2m se rapela pas de tot \u00bb 3&#8217;15<br \/>\n14. Bourr\u00e9e de Chaumeil 0&#8217;50<br \/>\n15. Valse \u00ab Ce n\u2019\u00e9tait qu\u2019un r\u00eave \u00bb 1&#8217;09<br \/>\n16. Bourr\u00e9e \u00ab Petite Galilote \u00bb 1&#8217;01<br \/>\n17. \u00ab La Pola de Sent Agustin \u00bb 3&#8217;15<br \/>\n18. Cantique de l\u2019Enfant prodigue 0&#8217;51<br \/>\n19. Mon p\u00e8re avait cinq cents moutons 2&#8217;32<br \/>\n20. Gourmandise 0&#8217;36<br \/>\n21. \u00ab Vous alliez \u00e0 l\u2019\u00e9cole \u00e0 Chaumeil ? \u00bb 2&#8217;39<br \/>\n22. Lo Turlututu 1&#8217;13<br \/>\n23. No\u00ebl \u00ab A Bethl\u00e9em \u00bb 2&#8217;12<br \/>\n24. Bourr\u00e9e \u00ab Onte menaretz bargieras \u00bb 1&#8217;32<br \/>\n25. Virginie les larmes aux yeux 1&#8217;56<br \/>\n26. Retour aux champs (extrait) 1&#8217;18<br \/>\n27. De la poule, de la scie du menuisier et de la varlope 1&#8217;27<br \/>\n28. La chanson des bl\u00e9s d\u2019or (extrait) 2&#8217;00<br \/>\n29. \u00ab Quand y avait les foins\u2026 \u00bb 3&#8217;08<br \/>\n30. Entretien avec l\u2019Abb\u00e9 Macary 1&#8217;05<br \/>\n31. Kyrie Eleison 2&#8217;04<br \/>\n32. \u00ab Las pin\u00e7as a sucre \u00bb 1&#8217;56<br \/>\n33. R\u00e9veillez \u00ab Revelhatz-vos \u00bb 1&#8217;00<br \/>\n34. \u00ab Ai gardat mas v-olhas a la poncha dei Puech Blanc \u00bb 0&#8217;57<br \/>\n35. \u00ab Fasiam lo torn \u00bb 0&#8217;18<br \/>\n36. Valse 1&#8217;02<br \/>\n37. \u00ab Allez la Marie, adonc \u00bb 1&#8217;34<br \/>\n38. Bourr\u00e9e \u00ab Que \u00e7ai veniatz far \u00bb 0&#8217;21<br \/>\n39. Bourr\u00e9e \u00ab Coifa-te bian \u00bb 0&#8217;47<br \/>\n40. Bourr\u00e9e \u00ab T\u00f2cha los ganhons \u00bb 0&#8217;22<br \/>\n41. Loulou (Extrait) 0&#8217;52<br \/>\n42. Fin de veill\u00e9e \u00ab Vive Monsieur le Cur\u00e9\u2026 1&#8217;10<\/p>\n<p><strong>Titres DVD :<\/strong><br \/>\nFilms tourn\u00e9s par Roland et Jacqueline Miginiac-Cleiss \u00e0 Maurianges et Chaumeil (19) en 1958-1960 \/ 22&#8217;50<br \/>\n1. Arriv\u00e9e au pays 4\u201957<br \/>\n2. Baignade 3\u201903<br \/>\n3. La vie et les travaux 2\u201937<br \/>\n4. Entre soi 3\u201935<br \/>\n5. Visite du pays 2\u201916<br \/>\n6. Bol d\u2019or 4\u201957<\/p>\n<p>Film tourn\u00e9 par Camille Boime-Auburtin chez l\u2019Abb\u00e9 Jacques Merlin \u00e0 Sury-en-Vaux (18) en 2007 \/ 8&#8217;21<\/p>\n","protected":false},"excerpt":{"rendered":"<p>\u00ab L\u2019Abb\u00e9 Merlin, il enregistrait les gens de Chaumeil dans des veill\u00e9es\u2026 \u00bb C\u2019est par cette confidence recueillie en 1977 dans les Mon\u00e9di\u00e8res que Jean-Pierre Champeval et Olivier Durif avaient appris l\u2019existence d\u2019enregistrements effectu\u00e9s \u00ab dans les ann\u00e9es cinquante \u00bb aupr\u00e8s des habitants de Chaumeil par un de leur ancien cur\u00e9, l\u2019abb\u00e9 Jacques Merlin. Mais [&hellip;]<\/p>\n","protected":false},"featured_media":51726,"template":"","meta":{"_acf_changed":false,"_genesis_hide_title":false,"_genesis_hide_breadcrumbs":false,"_genesis_hide_singular_image":false,"_genesis_hide_footer_widgets":false,"_genesis_custom_body_class":"","_genesis_custom_post_class":"","_genesis_layout":""},"product_brand":[],"product_cat":[7195,7133,7191],"product_tag":[],"class_list":{"0":"post-51727","1":"product","2":"type-product","3":"status-publish","4":"has-post-thumbnail","6":"product_cat-estudis-oc","7":"product_cat-libres-oc","8":"product_cat-musica-danca-oc","9":"pa_auteur-collectiu-oc-2","10":"pa_editeur-crmtl-fr-oc","11":"pa_langue-francais-oc","12":"pa_langue-occitan-lemosin-oc","13":"pa_langue-occitan-francais-oc","14":"entry","16":"first","17":"instock","18":"shipping-taxable","19":"purchasable","20":"product-type-simple"},"acf":[],"_links":{"self":[{"href":"https:\/\/www.libraria-occitana.org\/oc\/wp-json\/wp\/v2\/product\/51727","targetHints":{"allow":["GET"]}}],"collection":[{"href":"https:\/\/www.libraria-occitana.org\/oc\/wp-json\/wp\/v2\/product"}],"about":[{"href":"https:\/\/www.libraria-occitana.org\/oc\/wp-json\/wp\/v2\/types\/product"}],"wp:featuredmedia":[{"embeddable":true,"href":"https:\/\/www.libraria-occitana.org\/oc\/wp-json\/wp\/v2\/media\/51726"}],"wp:attachment":[{"href":"https:\/\/www.libraria-occitana.org\/oc\/wp-json\/wp\/v2\/media?parent=51727"}],"wp:term":[{"taxonomy":"product_brand","embeddable":true,"href":"https:\/\/www.libraria-occitana.org\/oc\/wp-json\/wp\/v2\/product_brand?post=51727"},{"taxonomy":"product_cat","embeddable":true,"href":"https:\/\/www.libraria-occitana.org\/oc\/wp-json\/wp\/v2\/product_cat?post=51727"},{"taxonomy":"product_tag","embeddable":true,"href":"https:\/\/www.libraria-occitana.org\/oc\/wp-json\/wp\/v2\/product_tag?post=51727"}],"curies":[{"name":"wp","href":"https:\/\/api.w.org\/{rel}","templated":true}]}}