{"id":51743,"date":"2020-06-10T13:20:06","date_gmt":"2020-06-10T11:20:06","guid":{"rendered":"http:\/\/www.libraria-occitana.org\/product\/mos-mila-primiers-mots-en-occitan\/"},"modified":"2026-04-18T07:16:32","modified_gmt":"2026-04-18T05:16:32","slug":"mos-mila-primiers-mots-en-occitan","status":"publish","type":"product","link":"https:\/\/www.libraria-occitana.org\/oc\/produch\/mos-mila-primiers-mots-en-occitan\/","title":{"rendered":"Mos mila primi\u00e8rs mots en occitan"},"content":{"rendered":"<p>Aqueste libre enclau un escapolon de 1000 mots occitans, illustrats d\u2019un biais plasent e acompanhats de la prononciacion figurada per tal de los poder dire amb l\u2019accent que cal. Aic\u00ed una escasen\u00e7a pels mainatges (e mai lors parents) de descobrir lo vocabulari de la lenga d\u2019\u00f2c, dins un encastre ludic que lo tiron jaune, masc\u00f2ta del dessenhaire Stephen Cartwright, los esp\u00e8ra amagat dins un recanton de cada pagina dobla.<\/p>\n","protected":false},"excerpt":{"rendered":"<p>Aqueste libre enclau un escapolon de 1000 mots occitans, illustrats d\u2019un biais plasent e acompanhats de la prononciacion figurada per tal de los poder dire amb l\u2019accent que cal. Aic\u00ed una escasen\u00e7a pels mainatges (e mai lors parents) de descobrir lo vocabulari de la lenga d\u2019\u00f2c, dins un encastre ludic que lo tiron jaune, masc\u00f2ta [&hellip;]<\/p>\n","protected":false},"featured_media":51741,"template":"","meta":{"_acf_changed":false,"_genesis_hide_title":false,"_genesis_hide_breadcrumbs":false,"_genesis_hide_singular_image":false,"_genesis_hide_footer_widgets":false,"_genesis_custom_body_class":"","_genesis_custom_post_class":"","_genesis_layout":""},"product_brand":[],"product_cat":[7171,7165,7133],"product_tag":[],"class_list":{"0":"post-51743","1":"product","2":"type-product","3":"status-publish","4":"has-post-thumbnail","6":"product_cat-drolles-oc","7":"product_cat-jounessa-bd-umor","8":"product_cat-libres-oc","9":"pa_auteur-amery-heather-oc","10":"pa_auteur-cartwright-stephen-oc","11":"pa_editeur-tintenfass-oc","12":"pa_illustrateur-quint-nicolas-oc-1","13":"pa_langue-occitan-oc","14":"pa_langue-occitan-lengadocian-oc","15":"entry","17":"first","18":"instock","19":"shipping-taxable","20":"purchasable","21":"product-type-simple"},"acf":[],"_links":{"self":[{"href":"https:\/\/www.libraria-occitana.org\/oc\/wp-json\/wp\/v2\/product\/51743","targetHints":{"allow":["GET"]}}],"collection":[{"href":"https:\/\/www.libraria-occitana.org\/oc\/wp-json\/wp\/v2\/product"}],"about":[{"href":"https:\/\/www.libraria-occitana.org\/oc\/wp-json\/wp\/v2\/types\/product"}],"wp:featuredmedia":[{"embeddable":true,"href":"https:\/\/www.libraria-occitana.org\/oc\/wp-json\/wp\/v2\/media\/51741"}],"wp:attachment":[{"href":"https:\/\/www.libraria-occitana.org\/oc\/wp-json\/wp\/v2\/media?parent=51743"}],"wp:term":[{"taxonomy":"product_brand","embeddable":true,"href":"https:\/\/www.libraria-occitana.org\/oc\/wp-json\/wp\/v2\/product_brand?post=51743"},{"taxonomy":"product_cat","embeddable":true,"href":"https:\/\/www.libraria-occitana.org\/oc\/wp-json\/wp\/v2\/product_cat?post=51743"},{"taxonomy":"product_tag","embeddable":true,"href":"https:\/\/www.libraria-occitana.org\/oc\/wp-json\/wp\/v2\/product_tag?post=51743"}],"curies":[{"name":"wp","href":"https:\/\/api.w.org\/{rel}","templated":true}]}}