{"id":51843,"date":"2016-04-13T19:52:41","date_gmt":"2016-04-13T17:52:41","guid":{"rendered":"http:\/\/www.libraria-occitana.org\/product\/violon-du-limousin-et-autres-lieux\/"},"modified":"2026-04-15T02:02:04","modified_gmt":"2026-04-15T00:02:04","slug":"violon-du-limousin-et-autres-lieux","status":"publish","type":"product","link":"https:\/\/www.libraria-occitana.org\/oc\/produch\/violon-du-limousin-et-autres-lieux\/","title":{"rendered":"Violon du Limousin et autres lieux"},"content":{"rendered":"<p><strong>Philippe Ancelin :<\/strong> Violons, alto<br \/>\n<strong>Anne Ancelin :<\/strong> Alto sur Sonnerie<\/p>\n<p><strong>Titres :<\/strong><br \/>\n1. Marches (Jean Lamoure, Jean Bergheaud)<br \/>\n2. Mazurka des copains (compo. Ph. Ancelin) \/ Mazurka (Gaston Pouget)<br \/>\n3. Suite berrichonne : Vive l&#8217;amour \/ La rose et le rosier \/ Bourr\u00e9e tournante des Grandes Poteries<br \/>\n4. \u00c0 la table d&#8217;un boulanger (L\u00e9on Rat) \/ Derri\u00e8re chez nous (Berry)<br \/>\n5. Sauti\u00e8re (Louis Jarraud) \/ Polka de Madrangeas (Henri Lachaud) \/ Pas piqu\u00e9 (Alfred Mouret)<br \/>\n6. R\u00e9veillez (Joseph Perrier, Jean Farges) \/ Le cur\u00e9 de la chapelle (Joseph Perrier)<br \/>\n7. Derri\u00e8re chez nous (Ren\u00e9 Mondoly) \/ Derri\u00e8re chez nous (Michel P\u00e9chadre) \/ Lo merle (L\u00e9on Peyrat)<br \/>\n8. \u00ab Valse \u00bb (Jean-Marie Brandely) \/ Las peras (Jean-Marie Brandely)<br \/>\n9. Sonnerie<br \/>\n10. Bourr\u00e9e (Henri Lachaud) \/ Bourr\u00e9e (Gustave Ythier)<br \/>\n11. Chez nous y a une montagne (L\u00e9on Peyrat) \/ Bourr\u00e9e (Gustave Ythier) \/ Bourr\u00e9e (Jean-Marie Tournadre)<br \/>\n12. Bourr\u00e9e \u00e0 Nanot (Michel Meilhac) \/ Crebe de set (Julien Chastagnol) \/ Ont anarem gardar (L\u00e9on Peyrat) \/ Bourr\u00e9e (Alfred Mouret)<br \/>\n13. Valse (L\u00e9on Mazi\u00e8re)<\/p>\n","protected":false},"excerpt":{"rendered":"<p>Philippe Ancelin : Violons, alto Anne Ancelin : Alto sur Sonnerie Titres : 1. Marches (Jean Lamoure, Jean Bergheaud) 2. Mazurka des copains (compo. Ph. Ancelin) \/ Mazurka (Gaston Pouget) 3. Suite berrichonne : Vive l&#8217;amour \/ La rose et le rosier \/ Bourr\u00e9e tournante des Grandes Poteries 4. \u00c0 la table d&#8217;un boulanger (L\u00e9on [&hellip;]<\/p>\n","protected":false},"featured_media":47549,"template":"","meta":{"_acf_changed":false,"_genesis_hide_title":false,"_genesis_hide_breadcrumbs":false,"_genesis_hide_singular_image":false,"_genesis_hide_footer_widgets":false,"_genesis_custom_body_class":"","_genesis_custom_post_class":"","_genesis_layout":""},"product_brand":[],"product_cat":[16683,7229],"product_tag":[],"class_list":{"0":"post-51843","1":"product","2":"type-product","3":"status-publish","4":"has-post-thumbnail","6":"product_cat-musica-oc","7":"product_cat-novela-tradicion-oc","8":"pa_auteur-ancelin-philippe-oc","9":"pa_editeur-philippe-ancelin-oc","10":"entry","12":"first","13":"instock","14":"shipping-taxable","15":"purchasable","16":"product-type-simple"},"acf":[],"_links":{"self":[{"href":"https:\/\/www.libraria-occitana.org\/oc\/wp-json\/wp\/v2\/product\/51843","targetHints":{"allow":["GET"]}}],"collection":[{"href":"https:\/\/www.libraria-occitana.org\/oc\/wp-json\/wp\/v2\/product"}],"about":[{"href":"https:\/\/www.libraria-occitana.org\/oc\/wp-json\/wp\/v2\/types\/product"}],"wp:featuredmedia":[{"embeddable":true,"href":"https:\/\/www.libraria-occitana.org\/oc\/wp-json\/wp\/v2\/media\/47549"}],"wp:attachment":[{"href":"https:\/\/www.libraria-occitana.org\/oc\/wp-json\/wp\/v2\/media?parent=51843"}],"wp:term":[{"taxonomy":"product_brand","embeddable":true,"href":"https:\/\/www.libraria-occitana.org\/oc\/wp-json\/wp\/v2\/product_brand?post=51843"},{"taxonomy":"product_cat","embeddable":true,"href":"https:\/\/www.libraria-occitana.org\/oc\/wp-json\/wp\/v2\/product_cat?post=51843"},{"taxonomy":"product_tag","embeddable":true,"href":"https:\/\/www.libraria-occitana.org\/oc\/wp-json\/wp\/v2\/product_tag?post=51843"}],"curies":[{"name":"wp","href":"https:\/\/api.w.org\/{rel}","templated":true}]}}