{"id":51913,"date":"2020-06-12T12:46:53","date_gmt":"2020-06-12T10:46:53","guid":{"rendered":"http:\/\/www.libraria-occitana.org\/product\/guide-du-bordeaux-colonial-et-de-la-metropole-bordelaise\/"},"modified":"2026-04-29T10:37:26","modified_gmt":"2026-04-29T08:37:26","slug":"guide-du-bordeaux-colonial-et-de-la-metropole-bordelaise","status":"publish","type":"product","link":"https:\/\/www.libraria-occitana.org\/oc\/produch\/guide-du-bordeaux-colonial-et-de-la-metropole-bordelaise\/","title":{"rendered":"Guide du Bordeaux colonial et de la m\u00e9tropole bordelaise"},"content":{"rendered":"<p>Bordeaux s&#8217;est d\u00e9velopp\u00e9 en jouant un r\u00f4le essentiel dans la constitution de l&#8217;Empire fran\u00e7ais.<br \/>\nCe livre s&#8217;int\u00e9resse \u00e0 l&#8217;histoire de la ville \u00e0 travers les noms de rues, voies et autres lieux choisis pour honorer ceux qui ont contribu\u00e9 \u00e0 la construction de la France coloniale. Ce n&#8217;est pas, le plus souvent, parce que n\u00e9griers, esclavagistes, sabreurs, administrateurs coloniaux, th\u00e9oriciens du racisme que beaucoup de personnalit\u00e9s ont \u00e9t\u00e9 honor\u00e9es. Elles l&#8217;ont \u00e9t\u00e9 pour d&#8217;autres raisons, mais elles ont \u00e9t\u00e9 clairement engag\u00e9es dans le syst\u00e8me colonial.<br \/>\nBien des bienfaiteurs de la ville ont fait ruisseler un peu de leur fortune accumul\u00e9e par la production et le n\u00e9goce des produits coloniaux issus de l&#8217;esclavage et du travail forc\u00e9. Bien des militaires et des politiques honor\u00e9s ont contribu\u00e9 \u00e0 leur ouvrir et \u00e0 prot\u00e9ger leurs march\u00e9s. Bien des universitaires leur ont apport\u00e9 la caution scientifique justifiant la domination.<br \/>\nCe guide n&#8217;ignore pas les quelques anticolonialistes \u00e0 qui une place a tout de m\u00eame \u00e9t\u00e9 faite dans la ville, visite quelques lieux de m\u00e9moire et propose quelques coups de projecteur sur des aspects peu enseign\u00e9s de l&#8217;histoire coloniale.<br \/>\nQue ce guide permette de voir la magnificence de la ville sous un autre jour. Qu&#8217;il invite \u00e0 d&#8217;autres promenades.<br \/>\nQu&#8217;il contribue \u00e0 d\u00e9coloniser les imaginaires.<br \/>\nC&#8217;est un produit de haute n\u00e9cessit\u00e9 dans la lutte contre toutes les formes de racisme.<\/p>\n","protected":false},"excerpt":{"rendered":"<p>Bordeaux s&#8217;est d\u00e9velopp\u00e9 en jouant un r\u00f4le essentiel dans la constitution de l&#8217;Empire fran\u00e7ais. Ce livre s&#8217;int\u00e9resse \u00e0 l&#8217;histoire de la ville \u00e0 travers les noms de rues, voies et autres lieux choisis pour honorer ceux qui ont contribu\u00e9 \u00e0 la construction de la France coloniale. Ce n&#8217;est pas, le plus souvent, parce que n\u00e9griers, [&hellip;]<\/p>\n","protected":false},"featured_media":51911,"template":"","meta":{"_acf_changed":false,"_genesis_hide_title":false,"_genesis_hide_breadcrumbs":false,"_genesis_hide_singular_image":false,"_genesis_hide_footer_widgets":false,"_genesis_custom_body_class":"","_genesis_custom_post_class":"","_genesis_layout":""},"product_brand":[],"product_cat":[7199,7133,7197,7203],"product_tag":[],"class_list":{"0":"post-51913","1":"product","2":"type-product","3":"status-publish","4":"has-post-thumbnail","6":"product_cat-guides-torisme-viatge-oc","7":"product_cat-libres-oc","8":"product_cat-natura-torisme-oc","9":"product_cat-politica-sociologia-actualitat-oc","10":"pa_auteur-sortir-du-colonialisme-gironde-oc","11":"pa_editeur-editions-syllepse-oc","12":"pa_illustrateur-tardi-oc","13":"pa_langue-francais-oc","14":"entry","16":"first","17":"outofstock","18":"shipping-taxable","19":"purchasable","20":"product-type-simple"},"acf":[],"_links":{"self":[{"href":"https:\/\/www.libraria-occitana.org\/oc\/wp-json\/wp\/v2\/product\/51913","targetHints":{"allow":["GET"]}}],"collection":[{"href":"https:\/\/www.libraria-occitana.org\/oc\/wp-json\/wp\/v2\/product"}],"about":[{"href":"https:\/\/www.libraria-occitana.org\/oc\/wp-json\/wp\/v2\/types\/product"}],"wp:featuredmedia":[{"embeddable":true,"href":"https:\/\/www.libraria-occitana.org\/oc\/wp-json\/wp\/v2\/media\/51911"}],"wp:attachment":[{"href":"https:\/\/www.libraria-occitana.org\/oc\/wp-json\/wp\/v2\/media?parent=51913"}],"wp:term":[{"taxonomy":"product_brand","embeddable":true,"href":"https:\/\/www.libraria-occitana.org\/oc\/wp-json\/wp\/v2\/product_brand?post=51913"},{"taxonomy":"product_cat","embeddable":true,"href":"https:\/\/www.libraria-occitana.org\/oc\/wp-json\/wp\/v2\/product_cat?post=51913"},{"taxonomy":"product_tag","embeddable":true,"href":"https:\/\/www.libraria-occitana.org\/oc\/wp-json\/wp\/v2\/product_tag?post=51913"}],"curies":[{"name":"wp","href":"https:\/\/api.w.org\/{rel}","templated":true}]}}