{"id":51921,"date":"2019-12-12T15:08:15","date_gmt":"2019-12-12T14:08:15","guid":{"rendered":"http:\/\/www.libraria-occitana.org\/product\/une-legende-du-maquis-georges-guingouin-du-mythe-a-lhistoire\/"},"modified":"2026-04-03T00:36:16","modified_gmt":"2026-04-02T22:36:16","slug":"une-legende-du-maquis-georges-guingouin-du-mythe-a-lhistoire","status":"publish","type":"product","link":"https:\/\/www.libraria-occitana.org\/oc\/produch\/une-legende-du-maquis-georges-guingouin-du-mythe-a-lhistoire\/","title":{"rendered":"Une l\u00e9gende du maquis : Georges Guingouin, du mythe \u00e0 l&#8217;histoire"},"content":{"rendered":"<p>La l\u00e9gende dor\u00e9e de Georges Guingouin n\u2019a d\u2019\u00e9gale que sa l\u00e9gende noire. Premier maquisard de France, qui multiplia les actions de sabotage et de gu\u00e9rilla et lib\u00e9ra Limoges sans effusion de sang, on l\u2019accusa \u00e0 la Lib\u00e9ration de chercher \u00e0 imposer une \u00ab r\u00e9publique sovi\u00e9tique dans les monts du Limousin \u00bb.<\/p>\n<p>S\u2019appuyant sur des archives in\u00e9dites, Fabrice Grenard retrace pour la premi\u00e8re fois, avec pr\u00e9cision et sans fard, la biographie de ce \u00ab pr\u00e9fet du maquis \u00bb, de ce militant communiste qui, apr\u00e8s guerre, fut bri\u00e8vement maire de Limoges : un stalinien orthodoxe garant de la l\u00e9galit\u00e9 r\u00e9publicaine\u2026 avant d\u2019\u00eatre exclu du PCF pour dissidence et de se retrouver emprisonn\u00e9, victime d\u2019une sombre affaire judiciaire sur laquelle circulent encore hypoth\u00e8ses et rumeurs.<\/p>\n","protected":false},"excerpt":{"rendered":"<p>La l\u00e9gende dor\u00e9e de Georges Guingouin n\u2019a d\u2019\u00e9gale que sa l\u00e9gende noire. Premier maquisard de France, qui multiplia les actions de sabotage et de gu\u00e9rilla et lib\u00e9ra Limoges sans effusion de sang, on l\u2019accusa \u00e0 la Lib\u00e9ration de chercher \u00e0 imposer une \u00ab r\u00e9publique sovi\u00e9tique dans les monts du Limousin \u00bb. S\u2019appuyant sur des archives [&hellip;]<\/p>\n","protected":false},"featured_media":51919,"template":"","meta":{"_acf_changed":false,"_genesis_hide_title":false,"_genesis_hide_breadcrumbs":false,"_genesis_hide_singular_image":false,"_genesis_hide_footer_widgets":false,"_genesis_custom_body_class":"","_genesis_custom_post_class":"","_genesis_layout":""},"product_brand":[],"product_cat":[7133,7149,7159],"product_tag":[],"class_list":{"0":"post-51921","1":"product","2":"type-product","3":"status-publish","4":"has-post-thumbnail","6":"product_cat-libres-oc","7":"product_cat-istoria-geografia-oc","8":"product_cat-istoria-moderna-e-contemporala-oc","9":"pa_auteur-grenard-fabrice-oc","10":"pa_editeur-tallandier-oc","11":"pa_langue-francais-oc","12":"entry","14":"first","15":"instock","16":"shipping-taxable","17":"purchasable","18":"product-type-simple"},"acf":[],"_links":{"self":[{"href":"https:\/\/www.libraria-occitana.org\/oc\/wp-json\/wp\/v2\/product\/51921","targetHints":{"allow":["GET"]}}],"collection":[{"href":"https:\/\/www.libraria-occitana.org\/oc\/wp-json\/wp\/v2\/product"}],"about":[{"href":"https:\/\/www.libraria-occitana.org\/oc\/wp-json\/wp\/v2\/types\/product"}],"wp:featuredmedia":[{"embeddable":true,"href":"https:\/\/www.libraria-occitana.org\/oc\/wp-json\/wp\/v2\/media\/51919"}],"wp:attachment":[{"href":"https:\/\/www.libraria-occitana.org\/oc\/wp-json\/wp\/v2\/media?parent=51921"}],"wp:term":[{"taxonomy":"product_brand","embeddable":true,"href":"https:\/\/www.libraria-occitana.org\/oc\/wp-json\/wp\/v2\/product_brand?post=51921"},{"taxonomy":"product_cat","embeddable":true,"href":"https:\/\/www.libraria-occitana.org\/oc\/wp-json\/wp\/v2\/product_cat?post=51921"},{"taxonomy":"product_tag","embeddable":true,"href":"https:\/\/www.libraria-occitana.org\/oc\/wp-json\/wp\/v2\/product_tag?post=51921"}],"curies":[{"name":"wp","href":"https:\/\/api.w.org\/{rel}","templated":true}]}}