{"id":51927,"date":"2020-03-12T15:45:19","date_gmt":"2020-03-12T14:45:19","guid":{"rendered":"http:\/\/www.libraria-occitana.org\/product\/alienor-daquitaine-2\/"},"modified":"2026-04-15T20:11:11","modified_gmt":"2026-04-15T18:11:11","slug":"alienor-daquitaine-2","status":"publish","type":"product","link":"https:\/\/www.libraria-occitana.org\/oc\/produch\/alienor-daquitaine-2\/","title":{"rendered":"Ali\u00e9nor d&#8217;Aquitaine"},"content":{"rendered":"<p>Convoit\u00e9e pour son vaste h\u00e9ritage, qui s&#8217;\u00e9tend de la Loire aux Pyr\u00e9n\u00e9es et de l&#8217;Atlantique \u00e0 l&#8217;Auvergne, Ali\u00e9nor d&#8217;Aquitaine a marqu\u00e9 le XIIe si\u00e8cle de son empreinte. Deux fois reine, m\u00e8re de onze enfants, infatigable voyageuse qui parcourt l&#8217;Occident et le Proche-Orient jusqu&#8217;en Terre sainte, active politicienne qui fomente une r\u00e9volte contre son second \u00e9poux, Henri II d&#8217;Angleterre, captive pendant quinze ans, son destin est en tous points hors norme. Devenue veuve, elle s&#8217;attache \u00e0 d\u00e9fendre le pouvoir de ses fils, le c\u00e9l\u00e8bre Richard C\u0153ur de Lion, puis Jean sans Terre. Si la disparition d&#8217;Ali\u00e9nor d&#8217;Aquitaine signe la fin de l&#8217;empire Plantagen\u00eat, son personnage de femme puissante et insoumise \u00e0 l&#8217;exceptionnelle long\u00e9vit\u00e9, entour\u00e9 d&#8217;une persistante l\u00e9gende noire, n&#8217;a jamais cess\u00e9 de fasciner.<\/p>\n","protected":false},"excerpt":{"rendered":"<p>Convoit\u00e9e pour son vaste h\u00e9ritage, qui s&#8217;\u00e9tend de la Loire aux Pyr\u00e9n\u00e9es et de l&#8217;Atlantique \u00e0 l&#8217;Auvergne, Ali\u00e9nor d&#8217;Aquitaine a marqu\u00e9 le XIIe si\u00e8cle de son empreinte. Deux fois reine, m\u00e8re de onze enfants, infatigable voyageuse qui parcourt l&#8217;Occident et le Proche-Orient jusqu&#8217;en Terre sainte, active politicienne qui fomente une r\u00e9volte contre son second \u00e9poux, [&hellip;]<\/p>\n","protected":false},"featured_media":51925,"template":"","meta":{"_acf_changed":false,"_genesis_hide_title":false,"_genesis_hide_breadcrumbs":false,"_genesis_hide_singular_image":false,"_genesis_hide_footer_widgets":false,"_genesis_custom_body_class":"","_genesis_custom_post_class":"","_genesis_layout":""},"product_brand":[],"product_cat":[7161,7149,7133],"product_tag":[],"class_list":{"0":"post-51927","1":"product","2":"type-product","3":"status-publish","4":"has-post-thumbnail","6":"product_cat-istoria-medievala-oc","7":"product_cat-istoria-geografia-oc","8":"product_cat-libres-oc","9":"pa_auteur-aurell-martin-oc","10":"pa_editeur-puf-oc","11":"pa_langue-francais-oc","12":"entry","14":"first","15":"outofstock","16":"shipping-taxable","17":"purchasable","18":"product-type-simple"},"acf":[],"_links":{"self":[{"href":"https:\/\/www.libraria-occitana.org\/oc\/wp-json\/wp\/v2\/product\/51927","targetHints":{"allow":["GET"]}}],"collection":[{"href":"https:\/\/www.libraria-occitana.org\/oc\/wp-json\/wp\/v2\/product"}],"about":[{"href":"https:\/\/www.libraria-occitana.org\/oc\/wp-json\/wp\/v2\/types\/product"}],"wp:featuredmedia":[{"embeddable":true,"href":"https:\/\/www.libraria-occitana.org\/oc\/wp-json\/wp\/v2\/media\/51925"}],"wp:attachment":[{"href":"https:\/\/www.libraria-occitana.org\/oc\/wp-json\/wp\/v2\/media?parent=51927"}],"wp:term":[{"taxonomy":"product_brand","embeddable":true,"href":"https:\/\/www.libraria-occitana.org\/oc\/wp-json\/wp\/v2\/product_brand?post=51927"},{"taxonomy":"product_cat","embeddable":true,"href":"https:\/\/www.libraria-occitana.org\/oc\/wp-json\/wp\/v2\/product_cat?post=51927"},{"taxonomy":"product_tag","embeddable":true,"href":"https:\/\/www.libraria-occitana.org\/oc\/wp-json\/wp\/v2\/product_tag?post=51927"}],"curies":[{"name":"wp","href":"https:\/\/api.w.org\/{rel}","templated":true}]}}