{"id":51933,"date":"2019-11-12T16:03:59","date_gmt":"2019-11-12T15:03:59","guid":{"rendered":"http:\/\/www.libraria-occitana.org\/product\/chefs-doeuvre-romans-de-saint-martial-de-limoges\/"},"modified":"2026-04-03T00:36:14","modified_gmt":"2026-04-02T22:36:14","slug":"chefs-doeuvre-romans-de-saint-martial-de-limoges","status":"publish","type":"product","link":"https:\/\/www.libraria-occitana.org\/oc\/produch\/chefs-doeuvre-romans-de-saint-martial-de-limoges\/","title":{"rendered":"Chefs-d&#8217;\u0153uvre romans de Saint-Martial de Limoges"},"content":{"rendered":"<p>Catalogue de l&#8217;exposition \u00ab Chefs-d&#8217;\u0153uvre romans de Saint-Martial de Limoges \u00bb, pr\u00e9sent\u00e9e au mus\u00e9e des Beaux-Arts de la Ville de Limoges (23 novembre 2019 &#8211; 24 f\u00e9vrier 2020).<\/p>\n<p>L&#8217;abbaye Saint-Martial, \u00e9tablie autour du tombeau du premier \u00e9v\u00eaque de Limoges, fut un centre de cr\u00e9ation majeur du Moyen \u00c2ge europ\u00e9en. Son <em>scriptorium<\/em> a notamment produit les manuscrits enlumin\u00e9s romans, conserv\u00e9s \u00e0 la Biblioth\u00e8que nationale de France, pr\u00e9sent\u00e9s dans cet ouvrage.<\/p>\n<p>Conserv\u00e9s pour la plupart depuis 1730 dans les collections de l\u2019ancienne Biblioth\u00e8que royale, ces 14 manuscrits enlumin\u00e9s illustrent l\u2019histoire du <em>scriptorium<\/em> de l\u2019abbaye \u00e0 l\u2019\u00e9poque romane, depuis ses d\u00e9buts (Premi\u00e8re Bible de Saint-Martial, Lectionnaire de saint Martial\u2026), jusqu\u2019\u00e0 son \u00e2ge d\u2019or (Seconde Bible de Saint-Martial, Vie de saint Martial\u2026), en passant par l\u2019\u00e9vocation des autres foyers de production apparent\u00e9s (Sacramentaire de Saint-\u00c9tienne de Limoges, Tropaire d\u2019Auch).<\/p>\n<p>Ces pi\u00e8ces prestigieuses, v\u00e9ritables tr\u00e9sors artistiques, sont valoris\u00e9es gr\u00e2ce \u00e0 une mise en regard avec d&#8217;imposantes sculptures lapidaires, habituellement dans les r\u00e9serves du mus\u00e9e limousin, mais aussi de pr\u00e9cieuses ch\u00e2sses et plaques \u00e9maill\u00e9es ou des documents historiques pr\u00eat\u00e9s par d&#8217;autres institutions.<\/p>\n","protected":false},"excerpt":{"rendered":"<p>Catalogue de l&#8217;exposition \u00ab Chefs-d&#8217;\u0153uvre romans de Saint-Martial de Limoges \u00bb, pr\u00e9sent\u00e9e au mus\u00e9e des Beaux-Arts de la Ville de Limoges (23 novembre 2019 &#8211; 24 f\u00e9vrier 2020). L&#8217;abbaye Saint-Martial, \u00e9tablie autour du tombeau du premier \u00e9v\u00eaque de Limoges, fut un centre de cr\u00e9ation majeur du Moyen \u00c2ge europ\u00e9en. Son scriptorium a notamment produit les [&hellip;]<\/p>\n","protected":false},"featured_media":51931,"template":"","meta":{"_acf_changed":false,"_genesis_hide_title":false,"_genesis_hide_breadcrumbs":false,"_genesis_hide_singular_image":false,"_genesis_hide_footer_widgets":false,"_genesis_custom_body_class":"","_genesis_custom_post_class":"","_genesis_layout":""},"product_brand":[],"product_cat":[7133,7149,7161],"product_tag":[],"class_list":{"0":"post-51933","1":"product","2":"type-product","3":"status-publish","4":"has-post-thumbnail","6":"product_cat-libres-oc","7":"product_cat-istoria-geografia-oc","8":"product_cat-istoria-medievala-oc","9":"pa_auteur-collectiu-oc-2","10":"pa_auteur-denoel-charlotte-oc","11":"pa_auteur-dionnet-alain-charles-oc","12":"pa_editeur-snoeck-editions-oc","13":"pa_langue-francais-oc","14":"entry","16":"first","17":"outofstock","18":"shipping-taxable","19":"purchasable","20":"product-type-simple"},"acf":[],"_links":{"self":[{"href":"https:\/\/www.libraria-occitana.org\/oc\/wp-json\/wp\/v2\/product\/51933","targetHints":{"allow":["GET"]}}],"collection":[{"href":"https:\/\/www.libraria-occitana.org\/oc\/wp-json\/wp\/v2\/product"}],"about":[{"href":"https:\/\/www.libraria-occitana.org\/oc\/wp-json\/wp\/v2\/types\/product"}],"wp:featuredmedia":[{"embeddable":true,"href":"https:\/\/www.libraria-occitana.org\/oc\/wp-json\/wp\/v2\/media\/51931"}],"wp:attachment":[{"href":"https:\/\/www.libraria-occitana.org\/oc\/wp-json\/wp\/v2\/media?parent=51933"}],"wp:term":[{"taxonomy":"product_brand","embeddable":true,"href":"https:\/\/www.libraria-occitana.org\/oc\/wp-json\/wp\/v2\/product_brand?post=51933"},{"taxonomy":"product_cat","embeddable":true,"href":"https:\/\/www.libraria-occitana.org\/oc\/wp-json\/wp\/v2\/product_cat?post=51933"},{"taxonomy":"product_tag","embeddable":true,"href":"https:\/\/www.libraria-occitana.org\/oc\/wp-json\/wp\/v2\/product_tag?post=51933"}],"curies":[{"name":"wp","href":"https:\/\/api.w.org\/{rel}","templated":true}]}}