{"id":52207,"date":"2007-10-07T11:37:06","date_gmt":"2007-10-07T09:37:06","guid":{"rendered":"http:\/\/www.libraria-occitana.org\/?post_type=product&#038;p=52207"},"modified":"2026-04-16T23:36:37","modified_gmt":"2026-04-16T21:36:37","slug":"ampelos","status":"publish","type":"product","link":"https:\/\/www.libraria-occitana.org\/oc\/produch\/ampelos\/","title":{"rendered":"Ampelos"},"content":{"rendered":"<p>Ampelos, la vigne, la vie, la s\u00e8ve, la sensualit\u00e9, l&#8217;immortalit\u00e9&#8230;<br \/>\nTout un art du chant, l&#8217;expression d&#8217;une force tellurique, une c\u00e9l\u00e9bration christique de la beaut\u00e9, la pr\u00e9sence, la renaissance, le cycle d&#8217;Eros et de Thanatos&#8230;<br \/>\nTout un art du chant&#8230; qui fut l&#8217;art de vivre de Manciet.<\/p>\n<p>Ce po\u00e8me \u00e9tait sur sa table de travail lorsque Manciet est mort, en 2005.<\/p>\n<p>Traduit de l\u2019occitan par l\u2019auteur et par Guy Latry.<\/p>\n","protected":false},"excerpt":{"rendered":"<p>Ampelos, la vigne, la vie, la s\u00e8ve, la sensualit\u00e9, l&#8217;immortalit\u00e9&#8230; Tout un art du chant, l&#8217;expression d&#8217;une force tellurique, une c\u00e9l\u00e9bration christique de la beaut\u00e9, la pr\u00e9sence, la renaissance, le cycle d&#8217;Eros et de Thanatos&#8230; Tout un art du chant&#8230; qui fut l&#8217;art de vivre de Manciet. Ce po\u00e8me \u00e9tait sur sa table de travail [&hellip;]<\/p>\n","protected":false},"featured_media":52193,"template":"","meta":{"_acf_changed":false,"_genesis_hide_title":false,"_genesis_hide_breadcrumbs":false,"_genesis_hide_singular_image":false,"_genesis_hide_footer_widgets":false,"_genesis_custom_body_class":"","_genesis_custom_post_class":"","_genesis_layout":""},"product_brand":[],"product_cat":[7133,7175,7181],"product_tag":[],"class_list":{"0":"post-52207","1":"product","2":"type-product","3":"status-publish","4":"has-post-thumbnail","6":"product_cat-libres-oc","7":"product_cat-literatura-oc","8":"product_cat-poesia-oc","9":"pa_auteur-manciet-bernat-oc","10":"pa_editeur-lescampette-oc","11":"pa_illustrateur-latry-guy-oc","12":"pa_langue-occitan-gascon-oc","13":"pa_langue-occitan-francais-oc","14":"entry","16":"first","17":"outofstock","18":"shipping-taxable","19":"purchasable","20":"product-type-simple"},"acf":[],"_links":{"self":[{"href":"https:\/\/www.libraria-occitana.org\/oc\/wp-json\/wp\/v2\/product\/52207","targetHints":{"allow":["GET"]}}],"collection":[{"href":"https:\/\/www.libraria-occitana.org\/oc\/wp-json\/wp\/v2\/product"}],"about":[{"href":"https:\/\/www.libraria-occitana.org\/oc\/wp-json\/wp\/v2\/types\/product"}],"wp:featuredmedia":[{"embeddable":true,"href":"https:\/\/www.libraria-occitana.org\/oc\/wp-json\/wp\/v2\/media\/52193"}],"wp:attachment":[{"href":"https:\/\/www.libraria-occitana.org\/oc\/wp-json\/wp\/v2\/media?parent=52207"}],"wp:term":[{"taxonomy":"product_brand","embeddable":true,"href":"https:\/\/www.libraria-occitana.org\/oc\/wp-json\/wp\/v2\/product_brand?post=52207"},{"taxonomy":"product_cat","embeddable":true,"href":"https:\/\/www.libraria-occitana.org\/oc\/wp-json\/wp\/v2\/product_cat?post=52207"},{"taxonomy":"product_tag","embeddable":true,"href":"https:\/\/www.libraria-occitana.org\/oc\/wp-json\/wp\/v2\/product_tag?post=52207"}],"curies":[{"name":"wp","href":"https:\/\/api.w.org\/{rel}","templated":true}]}}