{"id":52216,"date":"2019-04-07T14:36:44","date_gmt":"2019-04-07T12:36:44","guid":{"rendered":"http:\/\/www.libraria-occitana.org\/product\/lei-contes-de-la-placeta-e-dau-cors-nou\/"},"modified":"2026-04-29T01:01:47","modified_gmt":"2026-04-28T23:01:47","slug":"lei-contes-de-la-placeta-e-dau-cors-nou","status":"publish","type":"product","link":"https:\/\/www.libraria-occitana.org\/oc\/produch\/lei-contes-de-la-placeta-e-dau-cors-nou\/","title":{"rendered":"Lei contes de la Placeta e dau Cors n\u00f2u"},"content":{"rendered":"<p>J\u00f2rgi Gr\u00f2s, romanci\u00e8r, novelista, contaire e conferenci\u00e8r comenc\u00e8t en 1982 son \u00f2bra escricha per lei si\u00e8is contes presentats dins aquela reedicion. La Placeta, cara a l'autor, i ten un r\u00f2tle centrau. I fai viure son pich\u00f2t p\u00f2ple e leis \u00e8stres imaginaris que l'acompanhan.<\/p>\n<p>\u00ab Ces contes, traduits de l'occitan et plus particuli\u00e8rement du parler n\u00eemois, sont n\u00e9s de la rencontre des souvenirs du folklore traditionnel familial et des fabulations d'enfance.<br \/>\nLes enfants de N\u00eemes y retrouveront des lieux bien connus d'eux et de leurs parents. Certains y rencontreront des personnages mythiques ou r\u00e9els qui vivaient dans les r\u00e9cits de leurs \u201cmamets\u201d \u00bb.<\/p>\n<p>J\u00f2rgi Gr\u00f2s, extrait de l'avant-propos<\/p>\n","protected":false},"excerpt":{"rendered":"<p>J\u00f2rgi Gr\u00f2s, romanci\u00e8r, novelista, contaire e conferenci\u00e8r comenc\u00e8t en 1982 son \u00f2bra escricha per lei si\u00e8is contes presentats dins aquela reedicion. La Placeta, cara a l&#8217;autor, i ten un r\u00f2tle centrau. I fai viure son pich\u00f2t p\u00f2ple e leis \u00e8stres imaginaris que l&#8217;acompanhan. \u00ab Ces contes, traduits de l&#8217;occitan et plus particuli\u00e8rement du parler n\u00eemois, [&hellip;]<\/p>\n","protected":false},"featured_media":52214,"template":"","meta":{"_acf_changed":false,"_genesis_hide_title":false,"_genesis_hide_breadcrumbs":false,"_genesis_hide_singular_image":false,"_genesis_hide_footer_widgets":false,"_genesis_custom_body_class":"","_genesis_custom_post_class":"","_genesis_layout":""},"product_brand":[],"product_cat":[7177,7133,7175],"product_tag":[],"class_list":{"0":"post-52216","1":"product","2":"type-product","3":"status-publish","4":"has-post-thumbnail","6":"product_cat-contes-fablas-oc","7":"product_cat-libres-oc","8":"product_cat-literatura-oc","9":"pa_auteur-gros-jorgi-oc","10":"pa_editeur-lauceu-libre-oc","11":"pa_langue-occitan-provencau-oc","12":"pa_langue-occitan-francais-oc","13":"entry","15":"first","16":"instock","17":"shipping-taxable","18":"purchasable","19":"product-type-simple"},"acf":[],"_links":{"self":[{"href":"https:\/\/www.libraria-occitana.org\/oc\/wp-json\/wp\/v2\/product\/52216","targetHints":{"allow":["GET"]}}],"collection":[{"href":"https:\/\/www.libraria-occitana.org\/oc\/wp-json\/wp\/v2\/product"}],"about":[{"href":"https:\/\/www.libraria-occitana.org\/oc\/wp-json\/wp\/v2\/types\/product"}],"wp:featuredmedia":[{"embeddable":true,"href":"https:\/\/www.libraria-occitana.org\/oc\/wp-json\/wp\/v2\/media\/52214"}],"wp:attachment":[{"href":"https:\/\/www.libraria-occitana.org\/oc\/wp-json\/wp\/v2\/media?parent=52216"}],"wp:term":[{"taxonomy":"product_brand","embeddable":true,"href":"https:\/\/www.libraria-occitana.org\/oc\/wp-json\/wp\/v2\/product_brand?post=52216"},{"taxonomy":"product_cat","embeddable":true,"href":"https:\/\/www.libraria-occitana.org\/oc\/wp-json\/wp\/v2\/product_cat?post=52216"},{"taxonomy":"product_tag","embeddable":true,"href":"https:\/\/www.libraria-occitana.org\/oc\/wp-json\/wp\/v2\/product_tag?post=52216"}],"curies":[{"name":"wp","href":"https:\/\/api.w.org\/{rel}","templated":true}]}}