{"id":52269,"date":"2020-07-22T11:14:21","date_gmt":"2020-07-22T09:14:21","guid":{"rendered":"http:\/\/www.libraria-occitana.org\/product\/teatre\/"},"modified":"2026-04-29T10:19:29","modified_gmt":"2026-04-29T08:19:29","slug":"teatre","status":"publish","type":"product","link":"https:\/\/www.libraria-occitana.org\/oc\/produch\/teatre\/","title":{"rendered":"Teatre"},"content":{"rendered":"<p>Edicion de cinc p\u00e8\u00e7as de teatre de Max Roqueta :<\/p>\n<ul>\n<li>La Pastorala dels volurs<\/li>\n<li>La Podra d'emb\u00f2rnia<\/li>\n<li>Canta-Loba<\/li>\n<li>La r\u00f2sa bengalina<\/li>\n<li>La Gruma e la Sau<\/li>\n<\/ul>\n<p>Abans-dire de Joan-Claudi For\u00eat.<\/p>\n","protected":false},"excerpt":{"rendered":"<p>Edicion de cinc p\u00e8\u00e7as de teatre de Max Roqueta : La Pastorala dels volurs La Podra d&#8217;emb\u00f2rnia Canta-Loba La r\u00f2sa bengalina La Gruma e la Sau Abans-dire de Joan-Claudi For\u00eat.<\/p>\n","protected":false},"featured_media":52266,"template":"","meta":{"_acf_changed":false,"_genesis_hide_title":false,"_genesis_hide_breadcrumbs":false,"_genesis_hide_singular_image":false,"_genesis_hide_footer_widgets":false,"_genesis_custom_body_class":"","_genesis_custom_post_class":"","_genesis_layout":""},"product_brand":[],"product_cat":[7133,7175,7185],"product_tag":[],"class_list":{"0":"post-52269","1":"product","2":"type-product","3":"status-publish","4":"has-post-thumbnail","6":"product_cat-libres-oc","7":"product_cat-literatura-oc","8":"product_cat-teatre-oc","9":"pa_auteur-roqueta-max-oc","10":"pa_editeur-letras-doc-oc","11":"pa_langue-occitan-oc","12":"pa_langue-occitan-lengadocian-oc","13":"entry","15":"first","16":"instock","17":"shipping-taxable","18":"purchasable","19":"product-type-simple"},"acf":[],"_links":{"self":[{"href":"https:\/\/www.libraria-occitana.org\/oc\/wp-json\/wp\/v2\/product\/52269","targetHints":{"allow":["GET"]}}],"collection":[{"href":"https:\/\/www.libraria-occitana.org\/oc\/wp-json\/wp\/v2\/product"}],"about":[{"href":"https:\/\/www.libraria-occitana.org\/oc\/wp-json\/wp\/v2\/types\/product"}],"wp:featuredmedia":[{"embeddable":true,"href":"https:\/\/www.libraria-occitana.org\/oc\/wp-json\/wp\/v2\/media\/52266"}],"wp:attachment":[{"href":"https:\/\/www.libraria-occitana.org\/oc\/wp-json\/wp\/v2\/media?parent=52269"}],"wp:term":[{"taxonomy":"product_brand","embeddable":true,"href":"https:\/\/www.libraria-occitana.org\/oc\/wp-json\/wp\/v2\/product_brand?post=52269"},{"taxonomy":"product_cat","embeddable":true,"href":"https:\/\/www.libraria-occitana.org\/oc\/wp-json\/wp\/v2\/product_cat?post=52269"},{"taxonomy":"product_tag","embeddable":true,"href":"https:\/\/www.libraria-occitana.org\/oc\/wp-json\/wp\/v2\/product_tag?post=52269"}],"curies":[{"name":"wp","href":"https:\/\/api.w.org\/{rel}","templated":true}]}}