{"id":52273,"date":"2018-11-20T11:45:13","date_gmt":"2018-11-20T10:45:13","guid":{"rendered":"http:\/\/www.libraria-occitana.org\/?post_type=product&#038;p=52273"},"modified":"2026-04-14T23:36:25","modified_gmt":"2026-04-14T21:36:25","slug":"le-plaisir-de-faire-ses-graines","status":"publish","type":"product","link":"https:\/\/www.libraria-occitana.org\/oc\/produch\/le-plaisir-de-faire-ses-graines\/","title":{"rendered":"Le plaisir de faire ses graines"},"content":{"rendered":"<ul>\n<li>Peut-on r\u00e9colter des graines de melons plant\u00e9s \u00e0 cot\u00e9 de courges ?<\/li>\n<li>Comment conserver la couleur des fleurs ?<\/li>\n<li>Est-ce que je dois conserver mes graines au r\u00e9frig\u00e9rateur ?<\/li>\n<li>\u00c0 quel moment r\u00e9colter mes graines de carottes ?<\/li>\n<li>Est-ce que le poivron et le piment s\u2019hybrident ?<\/li>\n<li>Comment r\u00e9colter les graines de plusieurs vari\u00e9t\u00e9s de courges dans un m\u00eame jardin ?<\/li>\n<\/ul>\n<p><strong>Faire ses graines, c\u2019est joindre l\u2019utile \u00e0 l\u2019agr\u00e9able&#8230; Pour vous \u00e9viter de mauvaises surprises, ce guide vous explique ce qu\u2019il faut faire et ne pas faire pour produire de belles et bonnes semences.<\/strong><\/p>\n<p>Apr\u00e8s une introduction rappelant quelques \u00e9l\u00e9ments de botanique et les grands principes de reproduction des plantes, l\u2019auteur d\u00e9veloppe tous les conseils pratiques pour : la s\u00e9lection des graines, les porte-graines, les \u00e9tapes de la culture, la f\u00e9condation manuelle, la r\u00e9colte et la conservation, le s\u00e9chage, l\u2019extraction, le tri et le nettoyage, le stockage et enfin les semis et la germination. En fin d\u2019ouvrage, il \u00e9tend son expertise aux graines de fleurs, d\u2019arbres et aux graines sauvages.<\/p>\n<p><strong>Un guide tr\u00e8s complet \u00e0 garder \u00e0 port\u00e9e de main !<\/strong><\/p>\n","protected":false},"excerpt":{"rendered":"<p>Peut-on r\u00e9colter des graines de melons plant\u00e9s \u00e0 cot\u00e9 de courges ? Comment conserver la couleur des fleurs ? Est-ce que je dois conserver mes graines au r\u00e9frig\u00e9rateur ? \u00c0 quel moment r\u00e9colter mes graines de carottes ? Est-ce que le poivron et le piment s\u2019hybrident ? Comment r\u00e9colter les graines de plusieurs vari\u00e9t\u00e9s de [&hellip;]<\/p>\n","protected":false},"featured_media":52341,"template":"","meta":{"_acf_changed":false,"_genesis_hide_title":false,"_genesis_hide_breadcrumbs":false,"_genesis_hide_singular_image":false,"_genesis_hide_footer_widgets":false,"_genesis_custom_body_class":"","_genesis_custom_post_class":"","_genesis_layout":""},"product_brand":[],"product_cat":[7133,7197,7201],"product_tag":[],"class_list":{"0":"post-52273","1":"product","2":"type-product","3":"status-publish","4":"has-post-thumbnail","6":"product_cat-libres-oc","7":"product_cat-natura-torisme-oc","8":"product_cat-natura-vargier-oc","9":"pa_auteur-goust-jerome-oc","10":"pa_editeur-editions-de-terran-oc","11":"pa_langue-francais-oc","12":"entry","14":"first","15":"outofstock","16":"shipping-taxable","17":"purchasable","18":"product-type-simple"},"acf":[],"_links":{"self":[{"href":"https:\/\/www.libraria-occitana.org\/oc\/wp-json\/wp\/v2\/product\/52273","targetHints":{"allow":["GET"]}}],"collection":[{"href":"https:\/\/www.libraria-occitana.org\/oc\/wp-json\/wp\/v2\/product"}],"about":[{"href":"https:\/\/www.libraria-occitana.org\/oc\/wp-json\/wp\/v2\/types\/product"}],"wp:featuredmedia":[{"embeddable":true,"href":"https:\/\/www.libraria-occitana.org\/oc\/wp-json\/wp\/v2\/media\/52341"}],"wp:attachment":[{"href":"https:\/\/www.libraria-occitana.org\/oc\/wp-json\/wp\/v2\/media?parent=52273"}],"wp:term":[{"taxonomy":"product_brand","embeddable":true,"href":"https:\/\/www.libraria-occitana.org\/oc\/wp-json\/wp\/v2\/product_brand?post=52273"},{"taxonomy":"product_cat","embeddable":true,"href":"https:\/\/www.libraria-occitana.org\/oc\/wp-json\/wp\/v2\/product_cat?post=52273"},{"taxonomy":"product_tag","embeddable":true,"href":"https:\/\/www.libraria-occitana.org\/oc\/wp-json\/wp\/v2\/product_tag?post=52273"}],"curies":[{"name":"wp","href":"https:\/\/api.w.org\/{rel}","templated":true}]}}