{"id":52283,"date":"2020-07-23T15:08:55","date_gmt":"2020-07-23T13:08:55","guid":{"rendered":"http:\/\/www.libraria-occitana.org\/?post_type=product&#038;p=52283"},"modified":"2024-07-04T00:42:07","modified_gmt":"2024-07-03T22:42:07","slug":"les-alternatives-biologiques-aux-pesticides","status":"publish","type":"product","link":"https:\/\/www.libraria-occitana.org\/oc\/produch\/les-alternatives-biologiques-aux-pesticides\/","title":{"rendered":"Les alternatives biologiques aux pesticides"},"content":{"rendered":"<p><strong>Les techniques innovantes de l\u2019agriculture naturelle disponibles pour toutes et tous<\/strong><\/p>\n<p>La majorit\u00e9 des terres sont aujourd\u2019hui tr\u00e8s appauvries. Comment en sommes-nous arriv\u00e9s l\u00e0 ? Par l\u2019usage des traitements chimiques ! Pourtant, il est possible de s\u2019en passer\u2026 <strong>L\u2019efficacit\u00e9 des pr\u00e9parations naturelles n\u2019est plus \u00e0 d\u00e9montrer.<\/strong> D\u00e9couvrez comment prendre soin de votre jardin et de vos cultures gr\u00e2ce aux extraits ferment\u00e9s, huiles essentielles, tisanes, mac\u00e9rations, micro-organismes efficaces, etc.<\/p>\n<p>Apr\u00e8s nous avoir \u00e9clair\u00e9s sur le fonctionnement du vivant et en s\u2019appuyant sur l\u2019innovante th\u00e9orie du triangle, \u00c9ric Petiot et Patrick Goater pr\u00e9sentent <strong>15 traitements pr\u00e9ventifs<\/strong> et plus de <strong>130 traitements curatifs<\/strong> contre les ravageurs et les maladies, pour les fruits et l\u00e9gumes, c\u00e9r\u00e9ales, vignes, PPAM (plantes \u00e0 parfum, aromatiques et m\u00e9dicinales).<\/p>\n<p>Ce livre pratique offre aux professionnels et aux jardiniers passionn\u00e9s un <strong>programme complet<\/strong> pour r\u00e9g\u00e9n\u00e9rer plantes et sols avec des <strong>techniques pionni\u00e8res<\/strong>, leur permettant de <strong>devenir autonomes<\/strong> dans le choix, la fabrication et l\u2019utilisation des traitements naturels.<\/p>\n","protected":false},"excerpt":{"rendered":"<p>Les techniques innovantes de l\u2019agriculture naturelle disponibles pour toutes et tous La majorit\u00e9 des terres sont aujourd\u2019hui tr\u00e8s appauvries. Comment en sommes-nous arriv\u00e9s l\u00e0 ? Par l\u2019usage des traitements chimiques ! Pourtant, il est possible de s\u2019en passer\u2026 L\u2019efficacit\u00e9 des pr\u00e9parations naturelles n\u2019est plus \u00e0 d\u00e9montrer. D\u00e9couvrez comment prendre soin de votre jardin et de [&hellip;]<\/p>\n","protected":false},"featured_media":52293,"template":"","meta":{"_acf_changed":false,"_genesis_hide_title":false,"_genesis_hide_breadcrumbs":false,"_genesis_hide_singular_image":false,"_genesis_hide_footer_widgets":false,"_genesis_custom_body_class":"","_genesis_custom_post_class":"","_genesis_layout":""},"product_brand":[],"product_cat":[7133,7197,7201],"product_tag":[],"class_list":{"0":"post-52283","1":"product","2":"type-product","3":"status-publish","4":"has-post-thumbnail","6":"product_cat-libres-oc","7":"product_cat-natura-torisme-oc","8":"product_cat-natura-vargier-oc","9":"pa_auteur-goater-patrick-oc","10":"pa_auteur-petiot-eric-oc","11":"pa_editeur-editions-de-terran-oc","12":"pa_langue-francais-oc","13":"entry","15":"first","16":"outofstock","17":"shipping-taxable","18":"purchasable","19":"product-type-simple"},"acf":[],"_links":{"self":[{"href":"https:\/\/www.libraria-occitana.org\/oc\/wp-json\/wp\/v2\/product\/52283","targetHints":{"allow":["GET"]}}],"collection":[{"href":"https:\/\/www.libraria-occitana.org\/oc\/wp-json\/wp\/v2\/product"}],"about":[{"href":"https:\/\/www.libraria-occitana.org\/oc\/wp-json\/wp\/v2\/types\/product"}],"wp:featuredmedia":[{"embeddable":true,"href":"https:\/\/www.libraria-occitana.org\/oc\/wp-json\/wp\/v2\/media\/52293"}],"wp:attachment":[{"href":"https:\/\/www.libraria-occitana.org\/oc\/wp-json\/wp\/v2\/media?parent=52283"}],"wp:term":[{"taxonomy":"product_brand","embeddable":true,"href":"https:\/\/www.libraria-occitana.org\/oc\/wp-json\/wp\/v2\/product_brand?post=52283"},{"taxonomy":"product_cat","embeddable":true,"href":"https:\/\/www.libraria-occitana.org\/oc\/wp-json\/wp\/v2\/product_cat?post=52283"},{"taxonomy":"product_tag","embeddable":true,"href":"https:\/\/www.libraria-occitana.org\/oc\/wp-json\/wp\/v2\/product_tag?post=52283"}],"curies":[{"name":"wp","href":"https:\/\/api.w.org\/{rel}","templated":true}]}}