{"id":52457,"date":"2020-09-11T19:03:39","date_gmt":"2020-09-11T17:03:39","guid":{"rendered":"http:\/\/www.libraria-occitana.org\/product\/las-obros-mescladissos-dun-baroun-de-caravetos-les-oeuvres-melees-dun-baron-de-caravetes\/"},"modified":"2026-04-29T10:17:26","modified_gmt":"2026-04-29T08:17:26","slug":"las-obros-mescladissos-dun-baroun-de-caravetos-les-oeuvres-melees-dun-baron-de-caravetes","status":"publish","type":"product","link":"https:\/\/www.libraria-occitana.org\/oc\/produch\/las-obros-mescladissos-dun-baroun-de-caravetos-les-oeuvres-melees-dun-baron-de-caravetes\/","title":{"rendered":"Las obros mescladissos d&#8217;un baroun de Caravetos &#8211; Les \u0153uvres m\u00eal\u00e9es d&#8217;un baron de Carav\u00e8tes"},"content":{"rendered":"<p>De 1632 \u00e0 1689, l&#8217;avocat Jacques Roudil \u00e9crit \u00e0 Montpellier la po\u00e9sie de son temps, plurielle et polyglotte, au gr\u00e9 des circonstances, de l&#8217;humeur et des lieux. Les moments d&#8217;une vie et les tensions du si\u00e8cle s&#8217;inscrivent dans ces m\u00e9langes po\u00e9tiques, \u00ab obros mescladissos \u00bb qui se jouent de la variation des langues et des genres. En fran\u00e7ais, en occitan et en latin, Roudil s&#8217;adresse \u00e0 ses contemporains, ses coll\u00e8gues, ses femmes, ses compagnons de cabaret, sa famille, les Grands, le Roi, en usant de toutes les ressources ma\u00eetris\u00e9es du sonnet, de l&#8217;\u00e9pigramme \u00e9rotique ou encomiastique, du ballet carnavalesque ou de la satire.<br \/>\nDans le paysage litt\u00e9raire montpelli\u00e9rain, Roudil prend la suite d&#8217;Isaac Despuech qu&#8217;il \u00e9dite en 1650. Protestant comme lui et esprit libre, il t\u00e9moigne des changements de la soci\u00e9t\u00e9 et des progr\u00e8s de l&#8217;intol\u00e9rance. Mais sa po\u00e9sie reste, \u00e0 tous les \u00e2ges, une c\u00e9l\u00e9bration de la vie \u00e0 travers une conscience vive du monde et de soi, une ironie alternativement l\u00e9g\u00e8re et rageuse. Cette nouvelle \u00e9dition est enrichie des derniers po\u00e8mes in\u00e9dits qui chantent notamment les plaisirs de Pignan, \u00ab ce beau lieu \u00bb o\u00f9 le po\u00e8te aspire \u00e0 une retraite \u00e0 l&#8217;antique, entre ses livres et son jardin, ses vignes et ses oliviers, dans l&#8217;ancienne maison des rois de Majorque.<\/p>\n<p>\u00c9dition critique avec introduction, notes et traduction du manuscrit autographe 296 du Cirdoc contenant 43 po\u00e8mes in\u00e9dits par Claire Torreilles.<\/p>\n","protected":false},"excerpt":{"rendered":"<p>De 1632 \u00e0 1689, l&#8217;avocat Jacques Roudil \u00e9crit \u00e0 Montpellier la po\u00e9sie de son temps, plurielle et polyglotte, au gr\u00e9 des circonstances, de l&#8217;humeur et des lieux. Les moments d&#8217;une vie et les tensions du si\u00e8cle s&#8217;inscrivent dans ces m\u00e9langes po\u00e9tiques, \u00ab obros mescladissos \u00bb qui se jouent de la variation des langues et des [&hellip;]<\/p>\n","protected":false},"featured_media":52455,"template":"","meta":{"_acf_changed":false,"_genesis_hide_title":false,"_genesis_hide_breadcrumbs":false,"_genesis_hide_singular_image":false,"_genesis_hide_footer_widgets":false,"_genesis_custom_body_class":"","_genesis_custom_post_class":"","_genesis_layout":""},"product_brand":[],"product_cat":[7189,7133,7175,7181],"product_tag":[],"class_list":{"0":"post-52457","1":"product","2":"type-product","3":"status-publish","4":"has-post-thumbnail","6":"product_cat-estudis-literaris-oc","7":"product_cat-libres-oc","8":"product_cat-literatura-oc","9":"product_cat-poesia-oc","10":"pa_auteur-roudil-jacques-oc","11":"pa_editeur-pu-mediterranee-oc","12":"pa_illustrateur-torreilles-claire-oc-1","13":"pa_langue-francais-oc","14":"entry","16":"first","17":"instock","18":"shipping-taxable","19":"purchasable","20":"product-type-simple"},"acf":[],"_links":{"self":[{"href":"https:\/\/www.libraria-occitana.org\/oc\/wp-json\/wp\/v2\/product\/52457","targetHints":{"allow":["GET"]}}],"collection":[{"href":"https:\/\/www.libraria-occitana.org\/oc\/wp-json\/wp\/v2\/product"}],"about":[{"href":"https:\/\/www.libraria-occitana.org\/oc\/wp-json\/wp\/v2\/types\/product"}],"wp:featuredmedia":[{"embeddable":true,"href":"https:\/\/www.libraria-occitana.org\/oc\/wp-json\/wp\/v2\/media\/52455"}],"wp:attachment":[{"href":"https:\/\/www.libraria-occitana.org\/oc\/wp-json\/wp\/v2\/media?parent=52457"}],"wp:term":[{"taxonomy":"product_brand","embeddable":true,"href":"https:\/\/www.libraria-occitana.org\/oc\/wp-json\/wp\/v2\/product_brand?post=52457"},{"taxonomy":"product_cat","embeddable":true,"href":"https:\/\/www.libraria-occitana.org\/oc\/wp-json\/wp\/v2\/product_cat?post=52457"},{"taxonomy":"product_tag","embeddable":true,"href":"https:\/\/www.libraria-occitana.org\/oc\/wp-json\/wp\/v2\/product_tag?post=52457"}],"curies":[{"name":"wp","href":"https:\/\/api.w.org\/{rel}","templated":true}]}}