{"id":52498,"date":"2016-12-12T10:50:12","date_gmt":"2016-12-12T09:50:12","guid":{"rendered":"http:\/\/www.libraria-occitana.org\/product\/pour-la-langue-doc-a-lecole-de-vichy-a-deixonne-les-premieres-realisations-de-la-revendication-moderne-en-faveur-de-lenseignement-de-la-langue-doc\/"},"modified":"2026-04-21T21:21:24","modified_gmt":"2026-04-21T19:21:24","slug":"pour-la-langue-doc-a-lecole-de-vichy-a-deixonne-les-premieres-realisations-de-la-revendication-moderne-en-faveur-de-lenseignement-de-la-langue-doc","status":"publish","type":"product","link":"https:\/\/www.libraria-occitana.org\/oc\/produch\/pour-la-langue-doc-a-lecole-de-vichy-a-deixonne-les-premieres-realisations-de-la-revendication-moderne-en-faveur-de-lenseignement-de-la-langue-doc\/","title":{"rendered":"Pour la langue d&#8217;oc \u00e0 l&#8217;\u00e9cole : De Vichy \u00e0 Deixonne, les premi\u00e8res r\u00e9alisations de la revendication moderne en faveur de l&#8217;enseignement de la langue d&#8217;oc"},"content":{"rendered":"<p>Les ann\u00e9es 1930 voient une mont\u00e9e des revendications en faveur de la langue occitane et en particulier de son enseignement. Avec la d\u00e9faite de 1940 et la mise en place de l\u2019\u00c9tat fran\u00e7ais du mar\u00e9chal P\u00e9tain, cette revendication se trouve relanc\u00e9e. Communaut\u00e9 d\u2019id\u00e9e avec le nouveau r\u00e9gime pour les uns, pragmatisme pour les autres, il s\u2019agit en tout cas d\u2019une p\u00e9riode ambig\u00fce pour le mouvement d\u2019oc et ce \u00e0 plus d\u2019un titre. Car, en face, l\u2019\u00c9tat n\u2019est pas forc\u00e9ment plus r\u00e9ceptif qu\u2019auparavant et les oppositions sont tout aussi virulentes.<\/p>\n<p>Il n\u2019en demeure pas moins qu\u2019il s\u2019agit l\u00e0 d\u2019un moment cl\u00e9 pour la revendication et les mouvements qui la portent : tout un syst\u00e8me de r\u00e9seaux se met en place et une nouvelle g\u00e9n\u00e9ration de militants commence \u00e0 \u00e9merger.<\/p>\n<p>Dans les ann\u00e9es suivantes, alors que le F\u00e9librige peine \u00e0 se relancer, l\u2019occitanisme se fait triomphant. Malgr\u00e9 les querelles qui peuvent opposer les deux camps, une nouvelle revendication se fait jour qui r\u00e9v\u00e8le autant les lignes de fractures qui traversent le mouvement d\u2019oc que celles qui, dans la soci\u00e9t\u00e9 fran\u00e7aise, partagent opposants et soutiens des langues dites r\u00e9gionales. C\u2019est ce que montrent les d\u00e9bats internes sur la p\u00e9dagogie et les \u00e2pres discussions autour de la loi Deixonne.<\/p>\n","protected":false},"excerpt":{"rendered":"<p>Les ann\u00e9es 1930 voient une mont\u00e9e des revendications en faveur de la langue occitane et en particulier de son enseignement. Avec la d\u00e9faite de 1940 et la mise en place de l\u2019\u00c9tat fran\u00e7ais du mar\u00e9chal P\u00e9tain, cette revendication se trouve relanc\u00e9e. Communaut\u00e9 d\u2019id\u00e9e avec le nouveau r\u00e9gime pour les uns, pragmatisme pour les autres, il [&hellip;]<\/p>\n","protected":false},"featured_media":52490,"template":"","meta":{"_acf_changed":false,"_genesis_hide_title":false,"_genesis_hide_breadcrumbs":false,"_genesis_hide_singular_image":false,"_genesis_hide_footer_widgets":false,"_genesis_custom_body_class":"","_genesis_custom_post_class":"","_genesis_layout":""},"product_brand":[],"product_cat":[7159,7149,7133],"product_tag":[],"class_list":{"0":"post-52498","1":"product","2":"type-product","3":"status-publish","4":"has-post-thumbnail","6":"product_cat-istoria-moderna-e-contemporala-oc","7":"product_cat-istoria-geografia-oc","8":"product_cat-libres-oc","9":"pa_auteur-lespoux-yan-oc","10":"pa_editeur-pu-mediterranee-oc","11":"pa_langue-francais-oc","12":"entry","14":"first","15":"instock","16":"shipping-taxable","17":"purchasable","18":"product-type-simple"},"acf":[],"_links":{"self":[{"href":"https:\/\/www.libraria-occitana.org\/oc\/wp-json\/wp\/v2\/product\/52498","targetHints":{"allow":["GET"]}}],"collection":[{"href":"https:\/\/www.libraria-occitana.org\/oc\/wp-json\/wp\/v2\/product"}],"about":[{"href":"https:\/\/www.libraria-occitana.org\/oc\/wp-json\/wp\/v2\/types\/product"}],"wp:featuredmedia":[{"embeddable":true,"href":"https:\/\/www.libraria-occitana.org\/oc\/wp-json\/wp\/v2\/media\/52490"}],"wp:attachment":[{"href":"https:\/\/www.libraria-occitana.org\/oc\/wp-json\/wp\/v2\/media?parent=52498"}],"wp:term":[{"taxonomy":"product_brand","embeddable":true,"href":"https:\/\/www.libraria-occitana.org\/oc\/wp-json\/wp\/v2\/product_brand?post=52498"},{"taxonomy":"product_cat","embeddable":true,"href":"https:\/\/www.libraria-occitana.org\/oc\/wp-json\/wp\/v2\/product_cat?post=52498"},{"taxonomy":"product_tag","embeddable":true,"href":"https:\/\/www.libraria-occitana.org\/oc\/wp-json\/wp\/v2\/product_tag?post=52498"}],"curies":[{"name":"wp","href":"https:\/\/api.w.org\/{rel}","templated":true}]}}