{"id":52561,"date":"2020-09-24T14:04:33","date_gmt":"2020-09-24T12:04:33","guid":{"rendered":"http:\/\/www.libraria-occitana.org\/?post_type=product&#038;p=52561"},"modified":"2026-04-15T21:21:15","modified_gmt":"2026-04-15T19:21:15","slug":"mots-doc-mots-dici-chroniques-savoureuses-autour-de-loccitan","status":"publish","type":"product","link":"https:\/\/www.libraria-occitana.org\/oc\/produch\/mots-doc-mots-dici-chroniques-savoureuses-autour-de-loccitan\/","title":{"rendered":"Mots d&#8217;oc, mots d&#8217;ici : Chroniques savoureuses autour de l&#8217;occitan"},"content":{"rendered":"<p>Attention, l&#8217;occitan est partout et vous surprend l\u00e0 o\u00f9 vous ne l&#8217;attendez pas ! Cette langue g\u00e9n\u00e9reuse a offert tant de mots du quotidien \u00e0 la langue fran\u00e7aise : p\u00e9tanque, <em>qu&#8217;es aqu\u00f2<\/em> (parfois orthographi\u00e9 <em>kezako<\/em>), bidasse, castagne, gnaque&#8230; Ainsi, vous parlez d\u00e9j\u00e0 occitan sans vous en rendre compte !<br \/>\nL&#8217;occitan n&#8217;est pas une langue du pass\u00e9, mais bien une langue capable de s&#8217;adapter \u00e0 l&#8217;\u00e9volution de notre soci\u00e9t\u00e9. Pour preuve, tant de n\u00e9ologismes savoureux \u00e0 d\u00e9couvrir dans cet ouvrage : comment dit-on en occitan selfie, trottinette ou encore tablette tactile ?<br \/>\nQue vous parliez occitan ou non, que vous habitiez en Pays d&#8217;oc ou ailleurs, quel plaisir de d\u00e9couvrir ou de red\u00e9couvrir, au d\u00e9tour de ces chroniques savoureuses, ces mots, ces expressions et tant d&#8217;autres curiosit\u00e9s venant de cette belle langue d&#8217;oc.<\/p>\n","protected":false},"excerpt":{"rendered":"<p>Attention, l&#8217;occitan est partout et vous surprend l\u00e0 o\u00f9 vous ne l&#8217;attendez pas ! Cette langue g\u00e9n\u00e9reuse a offert tant de mots du quotidien \u00e0 la langue fran\u00e7aise : p\u00e9tanque, qu&#8217;es aqu\u00f2 (parfois orthographi\u00e9 kezako), bidasse, castagne, gnaque&#8230; Ainsi, vous parlez d\u00e9j\u00e0 occitan sans vous en rendre compte ! L&#8217;occitan n&#8217;est pas une langue du [&hellip;]<\/p>\n","protected":false},"featured_media":52564,"template":"","meta":{"_acf_changed":false,"_genesis_hide_title":false,"_genesis_hide_breadcrumbs":false,"_genesis_hide_singular_image":false,"_genesis_hide_footer_widgets":false,"_genesis_custom_body_class":"","_genesis_custom_post_class":"","_genesis_layout":""},"product_brand":[],"product_cat":[7137,7133,7147],"product_tag":[],"class_list":{"0":"post-52561","1":"product","2":"type-product","3":"status-publish","4":"has-post-thumbnail","6":"product_cat-diccionaris-lenga-escolar-oc","7":"product_cat-libres-oc","8":"product_cat-vocabulari-biais-de-dire-oc","9":"pa_auteur-delbes-geraud-oc","10":"pa_editeur-privat-oc","11":"pa_langue-francais-oc","12":"pa_langue-occitan-oc","13":"pa_langue-occitan-lengadocian-oc","14":"entry","16":"first","17":"instock","18":"shipping-taxable","19":"purchasable","20":"product-type-simple"},"acf":[],"_links":{"self":[{"href":"https:\/\/www.libraria-occitana.org\/oc\/wp-json\/wp\/v2\/product\/52561","targetHints":{"allow":["GET"]}}],"collection":[{"href":"https:\/\/www.libraria-occitana.org\/oc\/wp-json\/wp\/v2\/product"}],"about":[{"href":"https:\/\/www.libraria-occitana.org\/oc\/wp-json\/wp\/v2\/types\/product"}],"wp:featuredmedia":[{"embeddable":true,"href":"https:\/\/www.libraria-occitana.org\/oc\/wp-json\/wp\/v2\/media\/52564"}],"wp:attachment":[{"href":"https:\/\/www.libraria-occitana.org\/oc\/wp-json\/wp\/v2\/media?parent=52561"}],"wp:term":[{"taxonomy":"product_brand","embeddable":true,"href":"https:\/\/www.libraria-occitana.org\/oc\/wp-json\/wp\/v2\/product_brand?post=52561"},{"taxonomy":"product_cat","embeddable":true,"href":"https:\/\/www.libraria-occitana.org\/oc\/wp-json\/wp\/v2\/product_cat?post=52561"},{"taxonomy":"product_tag","embeddable":true,"href":"https:\/\/www.libraria-occitana.org\/oc\/wp-json\/wp\/v2\/product_tag?post=52561"}],"curies":[{"name":"wp","href":"https:\/\/api.w.org\/{rel}","templated":true}]}}